{"id":19135,"date":"2024-06-13T14:24:42","date_gmt":"2024-06-13T14:24:42","guid":{"rendered":"https:\/\/www.epaunova.com\/?page_id=19135"},"modified":"2024-09-24T08:52:11","modified_gmt":"2024-09-24T08:52:11","slug":"bias-polycotton","status":"publish","type":"page","link":"https:\/\/www.epaunova.com\/de\/bias-polycotton\/","title":{"rendered":"Bias Polycotton"},"content":{"rendered":"<div data-elementor-type=\"wp-page\" data-elementor-id=\"19135\" class=\"elementor elementor-19135\" data-elementor-post-type=\"page\">\n\t\t\t\t\t\t<section data-particle_enable=\"false\" data-particle-mobile-disabled=\"false\" class=\"elementor-section elementor-top-section elementor-element elementor-element-0c4d861 elementor-section-full_width elementor-section-stretched elementor-section-height-default elementor-section-height-default\" data-id=\"0c4d861\" data-element_type=\"section\" data-settings=\"{&quot;stretch_section&quot;:&quot;section-stretched&quot;}\">\n\t\t\t\t\t\t<div class=\"elementor-container elementor-column-gap-default\">\n\t\t\t\t\t<div class=\"elementor-column elementor-col-100 elementor-top-column elementor-element elementor-element-bc30ebb\" data-id=\"bc30ebb\" data-element_type=\"column\">\n\t\t\t<div class=\"elementor-widget-wrap elementor-element-populated\">\n\t\t\t\t\t\t<div class=\"elementor-element elementor-element-e2121a6 elementor-widget elementor-widget-heading\" data-id=\"e2121a6\" data-element_type=\"widget\" data-widget_type=\"heading.default\">\n\t\t\t\t<div class=\"elementor-widget-container\">\n\t\t\t<h2 class=\"elementor-heading-title elementor-size-default\">D\u00e9couvrez nos Biais Polycoton<\/h2>\t\t<\/div>\n\t\t\t\t<\/div>\n\t\t\t\t<div class=\"elementor-element elementor-element-084db05 text-center elementor-widget elementor-widget-tp-advanced-typography\" data-id=\"084db05\" data-element_type=\"widget\" data-widget_type=\"tp-advanced-typography.default\">\n\t\t\t\t<div class=\"elementor-widget-container\">\n\t\t\t<div id=\"at084db05\" class=\"pt-plus-adv-typo-wrapper\"><div class=\"pt_plus_adv_typo_block   none\"><span id=\"advtypo6a046f7e2b117\" class=\"text-content-block\"  style=\"\"  >Un m\u00e9lange parfait de douceur du coton et de la durabilit\u00e9 du polyester, offrant une finition r\u00e9sistante et facile d'entretien pour toutes vos cr\u00e9ations.<\/span><\/div><\/div>\t\t<\/div>\n\t\t\t\t<\/div>\n\t\t\t\t\t<\/div>\n\t\t<\/div>\n\t\t\t\t\t<\/div>\n\t\t<\/section>\n\t\t\t\t<section data-particle_enable=\"false\" data-particle-mobile-disabled=\"false\" class=\"elementor-section elementor-top-section elementor-element elementor-element-6b6fe09 elementor-section-full_width elementor-section-stretched elementor-section-height-default elementor-section-height-default\" data-id=\"6b6fe09\" data-element_type=\"section\" data-settings=\"{&quot;stretch_section&quot;:&quot;section-stretched&quot;}\">\n\t\t\t\t\t\t<div class=\"elementor-container elementor-column-gap-default\">\n\t\t\t\t\t<div class=\"elementor-column elementor-col-100 elementor-top-column elementor-element elementor-element-ca206bc\" data-id=\"ca206bc\" data-element_type=\"column\">\n\t\t\t<div class=\"elementor-widget-wrap elementor-element-populated\">\n\t\t\t\t\t\t<div class=\"elementor-element elementor-element-56c71fe elementor-product-loop-item--align-center elementor-grid-mobile-1 elementor-grid-4 elementor-grid-tablet-3 elementor-products-grid elementor-wc-products elementor-widget elementor-widget-woocommerce-products\" data-id=\"56c71fe\" data-element_type=\"widget\" data-widget_type=\"woocommerce-products.default\">\n\t\t\t\t<div class=\"elementor-widget-container\">\n\t\t\t<div class=\"woocommerce columns-4\"><ul class=\"products elementor-grid columns-4\">\n<li class=\"has-post-thumbnail product type-product post-14863 status-publish first instock product_cat-35-cotton-65-polyester product_cat-biais product_tag-biais product_tag-polycoton shipping-taxable product-type-simple\">\n\t<div class=\"item\">\t\t\t<div class=\"lte-image\">\r\n\t\t<img fetchpriority=\"high\" decoding=\"async\" width=\"480\" height=\"655\" src=\"https:\/\/www.epaunova.com\/wp-content\/uploads\/2020\/05\/Polycotton-01-1.jpg\" class=\"attachment-woocommerce_thumbnail size-woocommerce_thumbnail\" alt=\"\" srcset=\"https:\/\/www.epaunova.com\/wp-content\/uploads\/2020\/05\/Polycotton-01-1.jpg 480w, https:\/\/www.epaunova.com\/wp-content\/uploads\/2020\/05\/Polycotton-01-1-220x300.jpg 220w, https:\/\/www.epaunova.com\/wp-content\/uploads\/2020\/05\/Polycotton-01-1-9x12.jpg 9w, https:\/\/www.epaunova.com\/wp-content\/uploads\/2020\/05\/Polycotton-01-1-385x525.jpg 385w, https:\/\/www.epaunova.com\/wp-content\/uploads\/2020\/05\/Polycotton-01-1-403x550.jpg 403w\" sizes=\"(max-width: 480px) 100vw, 480px\" \/><\/div><div class=\"lte-item-descr\"><a href=\"https:\/\/www.epaunova.com\/de\/nos-produits\/accessoires-vetements\/biais\/01-3\/\"><h2 class=\"woocommerce-loop-product__title\">Nuances de Rose \u2013 Rouge profond<\/h2><\/a>\n<a href=\"https:\/\/www.epaunova.com\/de\/nos-produits\/accessoires-vetements\/biais\/01-3\/\" aria-describedby=\"woocommerce_loop_add_to_cart_link_describedby_14863\" data-quantity=\"1\" class=\"button product_type_simple\" data-product_id=\"14863\" data-product_sku=\"\" aria-label=\"Lese mehr \u00fcber \u201eNuances de Rose \u2013 Rouge profond\u201c\" rel=\"nofollow\" data-success_message=\"\" data-no-translation=\"\" data-trp-gettext=\"\" data-no-translation-aria-label=\"\">Weiterlesen<\/a>\t<span id=\"woocommerce_loop_add_to_cart_link_describedby_14863\" class=\"screen-reader-text\">\n\t\t\t<\/span>\n<\/div>\r\n\t\t\t<\/div><\/li>\n<li class=\"has-post-thumbnail product type-product post-14864 status-publish instock product_cat-35-cotton-65-polyester product_cat-biais product_tag-biais product_tag-polycoton shipping-taxable product-type-simple\">\n\t<div class=\"item\">\t\t\t<div class=\"lte-image\">\r\n\t\t<img decoding=\"async\" width=\"480\" height=\"655\" data-src=\"https:\/\/www.epaunova.com\/wp-content\/uploads\/2020\/05\/Polycotton-02-5.jpg\" class=\"attachment-woocommerce_thumbnail size-woocommerce_thumbnail lazyload\" alt=\"\" data-srcset=\"https:\/\/www.epaunova.com\/wp-content\/uploads\/2020\/05\/Polycotton-02-5.jpg 480w, https:\/\/www.epaunova.com\/wp-content\/uploads\/2020\/05\/Polycotton-02-5-220x300.jpg 220w, https:\/\/www.epaunova.com\/wp-content\/uploads\/2020\/05\/Polycotton-02-5-9x12.jpg 9w, https:\/\/www.epaunova.com\/wp-content\/uploads\/2020\/05\/Polycotton-02-5-385x525.jpg 385w, https:\/\/www.epaunova.com\/wp-content\/uploads\/2020\/05\/Polycotton-02-5-403x550.jpg 403w\" data-sizes=\"(max-width: 480px) 100vw, 480px\" src=\"data:image\/gif;base64,R0lGODlhAQABAAAAACH5BAEKAAEALAAAAAABAAEAAAICTAEAOw==\" style=\"--smush-placeholder-width: 480px; --smush-placeholder-aspect-ratio: 480\/655;\" \/><noscript><img decoding=\"async\" width=\"480\" height=\"655\" src=\"https:\/\/www.epaunova.com\/wp-content\/uploads\/2020\/05\/Polycotton-02-5.jpg\" class=\"attachment-woocommerce_thumbnail size-woocommerce_thumbnail\" alt=\"\" srcset=\"https:\/\/www.epaunova.com\/wp-content\/uploads\/2020\/05\/Polycotton-02-5.jpg 480w, https:\/\/www.epaunova.com\/wp-content\/uploads\/2020\/05\/Polycotton-02-5-220x300.jpg 220w, https:\/\/www.epaunova.com\/wp-content\/uploads\/2020\/05\/Polycotton-02-5-9x12.jpg 9w, https:\/\/www.epaunova.com\/wp-content\/uploads\/2020\/05\/Polycotton-02-5-385x525.jpg 385w, https:\/\/www.epaunova.com\/wp-content\/uploads\/2020\/05\/Polycotton-02-5-403x550.jpg 403w\" sizes=\"(max-width: 480px) 100vw, 480px\" \/><\/noscript><\/div><div class=\"lte-item-descr\"><a href=\"https:\/\/www.epaunova.com\/de\/nos-produits\/accessoires-vetements\/biais\/02-3\/\"><h2 class=\"woocommerce-loop-product__title\">Nuances de Jaune \u2013 Orange &#8211; Vert<\/h2><\/a>\n<a href=\"https:\/\/www.epaunova.com\/de\/nos-produits\/accessoires-vetements\/biais\/02-3\/\" aria-describedby=\"woocommerce_loop_add_to_cart_link_describedby_14864\" data-quantity=\"1\" class=\"button product_type_simple\" data-product_id=\"14864\" data-product_sku=\"\" aria-label=\"Lese mehr \u00fcber \u201eNuances de Jaune \u2013 Orange - Vert\u201c\" rel=\"nofollow\" data-success_message=\"\" data-no-translation=\"\" data-trp-gettext=\"\" data-no-translation-aria-label=\"\">Weiterlesen<\/a>\t<span id=\"woocommerce_loop_add_to_cart_link_describedby_14864\" class=\"screen-reader-text\">\n\t\t\t<\/span>\n<\/div>\r\n\t\t\t<\/div><\/li>\n<li class=\"has-post-thumbnail product type-product post-14865 status-publish instock product_cat-35-cotton-65-polyester product_cat-biais product_tag-biais product_tag-polycoton shipping-taxable product-type-simple\">\n\t<div class=\"item\">\t\t\t<div class=\"lte-image\">\r\n\t\t<img decoding=\"async\" width=\"480\" height=\"655\" data-src=\"https:\/\/www.epaunova.com\/wp-content\/uploads\/2020\/05\/Polycotton-03-1.jpg\" class=\"attachment-woocommerce_thumbnail size-woocommerce_thumbnail lazyload\" alt=\"\" data-srcset=\"https:\/\/www.epaunova.com\/wp-content\/uploads\/2020\/05\/Polycotton-03-1.jpg 480w, https:\/\/www.epaunova.com\/wp-content\/uploads\/2020\/05\/Polycotton-03-1-220x300.jpg 220w, https:\/\/www.epaunova.com\/wp-content\/uploads\/2020\/05\/Polycotton-03-1-9x12.jpg 9w, https:\/\/www.epaunova.com\/wp-content\/uploads\/2020\/05\/Polycotton-03-1-385x525.jpg 385w, https:\/\/www.epaunova.com\/wp-content\/uploads\/2020\/05\/Polycotton-03-1-403x550.jpg 403w\" data-sizes=\"(max-width: 480px) 100vw, 480px\" src=\"data:image\/gif;base64,R0lGODlhAQABAAAAACH5BAEKAAEALAAAAAABAAEAAAICTAEAOw==\" style=\"--smush-placeholder-width: 480px; --smush-placeholder-aspect-ratio: 480\/655;\" \/><noscript><img decoding=\"async\" width=\"480\" height=\"655\" src=\"https:\/\/www.epaunova.com\/wp-content\/uploads\/2020\/05\/Polycotton-03-1.jpg\" class=\"attachment-woocommerce_thumbnail size-woocommerce_thumbnail\" alt=\"\" srcset=\"https:\/\/www.epaunova.com\/wp-content\/uploads\/2020\/05\/Polycotton-03-1.jpg 480w, https:\/\/www.epaunova.com\/wp-content\/uploads\/2020\/05\/Polycotton-03-1-220x300.jpg 220w, https:\/\/www.epaunova.com\/wp-content\/uploads\/2020\/05\/Polycotton-03-1-9x12.jpg 9w, https:\/\/www.epaunova.com\/wp-content\/uploads\/2020\/05\/Polycotton-03-1-385x525.jpg 385w, https:\/\/www.epaunova.com\/wp-content\/uploads\/2020\/05\/Polycotton-03-1-403x550.jpg 403w\" sizes=\"(max-width: 480px) 100vw, 480px\" \/><\/noscript><\/div><div class=\"lte-item-descr\"><a href=\"https:\/\/www.epaunova.com\/de\/nos-produits\/accessoires-vetements\/biais\/03-3\/\"><h2 class=\"woocommerce-loop-product__title\">Nuances de Bleu \u2013 Vert Fonc\u00e9<\/h2><\/a>\n<a href=\"https:\/\/www.epaunova.com\/de\/nos-produits\/accessoires-vetements\/biais\/03-3\/\" aria-describedby=\"woocommerce_loop_add_to_cart_link_describedby_14865\" data-quantity=\"1\" class=\"button product_type_simple\" data-product_id=\"14865\" data-product_sku=\"\" aria-label=\"Lese mehr \u00fcber \u201eNuances de Bleu \u2013 Vert Fonc\u00e9\u201c\" rel=\"nofollow\" data-success_message=\"\" data-no-translation=\"\" data-trp-gettext=\"\" data-no-translation-aria-label=\"\">Weiterlesen<\/a>\t<span id=\"woocommerce_loop_add_to_cart_link_describedby_14865\" class=\"screen-reader-text\">\n\t\t\t<\/span>\n<\/div>\r\n\t\t\t<\/div><\/li>\n<li class=\"has-post-thumbnail product type-product post-14866 status-publish last instock product_cat-35-cotton-65-polyester product_cat-biais product_tag-biais product_tag-polycoton shipping-taxable product-type-simple\">\n\t<div class=\"item\">\t\t\t<div class=\"lte-image\">\r\n\t\t<img decoding=\"async\" width=\"480\" height=\"655\" data-src=\"https:\/\/www.epaunova.com\/wp-content\/uploads\/2019\/06\/polycotton-04-2.jpg\" class=\"attachment-woocommerce_thumbnail size-woocommerce_thumbnail lazyload\" alt=\"\" data-srcset=\"https:\/\/www.epaunova.com\/wp-content\/uploads\/2019\/06\/polycotton-04-2.jpg 480w, https:\/\/www.epaunova.com\/wp-content\/uploads\/2019\/06\/polycotton-04-2-220x300.jpg 220w, https:\/\/www.epaunova.com\/wp-content\/uploads\/2019\/06\/polycotton-04-2-9x12.jpg 9w, https:\/\/www.epaunova.com\/wp-content\/uploads\/2019\/06\/polycotton-04-2-385x525.jpg 385w, https:\/\/www.epaunova.com\/wp-content\/uploads\/2019\/06\/polycotton-04-2-403x550.jpg 403w\" data-sizes=\"(max-width: 480px) 100vw, 480px\" src=\"data:image\/gif;base64,R0lGODlhAQABAAAAACH5BAEKAAEALAAAAAABAAEAAAICTAEAOw==\" style=\"--smush-placeholder-width: 480px; --smush-placeholder-aspect-ratio: 480\/655;\" \/><noscript><img loading=\"lazy\" decoding=\"async\" width=\"480\" height=\"655\" src=\"https:\/\/www.epaunova.com\/wp-content\/uploads\/2019\/06\/polycotton-04-2.jpg\" class=\"attachment-woocommerce_thumbnail size-woocommerce_thumbnail\" alt=\"\" srcset=\"https:\/\/www.epaunova.com\/wp-content\/uploads\/2019\/06\/polycotton-04-2.jpg 480w, https:\/\/www.epaunova.com\/wp-content\/uploads\/2019\/06\/polycotton-04-2-220x300.jpg 220w, https:\/\/www.epaunova.com\/wp-content\/uploads\/2019\/06\/polycotton-04-2-9x12.jpg 9w, https:\/\/www.epaunova.com\/wp-content\/uploads\/2019\/06\/polycotton-04-2-385x525.jpg 385w, https:\/\/www.epaunova.com\/wp-content\/uploads\/2019\/06\/polycotton-04-2-403x550.jpg 403w\" sizes=\"(max-width: 480px) 100vw, 480px\" \/><\/noscript><\/div><div class=\"lte-item-descr\"><a href=\"https:\/\/www.epaunova.com\/de\/nos-produits\/accessoires-vetements\/biais\/04-2\/\"><h2 class=\"woocommerce-loop-product__title\">Nuances Beige \u2013 Gris \u2013 Violet<\/h2><\/a>\n<a href=\"https:\/\/www.epaunova.com\/de\/nos-produits\/accessoires-vetements\/biais\/04-2\/\" aria-describedby=\"woocommerce_loop_add_to_cart_link_describedby_14866\" data-quantity=\"1\" class=\"button product_type_simple\" data-product_id=\"14866\" data-product_sku=\"\" aria-label=\"Lese mehr \u00fcber \u201eNuances Beige \u2013 Gris \u2013 Violet\u201c\" rel=\"nofollow\" data-success_message=\"\" data-no-translation=\"\" data-trp-gettext=\"\" data-no-translation-aria-label=\"\">Weiterlesen<\/a>\t<span id=\"woocommerce_loop_add_to_cart_link_describedby_14866\" class=\"screen-reader-text\">\n\t\t\t<\/span>\n<\/div>\r\n\t\t\t<\/div><\/li>\n<\/ul>\n<\/div>\t\t<\/div>\n\t\t\t\t<\/div>\n\t\t\t\t\t<\/div>\n\t\t<\/div>\n\t\t\t\t\t<\/div>\n\t\t<\/section>\n\t\t\t\t<section data-particle_enable=\"false\" data-particle-mobile-disabled=\"false\" class=\"elementor-section elementor-top-section elementor-element elementor-element-cef3f0c elementor-hidden-widescreen elementor-hidden-desktop elementor-hidden-laptop elementor-hidden-tablet elementor-hidden-mobile_extra elementor-hidden-mobile elementor-section-boxed elementor-section-height-default elementor-section-height-default\" data-id=\"cef3f0c\" data-element_type=\"section\">\n\t\t\t\t\t\t<div class=\"elementor-container elementor-column-gap-default\">\n\t\t\t\t\t<div class=\"elementor-column elementor-col-100 elementor-top-column elementor-element elementor-element-c76f730\" data-id=\"c76f730\" data-element_type=\"column\">\n\t\t\t<div class=\"elementor-widget-wrap elementor-element-populated\">\n\t\t\t\t\t\t<div class=\"elementor-element elementor-element-fcab6b4 elementor-widget elementor-widget-text-editor\" data-id=\"fcab6b4\" data-element_type=\"widget\" data-widget_type=\"text-editor.default\">\n\t\t\t\t<div class=\"elementor-widget-container\">\n\t\t\t\t\t\t\t<h5>Pour obtenir un aper\u00e7u complet de tous nos produits et bien plus encore , t\u00e9l\u00e9chargez notre dernier catalogue d&rsquo;\u00e9paulettes .<\/h5>\t\t\t\t\t\t<\/div>\n\t\t\t\t<\/div>\n\t\t\t\t<div class=\"elementor-element elementor-element-616fae0 animated-slow loginButton elementor-align-center elementor-invisible elementor-widget elementor-widget-button\" data-id=\"616fae0\" data-element_type=\"widget\" data-settings=\"{&quot;_animation&quot;:&quot;fadeIn&quot;}\" data-widget_type=\"button.default\">\n\t\t\t\t<div class=\"elementor-widget-container\">\n\t\t\t\t\t\t\t<div class=\"elementor-button-wrapper\">\n\t\t\t\t\t<a class=\"elementor-button elementor-button-link elementor-size-sm\" href=\"https:\/\/www.epaunova.com\/wp-content\/uploads\/2019\/06\/EPAU-NOVA-COLLECTION-MASCULINE-21-22.pdf\">\n\t\t\t\t\t\t<span class=\"elementor-button-content-wrapper\">\n\t\t\t\t\t\t\t\t\t<span class=\"elementor-button-text\">Herunterladen<\/span>\n\t\t\t\t\t<\/span>\n\t\t\t\t\t<\/a>\n\t\t\t\t<\/div>\n\t\t\t\t\t\t<\/div>\n\t\t\t\t<\/div>\n\t\t\t\t\t<\/div>\n\t\t<\/div>\n\t\t\t\t\t<\/div>\n\t\t<\/section>\n\t\t\t\t<\/div>","protected":false},"excerpt":{"rendered":"<p>D\u00e9couvrez nos Biais Polycoton Un m\u00e9lange parfait de douceur du coton et de la durabilit\u00e9 du polyester, offrant une finition r\u00e9sistante et facile d&rsquo;entretien pour toutes vos cr\u00e9ations. Pour obtenir un aper\u00e7u complet de tous nos produits et bien plus encore , t\u00e9l\u00e9chargez notre dernier catalogue d&rsquo;\u00e9paulettes . T\u00e9l\u00e9charger<\/p>","protected":false},"author":2,"featured_media":18281,"parent":0,"menu_order":0,"comment_status":"closed","ping_status":"closed","template":"","meta":{"footnotes":""},"class_list":["post-19135","page","type-page","status-publish","has-post-thumbnail","hentry"],"_links":{"self":[{"href":"https:\/\/www.epaunova.com\/de\/wp-json\/wp\/v2\/pages\/19135","targetHints":{"allow":["GET"]}}],"collection":[{"href":"https:\/\/www.epaunova.com\/de\/wp-json\/wp\/v2\/pages"}],"about":[{"href":"https:\/\/www.epaunova.com\/de\/wp-json\/wp\/v2\/types\/page"}],"author":[{"embeddable":true,"href":"https:\/\/www.epaunova.com\/de\/wp-json\/wp\/v2\/users\/2"}],"replies":[{"embeddable":true,"href":"https:\/\/www.epaunova.com\/de\/wp-json\/wp\/v2\/comments?post=19135"}],"version-history":[{"count":0,"href":"https:\/\/www.epaunova.com\/de\/wp-json\/wp\/v2\/pages\/19135\/revisions"}],"wp:featuredmedia":[{"embeddable":true,"href":"https:\/\/www.epaunova.com\/de\/wp-json\/wp\/v2\/media\/18281"}],"wp:attachment":[{"href":"https:\/\/www.epaunova.com\/de\/wp-json\/wp\/v2\/media?parent=19135"}],"curies":[{"name":"wp","href":"https:\/\/api.w.org\/{rel}","templated":true}]}}