{"id":19153,"date":"2024-06-13T14:33:18","date_gmt":"2024-06-13T14:33:18","guid":{"rendered":"https:\/\/www.epaunova.com\/?page_id=19153"},"modified":"2024-09-24T15:07:53","modified_gmt":"2024-09-24T15:07:53","slug":"hausses-de-ceinture","status":"publish","type":"page","link":"https:\/\/www.epaunova.com\/de\/hausses-de-ceinture\/","title":{"rendered":"G\u00fcrtel erh\u00f6ht sich"},"content":{"rendered":"<div data-elementor-type=\"wp-page\" data-elementor-id=\"19153\" class=\"elementor elementor-19153\" data-elementor-post-type=\"page\">\n\t\t\t\t\t\t<section data-particle_enable=\"false\" data-particle-mobile-disabled=\"false\" class=\"elementor-section elementor-top-section elementor-element elementor-element-e5d950f elementor-section-stretched elementor-section-boxed elementor-section-height-default elementor-section-height-default\" data-id=\"e5d950f\" data-element_type=\"section\" data-settings=\"{&quot;stretch_section&quot;:&quot;section-stretched&quot;}\">\n\t\t\t\t\t\t<div class=\"elementor-container elementor-column-gap-default\">\n\t\t\t\t\t<div class=\"elementor-column elementor-col-100 elementor-top-column elementor-element elementor-element-16181a0\" data-id=\"16181a0\" data-element_type=\"column\">\n\t\t\t<div class=\"elementor-widget-wrap elementor-element-populated\">\n\t\t\t\t\t\t<div class=\"elementor-element elementor-element-f5a16be elementor-widget elementor-widget-heading\" data-id=\"f5a16be\" data-element_type=\"widget\" data-widget_type=\"heading.default\">\n\t\t\t\t<div class=\"elementor-widget-container\">\n\t\t\t<h2 class=\"elementor-heading-title elementor-size-default\">Entdecken Sie unsere G\u00fcrtelerh\u00f6hungen<\/h2>\t\t<\/div>\n\t\t\t\t<\/div>\n\t\t\t\t<div class=\"elementor-element elementor-element-e7fe2d1 text-center elementor-widget elementor-widget-tp-advanced-typography\" data-id=\"e7fe2d1\" data-element_type=\"widget\" data-widget_type=\"tp-advanced-typography.default\">\n\t\t\t\t<div class=\"elementor-widget-container\">\n\t\t\t<div id=\"ate7fe2d1\" class=\"pt-plus-adv-typo-wrapper\"><div class=\"pt_plus_adv_typo_block   none\"><span id=\"advtypo69f27bca4d4b4\" class=\"text-content-block\"  style=\"\"  >Con\u00e7ues pour offrir confort et maintien tout en rehaussant l'\u00e9l\u00e9gance de vos v\u00eatements. <br>Fabriqu\u00e9es avec soin, nos hausses sont disponibles en diverses tailles et dimensions, r\u00e9pondant ainsi aux exigences sp\u00e9cifiques de chaque client. <br>Nous nous engageons \u00e0 offrir des solutions sur mesure qui s'adaptent parfaitement \u00e0 vos besoins, tout en garantissant un ajustement pr\u00e9cis et une finition d'une qualit\u00e9 irr\u00e9prochable.<\/span><\/div><\/div>\t\t<\/div>\n\t\t\t\t<\/div>\n\t\t\t\t<div class=\"elementor-element elementor-element-fc28a58 elementor-absolute elementor-hidden-mobile_extra elementor-hidden-mobile elementor-hidden-widescreen elementor-hidden-desktop elementor-hidden-laptop elementor-hidden-tablet elementor-widget elementor-widget-image\" data-id=\"fc28a58\" data-element_type=\"widget\" data-settings=\"{&quot;_position&quot;:&quot;absolute&quot;}\" data-widget_type=\"image.default\">\n\t\t\t\t<div class=\"elementor-widget-container\">\n\t\t\t\t\t\t\t\t\t\t\t\t\t<img fetchpriority=\"high\" decoding=\"async\" width=\"3052\" height=\"844\" src=\"https:\/\/www.epaunova.com\/wp-content\/uploads\/2024\/09\/MOTIF.png\" class=\"attachment-full size-full wp-image-22097\" alt=\"MOTIF\" srcset=\"https:\/\/www.epaunova.com\/wp-content\/uploads\/2024\/09\/MOTIF.png 3052w, https:\/\/www.epaunova.com\/wp-content\/uploads\/2024\/09\/MOTIF-300x83.png 300w, https:\/\/www.epaunova.com\/wp-content\/uploads\/2024\/09\/MOTIF-1024x283.png 1024w, https:\/\/www.epaunova.com\/wp-content\/uploads\/2024\/09\/MOTIF-768x212.png 768w, https:\/\/www.epaunova.com\/wp-content\/uploads\/2024\/09\/MOTIF-1536x425.png 1536w, https:\/\/www.epaunova.com\/wp-content\/uploads\/2024\/09\/MOTIF-2048x566.png 2048w, https:\/\/www.epaunova.com\/wp-content\/uploads\/2024\/09\/MOTIF-18x5.png 18w, https:\/\/www.epaunova.com\/wp-content\/uploads\/2024\/09\/MOTIF-800x221.png 800w, https:\/\/www.epaunova.com\/wp-content\/uploads\/2024\/09\/MOTIF-550x152.png 550w, https:\/\/www.epaunova.com\/wp-content\/uploads\/2024\/09\/MOTIF-480x133.png 480w, https:\/\/www.epaunova.com\/wp-content\/uploads\/2024\/09\/MOTIF-600x166.png 600w\" sizes=\"(max-width: 3052px) 100vw, 3052px\" \/>\t\t\t\t\t\t\t\t\t\t\t\t\t<\/div>\n\t\t\t\t<\/div>\n\t\t\t\t<div class=\"elementor-element elementor-element-db8b971 elementor-absolute elementor-hidden-widescreen elementor-hidden-desktop elementor-hidden-laptop elementor-hidden-tablet elementor-hidden-mobile_extra elementor-hidden-mobile elementor-widget elementor-widget-image\" data-id=\"db8b971\" data-element_type=\"widget\" data-settings=\"{&quot;_position&quot;:&quot;absolute&quot;}\" data-widget_type=\"image.default\">\n\t\t\t\t<div class=\"elementor-widget-container\">\n\t\t\t\t\t\t\t\t\t\t\t\t\t<img decoding=\"async\" width=\"3052\" height=\"844\" data-src=\"https:\/\/www.epaunova.com\/wp-content\/uploads\/2024\/09\/MOTIF2.png\" class=\"attachment-full size-full wp-image-22098 lazyload\" alt=\"Motif\" data-srcset=\"https:\/\/www.epaunova.com\/wp-content\/uploads\/2024\/09\/MOTIF2.png 3052w, https:\/\/www.epaunova.com\/wp-content\/uploads\/2024\/09\/MOTIF2-300x83.png 300w, https:\/\/www.epaunova.com\/wp-content\/uploads\/2024\/09\/MOTIF2-1024x283.png 1024w, https:\/\/www.epaunova.com\/wp-content\/uploads\/2024\/09\/MOTIF2-768x212.png 768w, https:\/\/www.epaunova.com\/wp-content\/uploads\/2024\/09\/MOTIF2-1536x425.png 1536w, https:\/\/www.epaunova.com\/wp-content\/uploads\/2024\/09\/MOTIF2-2048x566.png 2048w, https:\/\/www.epaunova.com\/wp-content\/uploads\/2024\/09\/MOTIF2-18x5.png 18w, https:\/\/www.epaunova.com\/wp-content\/uploads\/2024\/09\/MOTIF2-800x221.png 800w, https:\/\/www.epaunova.com\/wp-content\/uploads\/2024\/09\/MOTIF2-550x152.png 550w, https:\/\/www.epaunova.com\/wp-content\/uploads\/2024\/09\/MOTIF2-480x133.png 480w, https:\/\/www.epaunova.com\/wp-content\/uploads\/2024\/09\/MOTIF2-600x166.png 600w\" data-sizes=\"(max-width: 3052px) 100vw, 3052px\" src=\"data:image\/gif;base64,R0lGODlhAQABAAAAACH5BAEKAAEALAAAAAABAAEAAAICTAEAOw==\" style=\"--smush-placeholder-width: 3052px; --smush-placeholder-aspect-ratio: 3052\/844;\" \/><noscript><img decoding=\"async\" width=\"3052\" height=\"844\" src=\"https:\/\/www.epaunova.com\/wp-content\/uploads\/2024\/09\/MOTIF2.png\" class=\"attachment-full size-full wp-image-22098\" alt=\"Motif\" srcset=\"https:\/\/www.epaunova.com\/wp-content\/uploads\/2024\/09\/MOTIF2.png 3052w, https:\/\/www.epaunova.com\/wp-content\/uploads\/2024\/09\/MOTIF2-300x83.png 300w, https:\/\/www.epaunova.com\/wp-content\/uploads\/2024\/09\/MOTIF2-1024x283.png 1024w, https:\/\/www.epaunova.com\/wp-content\/uploads\/2024\/09\/MOTIF2-768x212.png 768w, https:\/\/www.epaunova.com\/wp-content\/uploads\/2024\/09\/MOTIF2-1536x425.png 1536w, https:\/\/www.epaunova.com\/wp-content\/uploads\/2024\/09\/MOTIF2-2048x566.png 2048w, https:\/\/www.epaunova.com\/wp-content\/uploads\/2024\/09\/MOTIF2-18x5.png 18w, https:\/\/www.epaunova.com\/wp-content\/uploads\/2024\/09\/MOTIF2-800x221.png 800w, https:\/\/www.epaunova.com\/wp-content\/uploads\/2024\/09\/MOTIF2-550x152.png 550w, https:\/\/www.epaunova.com\/wp-content\/uploads\/2024\/09\/MOTIF2-480x133.png 480w, https:\/\/www.epaunova.com\/wp-content\/uploads\/2024\/09\/MOTIF2-600x166.png 600w\" sizes=\"(max-width: 3052px) 100vw, 3052px\" \/><\/noscript>\t\t\t\t\t\t\t\t\t\t\t\t\t<\/div>\n\t\t\t\t<\/div>\n\t\t\t\t\t<\/div>\n\t\t<\/div>\n\t\t\t\t\t<\/div>\n\t\t<\/section>\n\t\t\t\t<section data-particle_enable=\"false\" data-particle-mobile-disabled=\"false\" class=\"elementor-section elementor-top-section elementor-element elementor-element-e033c14 elementor-section-stretched elementor-section-boxed elementor-section-height-default elementor-section-height-default\" data-id=\"e033c14\" data-element_type=\"section\" data-settings=\"{&quot;stretch_section&quot;:&quot;section-stretched&quot;}\">\n\t\t\t\t\t\t<div class=\"elementor-container elementor-column-gap-default\">\n\t\t\t\t\t<div class=\"elementor-column elementor-col-33 elementor-top-column elementor-element elementor-element-89963e6\" data-id=\"89963e6\" data-element_type=\"column\">\n\t\t\t<div class=\"elementor-widget-wrap elementor-element-populated\">\n\t\t\t\t\t\t<div class=\"elementor-element elementor-element-6d68fa0 elementor-widget elementor-widget-image\" data-id=\"6d68fa0\" data-element_type=\"widget\" data-widget_type=\"image.default\">\n\t\t\t\t<div class=\"elementor-widget-container\">\n\t\t\t\t\t\t\t\t\t\t\t\t\t\t<a href=\"https:\/\/www.epaunova.com\/wp-content\/uploads\/2024\/07\/Artboard-11.jpg\" data-elementor-open-lightbox=\"yes\" data-e-action-hash=\"#elementor-action%3Aaction%3Dlightbox%26settings%3DeyJpZCI6MjAzMDEsInVybCI6Imh0dHBzOlwvXC93d3cuZXBhdW5vdmEuY29tXC93cC1jb250ZW50XC91cGxvYWRzXC8yMDI0XC8wN1wvQXJ0Ym9hcmQtMTEuanBnIn0%3D\">\n\t\t\t\t\t\t\t<img decoding=\"async\" width=\"480\" height=\"655\" data-src=\"https:\/\/www.epaunova.com\/wp-content\/uploads\/2024\/07\/Artboard-11.jpg\" class=\"attachment-full size-full wp-image-20301 lazyload\" alt=\"\" data-srcset=\"https:\/\/www.epaunova.com\/wp-content\/uploads\/2024\/07\/Artboard-11.jpg 480w, https:\/\/www.epaunova.com\/wp-content\/uploads\/2024\/07\/Artboard-11-220x300.jpg 220w, https:\/\/www.epaunova.com\/wp-content\/uploads\/2024\/07\/Artboard-11-9x12.jpg 9w, https:\/\/www.epaunova.com\/wp-content\/uploads\/2024\/07\/Artboard-11-385x525.jpg 385w, https:\/\/www.epaunova.com\/wp-content\/uploads\/2024\/07\/Artboard-11-403x550.jpg 403w\" data-sizes=\"(max-width: 480px) 100vw, 480px\" src=\"data:image\/gif;base64,R0lGODlhAQABAAAAACH5BAEKAAEALAAAAAABAAEAAAICTAEAOw==\" style=\"--smush-placeholder-width: 480px; --smush-placeholder-aspect-ratio: 480\/655;\" \/><noscript><img decoding=\"async\" width=\"480\" height=\"655\" src=\"https:\/\/www.epaunova.com\/wp-content\/uploads\/2024\/07\/Artboard-11.jpg\" class=\"attachment-full size-full wp-image-20301\" alt=\"\" srcset=\"https:\/\/www.epaunova.com\/wp-content\/uploads\/2024\/07\/Artboard-11.jpg 480w, https:\/\/www.epaunova.com\/wp-content\/uploads\/2024\/07\/Artboard-11-220x300.jpg 220w, https:\/\/www.epaunova.com\/wp-content\/uploads\/2024\/07\/Artboard-11-9x12.jpg 9w, https:\/\/www.epaunova.com\/wp-content\/uploads\/2024\/07\/Artboard-11-385x525.jpg 385w, https:\/\/www.epaunova.com\/wp-content\/uploads\/2024\/07\/Artboard-11-403x550.jpg 403w\" sizes=\"(max-width: 480px) 100vw, 480px\" \/><\/noscript>\t\t\t\t\t\t\t\t<\/a>\n\t\t\t\t\t\t\t\t\t\t\t\t\t<\/div>\n\t\t\t\t<\/div>\n\t\t\t\t\t<\/div>\n\t\t<\/div>\n\t\t\t\t<div class=\"elementor-column elementor-col-33 elementor-top-column elementor-element elementor-element-010a47c\" data-id=\"010a47c\" data-element_type=\"column\">\n\t\t\t<div class=\"elementor-widget-wrap elementor-element-populated\">\n\t\t\t\t\t\t<div class=\"elementor-element elementor-element-8ca9bfc elementor-widget elementor-widget-image\" data-id=\"8ca9bfc\" data-element_type=\"widget\" data-widget_type=\"image.default\">\n\t\t\t\t<div class=\"elementor-widget-container\">\n\t\t\t\t\t\t\t\t\t\t\t\t\t\t<a href=\"https:\/\/www.epaunova.com\/wp-content\/uploads\/2024\/07\/Artboard-10-copy.jpg\" data-elementor-open-lightbox=\"yes\" data-e-action-hash=\"#elementor-action%3Aaction%3Dlightbox%26settings%3DeyJpZCI6MjAyOTksInVybCI6Imh0dHBzOlwvXC93d3cuZXBhdW5vdmEuY29tXC93cC1jb250ZW50XC91cGxvYWRzXC8yMDI0XC8wN1wvQXJ0Ym9hcmQtMTAtY29weS5qcGcifQ%3D%3D\">\n\t\t\t\t\t\t\t<img decoding=\"async\" width=\"480\" height=\"655\" data-src=\"https:\/\/www.epaunova.com\/wp-content\/uploads\/2024\/07\/Artboard-10-copy.jpg\" class=\"attachment-full size-full wp-image-20299 lazyload\" alt=\"\" data-srcset=\"https:\/\/www.epaunova.com\/wp-content\/uploads\/2024\/07\/Artboard-10-copy.jpg 480w, https:\/\/www.epaunova.com\/wp-content\/uploads\/2024\/07\/Artboard-10-copy-220x300.jpg 220w, https:\/\/www.epaunova.com\/wp-content\/uploads\/2024\/07\/Artboard-10-copy-9x12.jpg 9w, https:\/\/www.epaunova.com\/wp-content\/uploads\/2024\/07\/Artboard-10-copy-385x525.jpg 385w, https:\/\/www.epaunova.com\/wp-content\/uploads\/2024\/07\/Artboard-10-copy-403x550.jpg 403w\" data-sizes=\"(max-width: 480px) 100vw, 480px\" src=\"data:image\/gif;base64,R0lGODlhAQABAAAAACH5BAEKAAEALAAAAAABAAEAAAICTAEAOw==\" style=\"--smush-placeholder-width: 480px; --smush-placeholder-aspect-ratio: 480\/655;\" \/><noscript><img loading=\"lazy\" decoding=\"async\" width=\"480\" height=\"655\" src=\"https:\/\/www.epaunova.com\/wp-content\/uploads\/2024\/07\/Artboard-10-copy.jpg\" class=\"attachment-full size-full wp-image-20299\" alt=\"\" srcset=\"https:\/\/www.epaunova.com\/wp-content\/uploads\/2024\/07\/Artboard-10-copy.jpg 480w, https:\/\/www.epaunova.com\/wp-content\/uploads\/2024\/07\/Artboard-10-copy-220x300.jpg 220w, https:\/\/www.epaunova.com\/wp-content\/uploads\/2024\/07\/Artboard-10-copy-9x12.jpg 9w, https:\/\/www.epaunova.com\/wp-content\/uploads\/2024\/07\/Artboard-10-copy-385x525.jpg 385w, https:\/\/www.epaunova.com\/wp-content\/uploads\/2024\/07\/Artboard-10-copy-403x550.jpg 403w\" sizes=\"(max-width: 480px) 100vw, 480px\" \/><\/noscript>\t\t\t\t\t\t\t\t<\/a>\n\t\t\t\t\t\t\t\t\t\t\t\t\t<\/div>\n\t\t\t\t<\/div>\n\t\t\t\t\t<\/div>\n\t\t<\/div>\n\t\t\t\t<div class=\"elementor-column elementor-col-33 elementor-top-column elementor-element elementor-element-e6adb2d\" data-id=\"e6adb2d\" data-element_type=\"column\">\n\t\t\t<div class=\"elementor-widget-wrap elementor-element-populated\">\n\t\t\t\t\t\t<div class=\"elementor-element elementor-element-ccdd166 elementor-widget elementor-widget-image\" data-id=\"ccdd166\" data-element_type=\"widget\" data-widget_type=\"image.default\">\n\t\t\t\t<div class=\"elementor-widget-container\">\n\t\t\t\t\t\t\t\t\t\t\t\t\t\t<a href=\"https:\/\/www.epaunova.com\/wp-content\/uploads\/2024\/07\/Artboard-10.jpg\" data-elementor-open-lightbox=\"yes\" data-e-action-hash=\"#elementor-action%3Aaction%3Dlightbox%26settings%3DeyJpZCI6MjAzMDAsInVybCI6Imh0dHBzOlwvXC93d3cuZXBhdW5vdmEuY29tXC93cC1jb250ZW50XC91cGxvYWRzXC8yMDI0XC8wN1wvQXJ0Ym9hcmQtMTAuanBnIn0%3D\">\n\t\t\t\t\t\t\t<img decoding=\"async\" width=\"480\" height=\"655\" data-src=\"https:\/\/www.epaunova.com\/wp-content\/uploads\/2024\/07\/Artboard-10.jpg\" class=\"attachment-full size-full wp-image-20300 lazyload\" alt=\"\" data-srcset=\"https:\/\/www.epaunova.com\/wp-content\/uploads\/2024\/07\/Artboard-10.jpg 480w, https:\/\/www.epaunova.com\/wp-content\/uploads\/2024\/07\/Artboard-10-220x300.jpg 220w, https:\/\/www.epaunova.com\/wp-content\/uploads\/2024\/07\/Artboard-10-9x12.jpg 9w, https:\/\/www.epaunova.com\/wp-content\/uploads\/2024\/07\/Artboard-10-385x525.jpg 385w, https:\/\/www.epaunova.com\/wp-content\/uploads\/2024\/07\/Artboard-10-403x550.jpg 403w\" data-sizes=\"(max-width: 480px) 100vw, 480px\" src=\"data:image\/gif;base64,R0lGODlhAQABAAAAACH5BAEKAAEALAAAAAABAAEAAAICTAEAOw==\" style=\"--smush-placeholder-width: 480px; --smush-placeholder-aspect-ratio: 480\/655;\" \/><noscript><img loading=\"lazy\" decoding=\"async\" width=\"480\" height=\"655\" src=\"https:\/\/www.epaunova.com\/wp-content\/uploads\/2024\/07\/Artboard-10.jpg\" class=\"attachment-full size-full wp-image-20300\" alt=\"\" srcset=\"https:\/\/www.epaunova.com\/wp-content\/uploads\/2024\/07\/Artboard-10.jpg 480w, https:\/\/www.epaunova.com\/wp-content\/uploads\/2024\/07\/Artboard-10-220x300.jpg 220w, https:\/\/www.epaunova.com\/wp-content\/uploads\/2024\/07\/Artboard-10-9x12.jpg 9w, https:\/\/www.epaunova.com\/wp-content\/uploads\/2024\/07\/Artboard-10-385x525.jpg 385w, https:\/\/www.epaunova.com\/wp-content\/uploads\/2024\/07\/Artboard-10-403x550.jpg 403w\" sizes=\"(max-width: 480px) 100vw, 480px\" \/><\/noscript>\t\t\t\t\t\t\t\t<\/a>\n\t\t\t\t\t\t\t\t\t\t\t\t\t<\/div>\n\t\t\t\t<\/div>\n\t\t\t\t\t<\/div>\n\t\t<\/div>\n\t\t\t\t\t<\/div>\n\t\t<\/section>\n\t\t\t\t<section data-particle_enable=\"false\" data-particle-mobile-disabled=\"false\" class=\"elementor-section elementor-top-section elementor-element elementor-element-b8383db elementor-hidden-widescreen elementor-hidden-desktop elementor-hidden-laptop elementor-hidden-tablet elementor-hidden-mobile_extra elementor-hidden-mobile elementor-section-boxed elementor-section-height-default elementor-section-height-default\" data-id=\"b8383db\" data-element_type=\"section\">\n\t\t\t\t\t\t<div class=\"elementor-container elementor-column-gap-default\">\n\t\t\t\t\t<div class=\"elementor-column elementor-col-100 elementor-top-column elementor-element elementor-element-4a0df0c\" data-id=\"4a0df0c\" data-element_type=\"column\">\n\t\t\t<div class=\"elementor-widget-wrap elementor-element-populated\">\n\t\t\t\t\t\t<div class=\"elementor-element elementor-element-4036788 animated-slow loginButton elementor-align-center elementor-invisible elementor-widget elementor-widget-button\" data-id=\"4036788\" data-element_type=\"widget\" data-settings=\"{&quot;_animation&quot;:&quot;fadeIn&quot;}\" data-widget_type=\"button.default\">\n\t\t\t\t<div class=\"elementor-widget-container\">\n\t\t\t\t\t\t\t<div class=\"elementor-button-wrapper\">\n\t\t\t\t\t<a class=\"elementor-button elementor-button-link elementor-size-sm\" href=\"https:\/\/www.epaunova.com\/wp-content\/uploads\/2019\/06\/EPAU-NOVA-collections-ete-2021-catalogue-femme.pdf\">\n\t\t\t\t\t\t<span class=\"elementor-button-content-wrapper\">\n\t\t\t\t\t\t\t\t\t<span class=\"elementor-button-text\">Herunterladen<\/span>\n\t\t\t\t\t<\/span>\n\t\t\t\t\t<\/a>\n\t\t\t\t<\/div>\n\t\t\t\t\t\t<\/div>\n\t\t\t\t<\/div>\n\t\t\t\t\t<\/div>\n\t\t<\/div>\n\t\t\t\t\t<\/div>\n\t\t<\/section>\n\t\t\t\t<\/div>","protected":false},"excerpt":{"rendered":"<p>D\u00e9couvrez nos Hausses de Ceintures Con\u00e7ues pour offrir confort et maintien tout en rehaussant l&rsquo;\u00e9l\u00e9gance de vos v\u00eatements. Fabriqu\u00e9es avec soin, nos hausses sont disponibles en diverses tailles et dimensions, r\u00e9pondant ainsi aux exigences sp\u00e9cifiques de chaque client. Nous nous engageons \u00e0 offrir des solutions sur mesure qui s&rsquo;adaptent parfaitement \u00e0 vos besoins, tout en garantissant un ajustement pr\u00e9cis et une finition d&rsquo;une qualit\u00e9 irr\u00e9prochable. T\u00e9l\u00e9charger<\/p>","protected":false},"author":2,"featured_media":18281,"parent":0,"menu_order":0,"comment_status":"closed","ping_status":"closed","template":"","meta":{"footnotes":""},"class_list":["post-19153","page","type-page","status-publish","has-post-thumbnail","hentry"],"_links":{"self":[{"href":"https:\/\/www.epaunova.com\/de\/wp-json\/wp\/v2\/pages\/19153","targetHints":{"allow":["GET"]}}],"collection":[{"href":"https:\/\/www.epaunova.com\/de\/wp-json\/wp\/v2\/pages"}],"about":[{"href":"https:\/\/www.epaunova.com\/de\/wp-json\/wp\/v2\/types\/page"}],"author":[{"embeddable":true,"href":"https:\/\/www.epaunova.com\/de\/wp-json\/wp\/v2\/users\/2"}],"replies":[{"embeddable":true,"href":"https:\/\/www.epaunova.com\/de\/wp-json\/wp\/v2\/comments?post=19153"}],"version-history":[{"count":0,"href":"https:\/\/www.epaunova.com\/de\/wp-json\/wp\/v2\/pages\/19153\/revisions"}],"wp:featuredmedia":[{"embeddable":true,"href":"https:\/\/www.epaunova.com\/de\/wp-json\/wp\/v2\/media\/18281"}],"wp:attachment":[{"href":"https:\/\/www.epaunova.com\/de\/wp-json\/wp\/v2\/media?parent=19153"}],"curies":[{"name":"wp","href":"https:\/\/api.w.org\/{rel}","templated":true}]}}