{"id":20445,"date":"2024-07-31T09:27:58","date_gmt":"2024-07-31T09:27:58","guid":{"rendered":"https:\/\/www.epaunova.com\/?page_id=20445"},"modified":"2024-09-23T13:04:26","modified_gmt":"2024-09-23T13:04:26","slug":"cintre-pour-manteaux-et-vestes","status":"publish","type":"page","link":"https:\/\/www.epaunova.com\/de\/cintre-pour-manteaux-et-vestes\/","title":{"rendered":"Cintre pour Manteaux et vestes"},"content":{"rendered":"<div data-elementor-type=\"wp-page\" data-elementor-id=\"20445\" class=\"elementor elementor-20445\" data-elementor-post-type=\"page\">\n\t\t\t\t\t\t<section data-particle_enable=\"false\" data-particle-mobile-disabled=\"false\" class=\"elementor-section elementor-top-section elementor-element elementor-element-81a9467 elementor-section-boxed elementor-section-height-default elementor-section-height-default\" data-id=\"81a9467\" data-element_type=\"section\">\n\t\t\t\t\t\t<div class=\"elementor-container elementor-column-gap-default\">\n\t\t\t\t\t<div class=\"elementor-column elementor-col-100 elementor-top-column elementor-element elementor-element-26fb476\" data-id=\"26fb476\" data-element_type=\"column\">\n\t\t\t<div class=\"elementor-widget-wrap elementor-element-populated\">\n\t\t\t\t\t\t<div class=\"elementor-element elementor-element-4d9a2da elementor-widget elementor-widget-heading\" data-id=\"4d9a2da\" data-element_type=\"widget\" data-widget_type=\"heading.default\">\n\t\t\t\t<div class=\"elementor-widget-container\">\n\t\t\t<h2 class=\"elementor-heading-title elementor-size-default\">Pr\u00e9servez la Qualit\u00e9 de vos Manteaux et Vestes<\/h2>\t\t<\/div>\n\t\t\t\t<\/div>\n\t\t\t\t<div class=\"elementor-element elementor-element-e4a16df text-center elementor-widget elementor-widget-tp-advanced-typography\" data-id=\"e4a16df\" data-element_type=\"widget\" data-widget_type=\"tp-advanced-typography.default\">\n\t\t\t\t<div class=\"elementor-widget-container\">\n\t\t\t<div id=\"ate4a16df\" class=\"pt-plus-adv-typo-wrapper\"><div class=\"pt_plus_adv_typo_block   none\"><span id=\"advtypo69f296d9a7f56\" class=\"text-content-block\"  style=\"\"  >Nos solutions personnalis\u00e9es sont essentielles pour prolonger la dur\u00e9e de vie de vos manteaux et vestes, en les maintenant en parfait \u00e9tat entre chaque utilisation. Gr\u00e2ce \u00e0 nos options sur mesure, vous pouvez adapter la protection \u00e0 vos besoins sp\u00e9cifiques.<\/span><\/div><\/div>\t\t<\/div>\n\t\t\t\t<\/div>\n\t\t\t\t<div class=\"elementor-element elementor-element-91256d4 elementor-absolute elementor-widget elementor-widget-image\" data-id=\"91256d4\" data-element_type=\"widget\" data-settings=\"{&quot;_position&quot;:&quot;absolute&quot;}\" data-widget_type=\"image.default\">\n\t\t\t\t<div class=\"elementor-widget-container\">\n\t\t\t\t\t\t\t\t\t\t\t\t\t<img fetchpriority=\"high\" decoding=\"async\" width=\"3052\" height=\"844\" src=\"https:\/\/www.epaunova.com\/wp-content\/uploads\/2024\/09\/MOTIF.png\" class=\"attachment-full size-full wp-image-22097\" alt=\"MOTIF\" srcset=\"https:\/\/www.epaunova.com\/wp-content\/uploads\/2024\/09\/MOTIF.png 3052w, https:\/\/www.epaunova.com\/wp-content\/uploads\/2024\/09\/MOTIF-300x83.png 300w, https:\/\/www.epaunova.com\/wp-content\/uploads\/2024\/09\/MOTIF-1024x283.png 1024w, https:\/\/www.epaunova.com\/wp-content\/uploads\/2024\/09\/MOTIF-768x212.png 768w, https:\/\/www.epaunova.com\/wp-content\/uploads\/2024\/09\/MOTIF-1536x425.png 1536w, https:\/\/www.epaunova.com\/wp-content\/uploads\/2024\/09\/MOTIF-2048x566.png 2048w, https:\/\/www.epaunova.com\/wp-content\/uploads\/2024\/09\/MOTIF-18x5.png 18w, https:\/\/www.epaunova.com\/wp-content\/uploads\/2024\/09\/MOTIF-800x221.png 800w, https:\/\/www.epaunova.com\/wp-content\/uploads\/2024\/09\/MOTIF-550x152.png 550w, https:\/\/www.epaunova.com\/wp-content\/uploads\/2024\/09\/MOTIF-480x133.png 480w, https:\/\/www.epaunova.com\/wp-content\/uploads\/2024\/09\/MOTIF-600x166.png 600w\" sizes=\"(max-width: 3052px) 100vw, 3052px\" \/>\t\t\t\t\t\t\t\t\t\t\t\t\t<\/div>\n\t\t\t\t<\/div>\n\t\t\t\t<div class=\"elementor-element elementor-element-2a1bf3b elementor-absolute elementor-widget elementor-widget-image\" data-id=\"2a1bf3b\" data-element_type=\"widget\" data-settings=\"{&quot;_position&quot;:&quot;absolute&quot;}\" data-widget_type=\"image.default\">\n\t\t\t\t<div class=\"elementor-widget-container\">\n\t\t\t\t\t\t\t\t\t\t\t\t\t<img decoding=\"async\" width=\"3052\" height=\"844\" data-src=\"https:\/\/www.epaunova.com\/wp-content\/uploads\/2024\/09\/MOTIF2.png\" class=\"attachment-full size-full wp-image-22098 lazyload\" alt=\"Motif\" data-srcset=\"https:\/\/www.epaunova.com\/wp-content\/uploads\/2024\/09\/MOTIF2.png 3052w, https:\/\/www.epaunova.com\/wp-content\/uploads\/2024\/09\/MOTIF2-300x83.png 300w, https:\/\/www.epaunova.com\/wp-content\/uploads\/2024\/09\/MOTIF2-1024x283.png 1024w, https:\/\/www.epaunova.com\/wp-content\/uploads\/2024\/09\/MOTIF2-768x212.png 768w, https:\/\/www.epaunova.com\/wp-content\/uploads\/2024\/09\/MOTIF2-1536x425.png 1536w, https:\/\/www.epaunova.com\/wp-content\/uploads\/2024\/09\/MOTIF2-2048x566.png 2048w, https:\/\/www.epaunova.com\/wp-content\/uploads\/2024\/09\/MOTIF2-18x5.png 18w, https:\/\/www.epaunova.com\/wp-content\/uploads\/2024\/09\/MOTIF2-800x221.png 800w, https:\/\/www.epaunova.com\/wp-content\/uploads\/2024\/09\/MOTIF2-550x152.png 550w, https:\/\/www.epaunova.com\/wp-content\/uploads\/2024\/09\/MOTIF2-480x133.png 480w, https:\/\/www.epaunova.com\/wp-content\/uploads\/2024\/09\/MOTIF2-600x166.png 600w\" data-sizes=\"(max-width: 3052px) 100vw, 3052px\" src=\"data:image\/gif;base64,R0lGODlhAQABAAAAACH5BAEKAAEALAAAAAABAAEAAAICTAEAOw==\" style=\"--smush-placeholder-width: 3052px; --smush-placeholder-aspect-ratio: 3052\/844;\" \/><noscript><img decoding=\"async\" width=\"3052\" height=\"844\" src=\"https:\/\/www.epaunova.com\/wp-content\/uploads\/2024\/09\/MOTIF2.png\" class=\"attachment-full size-full wp-image-22098\" alt=\"Motif\" srcset=\"https:\/\/www.epaunova.com\/wp-content\/uploads\/2024\/09\/MOTIF2.png 3052w, https:\/\/www.epaunova.com\/wp-content\/uploads\/2024\/09\/MOTIF2-300x83.png 300w, https:\/\/www.epaunova.com\/wp-content\/uploads\/2024\/09\/MOTIF2-1024x283.png 1024w, https:\/\/www.epaunova.com\/wp-content\/uploads\/2024\/09\/MOTIF2-768x212.png 768w, https:\/\/www.epaunova.com\/wp-content\/uploads\/2024\/09\/MOTIF2-1536x425.png 1536w, https:\/\/www.epaunova.com\/wp-content\/uploads\/2024\/09\/MOTIF2-2048x566.png 2048w, https:\/\/www.epaunova.com\/wp-content\/uploads\/2024\/09\/MOTIF2-18x5.png 18w, https:\/\/www.epaunova.com\/wp-content\/uploads\/2024\/09\/MOTIF2-800x221.png 800w, https:\/\/www.epaunova.com\/wp-content\/uploads\/2024\/09\/MOTIF2-550x152.png 550w, https:\/\/www.epaunova.com\/wp-content\/uploads\/2024\/09\/MOTIF2-480x133.png 480w, https:\/\/www.epaunova.com\/wp-content\/uploads\/2024\/09\/MOTIF2-600x166.png 600w\" sizes=\"(max-width: 3052px) 100vw, 3052px\" \/><\/noscript>\t\t\t\t\t\t\t\t\t\t\t\t\t<\/div>\n\t\t\t\t<\/div>\n\t\t\t\t\t<\/div>\n\t\t<\/div>\n\t\t\t\t\t<\/div>\n\t\t<\/section>\n\t\t\t\t<section data-particle_enable=\"false\" data-particle-mobile-disabled=\"false\" class=\"elementor-section elementor-top-section elementor-element elementor-element-9bea2f3 elementor-section-boxed elementor-section-height-default elementor-section-height-default\" data-id=\"9bea2f3\" data-element_type=\"section\">\n\t\t\t\t\t\t<div class=\"elementor-container elementor-column-gap-default\">\n\t\t\t\t\t<div class=\"elementor-column elementor-col-33 elementor-top-column elementor-element elementor-element-f38149f animated-slow elementor-invisible\" data-id=\"f38149f\" data-element_type=\"column\" data-settings=\"{&quot;animation&quot;:&quot;fadeIn&quot;}\">\n\t\t\t<div class=\"elementor-widget-wrap elementor-element-populated\">\n\t\t\t\t\t\t<div class=\"elementor-element elementor-element-ec90629 elementor-widget elementor-widget-ucaddon_uc_carousel_image\" data-id=\"ec90629\" data-element_type=\"widget\" data-widget_type=\"ucaddon_uc_carousel_image.default\">\n\t\t\t\t<div class=\"elementor-widget-container\">\n\t\t\t\n<!-- start Carousel Gallery -->\n\t\t<link id='unitegallery-css' href='https:\/\/www.epaunova.com\/wp-content\/plugins\/unlimited-elements-for-elementor-premium\/assets_libraries\/unitegallery\/css\/unite-gallery.css' type='text\/css' rel='stylesheet' >\n\n\n<div id=\"uc_uc_carousel_image_elementor_ec90629\" style=\"display:none;\" class=\"uc-items-wrapper\" data-custom-sethtml=\"true\" >\n\n\n<img decoding=\"async\" alt=\"photo-1\"\n   data-src=\"https:\/\/www.epaunova.com\/wp-content\/uploads\/2024\/09\/photo-1.png\"\n    data-image=\"https:\/\/www.epaunova.com\/wp-content\/uploads\/2024\/09\/photo-1.png\"\n    data-title=\"photo-1\" src=\"data:image\/gif;base64,R0lGODlhAQABAAAAACH5BAEKAAEALAAAAAABAAEAAAICTAEAOw==\" class=\"lazyload\" style=\"--smush-placeholder-width: 480px; --smush-placeholder-aspect-ratio: 480\/655;\"><noscript><img decoding=\"async\" alt=\"photo-1\"\n   src=\"https:\/\/www.epaunova.com\/wp-content\/uploads\/2024\/09\/photo-1.png\"\n    data-image=\"https:\/\/www.epaunova.com\/wp-content\/uploads\/2024\/09\/photo-1.png\"\n    data-title=\"photo-1\"><\/noscript>\n\n<img decoding=\"async\" alt=\"protege-cintre-01\"\n   data-src=\"https:\/\/www.epaunova.com\/wp-content\/uploads\/2020\/05\/protege-cintre-1-768x542.jpg\"\n    data-image=\"https:\/\/www.epaunova.com\/wp-content\/uploads\/2020\/05\/protege-cintre-1.jpg\"\n    data-title=\"protege-cintre-01\" src=\"data:image\/gif;base64,R0lGODlhAQABAAAAACH5BAEKAAEALAAAAAABAAEAAAICTAEAOw==\" class=\"lazyload\" style=\"--smush-placeholder-width: 768px; --smush-placeholder-aspect-ratio: 768\/542;\"><noscript><img decoding=\"async\" alt=\"protege-cintre-01\"\n   src=\"https:\/\/www.epaunova.com\/wp-content\/uploads\/2020\/05\/protege-cintre-1-768x542.jpg\"\n    data-image=\"https:\/\/www.epaunova.com\/wp-content\/uploads\/2020\/05\/protege-cintre-1.jpg\"\n    data-title=\"protege-cintre-01\"><\/noscript>\n\n<img decoding=\"async\" alt=\"protege-cintre-01\"\n   data-src=\"https:\/\/www.epaunova.com\/wp-content\/uploads\/2020\/05\/protege-cintre-01.jpg\"\n    data-image=\"https:\/\/www.epaunova.com\/wp-content\/uploads\/2020\/05\/protege-cintre-01.jpg\"\n    data-title=\"protege-cintre-01\" src=\"data:image\/gif;base64,R0lGODlhAQABAAAAACH5BAEKAAEALAAAAAABAAEAAAICTAEAOw==\" class=\"lazyload\" style=\"--smush-placeholder-width: 480px; --smush-placeholder-aspect-ratio: 480\/655;\"><noscript><img decoding=\"async\" alt=\"protege-cintre-01\"\n   src=\"https:\/\/www.epaunova.com\/wp-content\/uploads\/2020\/05\/protege-cintre-01.jpg\"\n    data-image=\"https:\/\/www.epaunova.com\/wp-content\/uploads\/2020\/05\/protege-cintre-01.jpg\"\n    data-title=\"protege-cintre-01\"><\/noscript>\n\n  \n<\/div>\n<!-- end Carousel Gallery -->\t\t<\/div>\n\t\t\t\t<\/div>\n\t\t\t\t\t<\/div>\n\t\t<\/div>\n\t\t\t\t<div class=\"elementor-column elementor-col-33 elementor-top-column elementor-element elementor-element-86612c4 animated-slow elementor-invisible\" data-id=\"86612c4\" data-element_type=\"column\" data-settings=\"{&quot;animation&quot;:&quot;fadeIn&quot;}\">\n\t\t\t<div class=\"elementor-widget-wrap elementor-element-populated\">\n\t\t\t\t\t\t<div class=\"elementor-element elementor-element-8dea01c elementor-widget elementor-widget-ucaddon_uc_carousel_image\" data-id=\"8dea01c\" data-element_type=\"widget\" data-widget_type=\"ucaddon_uc_carousel_image.default\">\n\t\t\t\t<div class=\"elementor-widget-container\">\n\t\t\t\n<!-- start Carousel Gallery -->\n\n\n<div id=\"uc_uc_carousel_image_elementor_8dea01c\" style=\"display:none;\" class=\"uc-items-wrapper\" data-custom-sethtml=\"true\" >\n\n\n<img decoding=\"async\" alt=\"Protege-pince-2\"\n   data-src=\"https:\/\/www.epaunova.com\/wp-content\/uploads\/2020\/05\/Protege-pince-2.jpg\"\n    data-image=\"https:\/\/www.epaunova.com\/wp-content\/uploads\/2020\/05\/Protege-pince-2.jpg\"\n    data-title=\"Protege-pince-2\" src=\"data:image\/gif;base64,R0lGODlhAQABAAAAACH5BAEKAAEALAAAAAABAAEAAAICTAEAOw==\" class=\"lazyload\" style=\"--smush-placeholder-width: 480px; --smush-placeholder-aspect-ratio: 480\/655;\"><noscript><img decoding=\"async\" alt=\"Protege-pince-2\"\n   src=\"https:\/\/www.epaunova.com\/wp-content\/uploads\/2020\/05\/Protege-pince-2.jpg\"\n    data-image=\"https:\/\/www.epaunova.com\/wp-content\/uploads\/2020\/05\/Protege-pince-2.jpg\"\n    data-title=\"Protege-pince-2\"><\/noscript>\n\n<img decoding=\"async\" alt=\"protege-cintre-02\"\n   data-src=\"https:\/\/www.epaunova.com\/wp-content\/uploads\/2024\/05\/protege-cintre-2-768x542.jpg\"\n    data-image=\"https:\/\/www.epaunova.com\/wp-content\/uploads\/2024\/05\/protege-cintre-2.jpg\"\n    data-title=\"protege-cintre-02\" src=\"data:image\/gif;base64,R0lGODlhAQABAAAAACH5BAEKAAEALAAAAAABAAEAAAICTAEAOw==\" class=\"lazyload\" style=\"--smush-placeholder-width: 768px; --smush-placeholder-aspect-ratio: 768\/542;\"><noscript><img decoding=\"async\" alt=\"protege-cintre-02\"\n   src=\"https:\/\/www.epaunova.com\/wp-content\/uploads\/2024\/05\/protege-cintre-2-768x542.jpg\"\n    data-image=\"https:\/\/www.epaunova.com\/wp-content\/uploads\/2024\/05\/protege-cintre-2.jpg\"\n    data-title=\"protege-cintre-02\"><\/noscript>\n\n<img decoding=\"async\" alt=\"protege-cintre-02\"\n   data-src=\"https:\/\/www.epaunova.com\/wp-content\/uploads\/2024\/05\/protege-cintre-02.jpg\"\n    data-image=\"https:\/\/www.epaunova.com\/wp-content\/uploads\/2024\/05\/protege-cintre-02.jpg\"\n    data-title=\"protege-cintre-02\" src=\"data:image\/gif;base64,R0lGODlhAQABAAAAACH5BAEKAAEALAAAAAABAAEAAAICTAEAOw==\" class=\"lazyload\" style=\"--smush-placeholder-width: 480px; --smush-placeholder-aspect-ratio: 480\/655;\"><noscript><img decoding=\"async\" alt=\"protege-cintre-02\"\n   src=\"https:\/\/www.epaunova.com\/wp-content\/uploads\/2024\/05\/protege-cintre-02.jpg\"\n    data-image=\"https:\/\/www.epaunova.com\/wp-content\/uploads\/2024\/05\/protege-cintre-02.jpg\"\n    data-title=\"protege-cintre-02\"><\/noscript>\n\n  \n<\/div>\n<!-- end Carousel Gallery -->\t\t<\/div>\n\t\t\t\t<\/div>\n\t\t\t\t\t<\/div>\n\t\t<\/div>\n\t\t\t\t<div class=\"elementor-column elementor-col-33 elementor-top-column elementor-element elementor-element-f43ee64 animated-slow elementor-invisible\" data-id=\"f43ee64\" data-element_type=\"column\" data-settings=\"{&quot;animation&quot;:&quot;fadeIn&quot;}\">\n\t\t\t<div class=\"elementor-widget-wrap elementor-element-populated\">\n\t\t\t\t\t\t<div class=\"elementor-element elementor-element-533cd72 elementor-widget elementor-widget-ucaddon_uc_carousel_image\" data-id=\"533cd72\" data-element_type=\"widget\" data-widget_type=\"ucaddon_uc_carousel_image.default\">\n\t\t\t\t<div class=\"elementor-widget-container\">\n\t\t\t\n<!-- start Carousel Gallery -->\n\n\n<div id=\"uc_uc_carousel_image_elementor_533cd72\" style=\"display:none;\" class=\"uc-items-wrapper\" data-custom-sethtml=\"true\" >\n\n\n<img decoding=\"async\" alt=\"Protege-pince-3\"\n   data-src=\"https:\/\/www.epaunova.com\/wp-content\/uploads\/2020\/05\/Protege-pince-3.jpg\"\n    data-image=\"https:\/\/www.epaunova.com\/wp-content\/uploads\/2020\/05\/Protege-pince-3.jpg\"\n    data-title=\"Protege-pince-3\" src=\"data:image\/gif;base64,R0lGODlhAQABAAAAACH5BAEKAAEALAAAAAABAAEAAAICTAEAOw==\" class=\"lazyload\" style=\"--smush-placeholder-width: 480px; --smush-placeholder-aspect-ratio: 480\/655;\"><noscript><img decoding=\"async\" alt=\"Protege-pince-3\"\n   src=\"https:\/\/www.epaunova.com\/wp-content\/uploads\/2020\/05\/Protege-pince-3.jpg\"\n    data-image=\"https:\/\/www.epaunova.com\/wp-content\/uploads\/2020\/05\/Protege-pince-3.jpg\"\n    data-title=\"Protege-pince-3\"><\/noscript>\n\n<img decoding=\"async\" alt=\"protege-pince-03\"\n   data-src=\"https:\/\/www.epaunova.com\/wp-content\/uploads\/2024\/05\/protege-pince-03-768x542.jpg\"\n    data-image=\"https:\/\/www.epaunova.com\/wp-content\/uploads\/2024\/05\/protege-pince-03.jpg\"\n    data-title=\"protege-pince-03\" src=\"data:image\/gif;base64,R0lGODlhAQABAAAAACH5BAEKAAEALAAAAAABAAEAAAICTAEAOw==\" class=\"lazyload\" style=\"--smush-placeholder-width: 768px; --smush-placeholder-aspect-ratio: 768\/542;\"><noscript><img decoding=\"async\" alt=\"protege-pince-03\"\n   src=\"https:\/\/www.epaunova.com\/wp-content\/uploads\/2024\/05\/protege-pince-03-768x542.jpg\"\n    data-image=\"https:\/\/www.epaunova.com\/wp-content\/uploads\/2024\/05\/protege-pince-03.jpg\"\n    data-title=\"protege-pince-03\"><\/noscript>\n\n<img decoding=\"async\" alt=\"protege-pince-003\"\n   data-src=\"https:\/\/www.epaunova.com\/wp-content\/uploads\/2024\/05\/protege-pince-003.jpg\"\n    data-image=\"https:\/\/www.epaunova.com\/wp-content\/uploads\/2024\/05\/protege-pince-003.jpg\"\n    data-title=\"protege-pince-003\" src=\"data:image\/gif;base64,R0lGODlhAQABAAAAACH5BAEKAAEALAAAAAABAAEAAAICTAEAOw==\" class=\"lazyload\" style=\"--smush-placeholder-width: 480px; --smush-placeholder-aspect-ratio: 480\/655;\"><noscript><img decoding=\"async\" alt=\"protege-pince-003\"\n   src=\"https:\/\/www.epaunova.com\/wp-content\/uploads\/2024\/05\/protege-pince-003.jpg\"\n    data-image=\"https:\/\/www.epaunova.com\/wp-content\/uploads\/2024\/05\/protege-pince-003.jpg\"\n    data-title=\"protege-pince-003\"><\/noscript>\n\n  \n<\/div>\n<!-- end Carousel Gallery -->\t\t<\/div>\n\t\t\t\t<\/div>\n\t\t\t\t\t<\/div>\n\t\t<\/div>\n\t\t\t\t\t<\/div>\n\t\t<\/section>\n\t\t\t\t<\/div>","protected":false},"excerpt":{"rendered":"<p>Pr\u00e9servez la Qualit\u00e9 de vos Manteaux et Vestes Nos solutions personnalis\u00e9es sont essentielles pour prolonger la dur\u00e9e de vie de vos manteaux et vestes, en les maintenant en parfait \u00e9tat entre chaque utilisation. Gr\u00e2ce \u00e0 nos options sur mesure, vous pouvez adapter la protection \u00e0 vos besoins sp\u00e9cifiques.<\/p>","protected":false},"author":2,"featured_media":18283,"parent":0,"menu_order":0,"comment_status":"closed","ping_status":"closed","template":"","meta":{"footnotes":""},"class_list":["post-20445","page","type-page","status-publish","has-post-thumbnail","hentry"],"_links":{"self":[{"href":"https:\/\/www.epaunova.com\/de\/wp-json\/wp\/v2\/pages\/20445","targetHints":{"allow":["GET"]}}],"collection":[{"href":"https:\/\/www.epaunova.com\/de\/wp-json\/wp\/v2\/pages"}],"about":[{"href":"https:\/\/www.epaunova.com\/de\/wp-json\/wp\/v2\/types\/page"}],"author":[{"embeddable":true,"href":"https:\/\/www.epaunova.com\/de\/wp-json\/wp\/v2\/users\/2"}],"replies":[{"embeddable":true,"href":"https:\/\/www.epaunova.com\/de\/wp-json\/wp\/v2\/comments?post=20445"}],"version-history":[{"count":0,"href":"https:\/\/www.epaunova.com\/de\/wp-json\/wp\/v2\/pages\/20445\/revisions"}],"wp:featuredmedia":[{"embeddable":true,"href":"https:\/\/www.epaunova.com\/de\/wp-json\/wp\/v2\/media\/18283"}],"wp:attachment":[{"href":"https:\/\/www.epaunova.com\/de\/wp-json\/wp\/v2\/media?parent=20445"}],"curies":[{"name":"wp","href":"https:\/\/api.w.org\/{rel}","templated":true}]}}