{"id":20446,"date":"2024-07-31T09:27:19","date_gmt":"2024-07-31T09:27:19","guid":{"rendered":"https:\/\/www.epaunova.com\/?page_id=20446"},"modified":"2024-09-24T13:03:21","modified_gmt":"2024-09-24T13:03:21","slug":"cintre-pour-jupes-et-pantalons","status":"publish","type":"page","link":"https:\/\/www.epaunova.com\/de\/cintre-pour-jupes-et-pantalons\/","title":{"rendered":"Cintre pour Jupes et pantalons"},"content":{"rendered":"<div data-elementor-type=\"wp-page\" data-elementor-id=\"20446\" class=\"elementor elementor-20446\" data-elementor-post-type=\"page\">\n\t\t\t\t\t\t<section data-particle_enable=\"false\" data-particle-mobile-disabled=\"false\" class=\"elementor-section elementor-top-section elementor-element elementor-element-f4cb1c4 elementor-section-full_width elementor-section-height-default elementor-section-height-default\" data-id=\"f4cb1c4\" data-element_type=\"section\">\n\t\t\t\t\t\t<div class=\"elementor-container elementor-column-gap-default\">\n\t\t\t\t\t<div class=\"elementor-column elementor-col-100 elementor-top-column elementor-element elementor-element-124fd10\" data-id=\"124fd10\" data-element_type=\"column\">\n\t\t\t<div class=\"elementor-widget-wrap elementor-element-populated\">\n\t\t\t\t\t\t<div class=\"elementor-element elementor-element-3c3b69b elementor-widget elementor-widget-heading\" data-id=\"3c3b69b\" data-element_type=\"widget\" data-widget_type=\"heading.default\">\n\t\t\t\t<div class=\"elementor-widget-container\">\n\t\t\t<h2 class=\"elementor-heading-title elementor-size-default\">Pr\u00e9servez la Qualit\u00e9 de vos Jupes et Pantalons<\/h2>\t\t<\/div>\n\t\t\t\t<\/div>\n\t\t\t\t\t<\/div>\n\t\t<\/div>\n\t\t\t\t\t<\/div>\n\t\t<\/section>\n\t\t\t\t<section data-particle_enable=\"false\" data-particle-mobile-disabled=\"false\" class=\"elementor-section elementor-top-section elementor-element elementor-element-bd34cee elementor-section-full_width elementor-section-height-default elementor-section-height-default\" data-id=\"bd34cee\" data-element_type=\"section\">\n\t\t\t\t\t\t<div class=\"elementor-container elementor-column-gap-default\">\n\t\t\t\t\t<div class=\"elementor-column elementor-col-33 elementor-top-column elementor-element elementor-element-7fd83f2\" data-id=\"7fd83f2\" data-element_type=\"column\">\n\t\t\t<div class=\"elementor-widget-wrap elementor-element-populated\">\n\t\t\t\t\t\t<div class=\"elementor-element elementor-element-053a8b8 elementor-widget elementor-widget-ucaddon_uc_carousel_image\" data-id=\"053a8b8\" data-element_type=\"widget\" data-widget_type=\"ucaddon_uc_carousel_image.default\">\n\t\t\t\t<div class=\"elementor-widget-container\">\n\t\t\t\n<!-- start Carousel Gallery -->\n\t\t<link id='unitegallery-css' href='https:\/\/www.epaunova.com\/wp-content\/plugins\/unlimited-elements-for-elementor-premium\/assets_libraries\/unitegallery\/css\/unite-gallery.css' type='text\/css' rel='stylesheet' >\n\n\n<div id=\"uc_uc_carousel_image_elementor_053a8b8\" style=\"display:none;\" class=\"uc-items-wrapper\" data-custom-sethtml=\"true\" >\n\n\n<img decoding=\"async\" alt=\"protege-pince\"\n   data-src=\"https:\/\/www.epaunova.com\/wp-content\/uploads\/2024\/05\/protege-pince-768x542.jpg\"\n    data-image=\"https:\/\/www.epaunova.com\/wp-content\/uploads\/2024\/05\/protege-pince.jpg\"\n    data-title=\"protege-pince\" src=\"data:image\/gif;base64,R0lGODlhAQABAAAAACH5BAEKAAEALAAAAAABAAEAAAICTAEAOw==\" class=\"lazyload\" style=\"--smush-placeholder-width: 768px; --smush-placeholder-aspect-ratio: 768\/542;\"><noscript><img decoding=\"async\" alt=\"protege-pince\"\n   src=\"https:\/\/www.epaunova.com\/wp-content\/uploads\/2024\/05\/protege-pince-768x542.jpg\"\n    data-image=\"https:\/\/www.epaunova.com\/wp-content\/uploads\/2024\/05\/protege-pince.jpg\"\n    data-title=\"protege-pince\"><\/noscript>\n\n<img decoding=\"async\" alt=\"protege-pince-02\"\n   data-src=\"https:\/\/www.epaunova.com\/wp-content\/uploads\/2024\/05\/protege-pince-02-768x542.jpg\"\n    data-image=\"https:\/\/www.epaunova.com\/wp-content\/uploads\/2024\/05\/protege-pince-02.jpg\"\n    data-title=\"protege-pince-02\" src=\"data:image\/gif;base64,R0lGODlhAQABAAAAACH5BAEKAAEALAAAAAABAAEAAAICTAEAOw==\" class=\"lazyload\" style=\"--smush-placeholder-width: 768px; --smush-placeholder-aspect-ratio: 768\/542;\"><noscript><img decoding=\"async\" alt=\"protege-pince-02\"\n   src=\"https:\/\/www.epaunova.com\/wp-content\/uploads\/2024\/05\/protege-pince-02-768x542.jpg\"\n    data-image=\"https:\/\/www.epaunova.com\/wp-content\/uploads\/2024\/05\/protege-pince-02.jpg\"\n    data-title=\"protege-pince-02\"><\/noscript>\n\n<img decoding=\"async\" alt=\"protege-pince1\"\n   data-src=\"https:\/\/www.epaunova.com\/wp-content\/uploads\/2024\/05\/protege-pince1.jpg\"\n    data-image=\"https:\/\/www.epaunova.com\/wp-content\/uploads\/2024\/05\/protege-pince1.jpg\"\n    data-title=\"protege-pince1\" src=\"data:image\/gif;base64,R0lGODlhAQABAAAAACH5BAEKAAEALAAAAAABAAEAAAICTAEAOw==\" class=\"lazyload\" style=\"--smush-placeholder-width: 480px; --smush-placeholder-aspect-ratio: 480\/655;\"><noscript><img decoding=\"async\" alt=\"protege-pince1\"\n   src=\"https:\/\/www.epaunova.com\/wp-content\/uploads\/2024\/05\/protege-pince1.jpg\"\n    data-image=\"https:\/\/www.epaunova.com\/wp-content\/uploads\/2024\/05\/protege-pince1.jpg\"\n    data-title=\"protege-pince1\"><\/noscript>\n\n<img decoding=\"async\" alt=\"protege-pince-01\"\n   data-src=\"https:\/\/www.epaunova.com\/wp-content\/uploads\/2024\/05\/protege-pince-01-768x542.jpg\"\n    data-image=\"https:\/\/www.epaunova.com\/wp-content\/uploads\/2024\/05\/protege-pince-01.jpg\"\n    data-title=\"protege-pince-01\" src=\"data:image\/gif;base64,R0lGODlhAQABAAAAACH5BAEKAAEALAAAAAABAAEAAAICTAEAOw==\" class=\"lazyload\" style=\"--smush-placeholder-width: 768px; --smush-placeholder-aspect-ratio: 768\/542;\"><noscript><img decoding=\"async\" alt=\"protege-pince-01\"\n   src=\"https:\/\/www.epaunova.com\/wp-content\/uploads\/2024\/05\/protege-pince-01-768x542.jpg\"\n    data-image=\"https:\/\/www.epaunova.com\/wp-content\/uploads\/2024\/05\/protege-pince-01.jpg\"\n    data-title=\"protege-pince-01\"><\/noscript>\n\n<img decoding=\"async\" alt=\"protegepince\"\n   data-src=\"https:\/\/www.epaunova.com\/wp-content\/uploads\/2024\/05\/protegepince-768x542.jpg\"\n    data-image=\"https:\/\/www.epaunova.com\/wp-content\/uploads\/2024\/05\/protegepince.jpg\"\n    data-title=\"protegepince\" src=\"data:image\/gif;base64,R0lGODlhAQABAAAAACH5BAEKAAEALAAAAAABAAEAAAICTAEAOw==\" class=\"lazyload\" style=\"--smush-placeholder-width: 768px; --smush-placeholder-aspect-ratio: 768\/542;\"><noscript><img decoding=\"async\" alt=\"protegepince\"\n   src=\"https:\/\/www.epaunova.com\/wp-content\/uploads\/2024\/05\/protegepince-768x542.jpg\"\n    data-image=\"https:\/\/www.epaunova.com\/wp-content\/uploads\/2024\/05\/protegepince.jpg\"\n    data-title=\"protegepince\"><\/noscript>\n\n  \n<\/div>\n<!-- end Carousel Gallery -->\t\t<\/div>\n\t\t\t\t<\/div>\n\t\t\t\t\t<\/div>\n\t\t<\/div>\n\t\t\t\t<div class=\"elementor-column elementor-col-66 elementor-top-column elementor-element elementor-element-dded814\" data-id=\"dded814\" data-element_type=\"column\" data-settings=\"{&quot;background_background&quot;:&quot;classic&quot;}\">\n\t\t\t<div class=\"elementor-widget-wrap elementor-element-populated\">\n\t\t\t\t\t\t<div class=\"elementor-element elementor-element-f657837 text-left elementor-widget__width-initial elementor-widget-tablet__width-inherit text--mobileleft elementor-widget elementor-widget-tp-advanced-typography\" data-id=\"f657837\" data-element_type=\"widget\" data-widget_type=\"tp-advanced-typography.default\">\n\t\t\t\t<div class=\"elementor-widget-container\">\n\t\t\t<div id=\"atf657837\" class=\"pt-plus-adv-typo-wrapper\"><div class=\"pt_plus_adv_typo_block   none\"><span id=\"advtypo69f296c3cc17b\" class=\"text-content-block\"  style=\"\"  >Nos solutions sont indispensables pour prolonger la dur\u00e9e de vie de vos v\u00eatements, en les maintenant en excellent \u00e9tat entre chaque utilisation.<\/span><\/div><\/div>\t\t<\/div>\n\t\t\t\t<\/div>\n\t\t\t\t<div class=\"elementor-element elementor-element-8f6b3bf elementor-widget elementor-widget-spacer\" data-id=\"8f6b3bf\" data-element_type=\"widget\" data-widget_type=\"spacer.default\">\n\t\t\t\t<div class=\"elementor-widget-container\">\n\t\t\t\t\t<div class=\"elementor-spacer\">\n\t\t\t<div class=\"elementor-spacer-inner\"><\/div>\n\t\t<\/div>\n\t\t\t\t<\/div>\n\t\t\t\t<\/div>\n\t\t\t\t<div class=\"elementor-element elementor-element-deda884 elementor-absolute e-transform e-transform elementor-hidden-mobile_extra elementor-hidden-mobile elementor-hidden-widescreen elementor-hidden-desktop elementor-hidden-laptop elementor-hidden-tablet elementor-widget elementor-widget-image\" data-id=\"deda884\" data-element_type=\"widget\" data-settings=\"{&quot;_position&quot;:&quot;absolute&quot;,&quot;_transform_rotateZ_effect&quot;:{&quot;unit&quot;:&quot;px&quot;,&quot;size&quot;:-20,&quot;sizes&quot;:[]},&quot;_transform_flipX_effect&quot;:&quot;transform&quot;,&quot;_transform_rotateZ_effect_widescreen&quot;:{&quot;unit&quot;:&quot;deg&quot;,&quot;size&quot;:&quot;&quot;,&quot;sizes&quot;:[]},&quot;_transform_rotateZ_effect_laptop&quot;:{&quot;unit&quot;:&quot;deg&quot;,&quot;size&quot;:&quot;&quot;,&quot;sizes&quot;:[]},&quot;_transform_rotateZ_effect_tablet&quot;:{&quot;unit&quot;:&quot;deg&quot;,&quot;size&quot;:&quot;&quot;,&quot;sizes&quot;:[]},&quot;_transform_rotateZ_effect_mobile_extra&quot;:{&quot;unit&quot;:&quot;deg&quot;,&quot;size&quot;:&quot;&quot;,&quot;sizes&quot;:[]},&quot;_transform_rotateZ_effect_mobile&quot;:{&quot;unit&quot;:&quot;deg&quot;,&quot;size&quot;:&quot;&quot;,&quot;sizes&quot;:[]}}\" data-widget_type=\"image.default\">\n\t\t\t\t<div class=\"elementor-widget-container\">\n\t\t\t\t\t\t\t\t\t\t\t\t\t<img fetchpriority=\"high\" decoding=\"async\" width=\"3052\" height=\"844\" src=\"https:\/\/www.epaunova.com\/wp-content\/uploads\/2024\/09\/MOTIF.png\" class=\"attachment-full size-full wp-image-22097\" alt=\"MOTIF\" srcset=\"https:\/\/www.epaunova.com\/wp-content\/uploads\/2024\/09\/MOTIF.png 3052w, https:\/\/www.epaunova.com\/wp-content\/uploads\/2024\/09\/MOTIF-300x83.png 300w, https:\/\/www.epaunova.com\/wp-content\/uploads\/2024\/09\/MOTIF-1024x283.png 1024w, https:\/\/www.epaunova.com\/wp-content\/uploads\/2024\/09\/MOTIF-768x212.png 768w, https:\/\/www.epaunova.com\/wp-content\/uploads\/2024\/09\/MOTIF-1536x425.png 1536w, https:\/\/www.epaunova.com\/wp-content\/uploads\/2024\/09\/MOTIF-2048x566.png 2048w, https:\/\/www.epaunova.com\/wp-content\/uploads\/2024\/09\/MOTIF-18x5.png 18w, https:\/\/www.epaunova.com\/wp-content\/uploads\/2024\/09\/MOTIF-800x221.png 800w, https:\/\/www.epaunova.com\/wp-content\/uploads\/2024\/09\/MOTIF-550x152.png 550w, https:\/\/www.epaunova.com\/wp-content\/uploads\/2024\/09\/MOTIF-480x133.png 480w, https:\/\/www.epaunova.com\/wp-content\/uploads\/2024\/09\/MOTIF-600x166.png 600w\" sizes=\"(max-width: 3052px) 100vw, 3052px\" \/>\t\t\t\t\t\t\t\t\t\t\t\t\t<\/div>\n\t\t\t\t<\/div>\n\t\t\t\t\t<\/div>\n\t\t<\/div>\n\t\t\t\t\t<\/div>\n\t\t<\/section>\n\t\t\t\t<\/div>","protected":false},"excerpt":{"rendered":"<p>Pr\u00e9servez la Qualit\u00e9 de vos Jupes et Pantalons Nos solutions sont indispensables pour prolonger la dur\u00e9e de vie de vos v\u00eatements, en les maintenant en excellent \u00e9tat entre chaque utilisation.<\/p>","protected":false},"author":2,"featured_media":18283,"parent":0,"menu_order":0,"comment_status":"closed","ping_status":"closed","template":"","meta":{"footnotes":""},"class_list":["post-20446","page","type-page","status-publish","has-post-thumbnail","hentry"],"_links":{"self":[{"href":"https:\/\/www.epaunova.com\/de\/wp-json\/wp\/v2\/pages\/20446","targetHints":{"allow":["GET"]}}],"collection":[{"href":"https:\/\/www.epaunova.com\/de\/wp-json\/wp\/v2\/pages"}],"about":[{"href":"https:\/\/www.epaunova.com\/de\/wp-json\/wp\/v2\/types\/page"}],"author":[{"embeddable":true,"href":"https:\/\/www.epaunova.com\/de\/wp-json\/wp\/v2\/users\/2"}],"replies":[{"embeddable":true,"href":"https:\/\/www.epaunova.com\/de\/wp-json\/wp\/v2\/comments?post=20446"}],"version-history":[{"count":0,"href":"https:\/\/www.epaunova.com\/de\/wp-json\/wp\/v2\/pages\/20446\/revisions"}],"wp:featuredmedia":[{"embeddable":true,"href":"https:\/\/www.epaunova.com\/de\/wp-json\/wp\/v2\/media\/18283"}],"wp:attachment":[{"href":"https:\/\/www.epaunova.com\/de\/wp-json\/wp\/v2\/media?parent=20446"}],"curies":[{"name":"wp","href":"https:\/\/api.w.org\/{rel}","templated":true}]}}