{"id":19087,"date":"2024-06-13T14:06:06","date_gmt":"2024-06-13T14:06:06","guid":{"rendered":"https:\/\/www.epaunova.com\/?page_id=19087"},"modified":"2024-09-24T13:50:09","modified_gmt":"2024-09-24T13:50:09","slug":"cigarettes-de-manche-feminines","status":"publish","type":"page","link":"https:\/\/www.epaunova.com\/en\/cigarettes-de-manche-feminines\/","title":{"rendered":"Women's Sleeve Cigarettes"},"content":{"rendered":"<div data-elementor-type=\"wp-page\" data-elementor-id=\"19087\" class=\"elementor elementor-19087\" data-elementor-post-type=\"page\">\n\t\t\t\t\t\t<section data-particle_enable=\"false\" data-particle-mobile-disabled=\"false\" class=\"elementor-section elementor-top-section elementor-element elementor-element-e8dcf63 elementor-section-full_width elementor-section-height-default elementor-section-height-default\" data-id=\"e8dcf63\" data-element_type=\"section\">\n\t\t\t\t\t\t<div class=\"elementor-container elementor-column-gap-default\">\n\t\t\t\t\t<div class=\"elementor-column elementor-col-100 elementor-top-column elementor-element elementor-element-d5b165e\" data-id=\"d5b165e\" data-element_type=\"column\">\n\t\t\t<div class=\"elementor-widget-wrap elementor-element-populated\">\n\t\t\t\t\t\t<div class=\"elementor-element elementor-element-08c78df elementor-widget elementor-widget-heading\" data-id=\"08c78df\" data-element_type=\"widget\" data-widget_type=\"heading.default\">\n\t\t\t\t<div class=\"elementor-widget-container\">\n\t\t\t<h2 class=\"elementor-heading-title elementor-size-default\">D\u00e9couvrez nos Cigarettes de Manche F\u00e9minines<\/h2>\t\t<\/div>\n\t\t\t\t<\/div>\n\t\t\t\t<div class=\"elementor-element elementor-element-c679a75 text-center elementor-widget elementor-widget-tp-advanced-typography\" data-id=\"c679a75\" data-element_type=\"widget\" data-widget_type=\"tp-advanced-typography.default\">\n\t\t\t\t<div class=\"elementor-widget-container\">\n\t\t\t<div id=\"atc679a75\" class=\"pt-plus-adv-typo-wrapper\"><div class=\"pt_plus_adv_typo_block   none\"><span id=\"advtypo6a04857c68d04\" class=\"text-content-block\"  style=\"\"  >Les cigarettes de manches f\u00e9minines que nous cr\u00e9ons sont con\u00e7ues pour s'int\u00e9grer avec finesse aux mod\u00e8les de v\u00eatements pour femmes. Chaque d\u00e9tail est \u00e9tudi\u00e9 pour \u00e9pouser la silhouette avec \u00e9l\u00e9gance tout en mettant en valeur la gr\u00e2ce et la f\u00e9minit\u00e9 de chaque tenue.<\/span><\/div><\/div>\t\t<\/div>\n\t\t\t\t<\/div>\n\t\t\t\t<div class=\"elementor-element elementor-element-314f780 elementor-absolute elementor-hidden-mobile_extra elementor-hidden-mobile elementor-hidden-tablet elementor-hidden-widescreen elementor-hidden-desktop elementor-hidden-laptop elementor-widget elementor-widget-image\" data-id=\"314f780\" data-element_type=\"widget\" data-settings=\"{&quot;_position&quot;:&quot;absolute&quot;}\" data-widget_type=\"image.default\">\n\t\t\t\t<div class=\"elementor-widget-container\">\n\t\t\t\t\t\t\t\t\t\t\t\t\t<img fetchpriority=\"high\" decoding=\"async\" width=\"3052\" height=\"844\" src=\"https:\/\/www.epaunova.com\/wp-content\/uploads\/2024\/09\/MOTIF.png\" class=\"attachment-full size-full wp-image-22097\" alt=\"MOTIF\" srcset=\"https:\/\/www.epaunova.com\/wp-content\/uploads\/2024\/09\/MOTIF.png 3052w, https:\/\/www.epaunova.com\/wp-content\/uploads\/2024\/09\/MOTIF-300x83.png 300w, https:\/\/www.epaunova.com\/wp-content\/uploads\/2024\/09\/MOTIF-1024x283.png 1024w, https:\/\/www.epaunova.com\/wp-content\/uploads\/2024\/09\/MOTIF-768x212.png 768w, https:\/\/www.epaunova.com\/wp-content\/uploads\/2024\/09\/MOTIF-1536x425.png 1536w, https:\/\/www.epaunova.com\/wp-content\/uploads\/2024\/09\/MOTIF-2048x566.png 2048w, https:\/\/www.epaunova.com\/wp-content\/uploads\/2024\/09\/MOTIF-18x5.png 18w, https:\/\/www.epaunova.com\/wp-content\/uploads\/2024\/09\/MOTIF-800x221.png 800w, https:\/\/www.epaunova.com\/wp-content\/uploads\/2024\/09\/MOTIF-550x152.png 550w, https:\/\/www.epaunova.com\/wp-content\/uploads\/2024\/09\/MOTIF-480x133.png 480w, https:\/\/www.epaunova.com\/wp-content\/uploads\/2024\/09\/MOTIF-600x166.png 600w\" sizes=\"(max-width: 3052px) 100vw, 3052px\" \/>\t\t\t\t\t\t\t\t\t\t\t\t\t<\/div>\n\t\t\t\t<\/div>\n\t\t\t\t<div class=\"elementor-element elementor-element-5c08378 elementor-absolute elementor-hidden-tablet elementor-hidden-mobile_extra elementor-hidden-mobile elementor-hidden-widescreen elementor-hidden-desktop elementor-hidden-laptop elementor-widget elementor-widget-image\" data-id=\"5c08378\" data-element_type=\"widget\" data-settings=\"{&quot;_position&quot;:&quot;absolute&quot;}\" data-widget_type=\"image.default\">\n\t\t\t\t<div class=\"elementor-widget-container\">\n\t\t\t\t\t\t\t\t\t\t\t\t\t<img decoding=\"async\" width=\"3052\" height=\"844\" data-src=\"https:\/\/www.epaunova.com\/wp-content\/uploads\/2024\/09\/MOTIF2.png\" class=\"attachment-full size-full wp-image-22098 lazyload\" alt=\"Motif\" data-srcset=\"https:\/\/www.epaunova.com\/wp-content\/uploads\/2024\/09\/MOTIF2.png 3052w, https:\/\/www.epaunova.com\/wp-content\/uploads\/2024\/09\/MOTIF2-300x83.png 300w, https:\/\/www.epaunova.com\/wp-content\/uploads\/2024\/09\/MOTIF2-1024x283.png 1024w, https:\/\/www.epaunova.com\/wp-content\/uploads\/2024\/09\/MOTIF2-768x212.png 768w, https:\/\/www.epaunova.com\/wp-content\/uploads\/2024\/09\/MOTIF2-1536x425.png 1536w, https:\/\/www.epaunova.com\/wp-content\/uploads\/2024\/09\/MOTIF2-2048x566.png 2048w, https:\/\/www.epaunova.com\/wp-content\/uploads\/2024\/09\/MOTIF2-18x5.png 18w, https:\/\/www.epaunova.com\/wp-content\/uploads\/2024\/09\/MOTIF2-800x221.png 800w, https:\/\/www.epaunova.com\/wp-content\/uploads\/2024\/09\/MOTIF2-550x152.png 550w, https:\/\/www.epaunova.com\/wp-content\/uploads\/2024\/09\/MOTIF2-480x133.png 480w, https:\/\/www.epaunova.com\/wp-content\/uploads\/2024\/09\/MOTIF2-600x166.png 600w\" data-sizes=\"(max-width: 3052px) 100vw, 3052px\" src=\"data:image\/gif;base64,R0lGODlhAQABAAAAACH5BAEKAAEALAAAAAABAAEAAAICTAEAOw==\" style=\"--smush-placeholder-width: 3052px; --smush-placeholder-aspect-ratio: 3052\/844;\" \/><noscript><img decoding=\"async\" width=\"3052\" height=\"844\" src=\"https:\/\/www.epaunova.com\/wp-content\/uploads\/2024\/09\/MOTIF2.png\" class=\"attachment-full size-full wp-image-22098\" alt=\"Motif\" srcset=\"https:\/\/www.epaunova.com\/wp-content\/uploads\/2024\/09\/MOTIF2.png 3052w, https:\/\/www.epaunova.com\/wp-content\/uploads\/2024\/09\/MOTIF2-300x83.png 300w, https:\/\/www.epaunova.com\/wp-content\/uploads\/2024\/09\/MOTIF2-1024x283.png 1024w, https:\/\/www.epaunova.com\/wp-content\/uploads\/2024\/09\/MOTIF2-768x212.png 768w, https:\/\/www.epaunova.com\/wp-content\/uploads\/2024\/09\/MOTIF2-1536x425.png 1536w, https:\/\/www.epaunova.com\/wp-content\/uploads\/2024\/09\/MOTIF2-2048x566.png 2048w, https:\/\/www.epaunova.com\/wp-content\/uploads\/2024\/09\/MOTIF2-18x5.png 18w, https:\/\/www.epaunova.com\/wp-content\/uploads\/2024\/09\/MOTIF2-800x221.png 800w, https:\/\/www.epaunova.com\/wp-content\/uploads\/2024\/09\/MOTIF2-550x152.png 550w, https:\/\/www.epaunova.com\/wp-content\/uploads\/2024\/09\/MOTIF2-480x133.png 480w, https:\/\/www.epaunova.com\/wp-content\/uploads\/2024\/09\/MOTIF2-600x166.png 600w\" sizes=\"(max-width: 3052px) 100vw, 3052px\" \/><\/noscript>\t\t\t\t\t\t\t\t\t\t\t\t\t<\/div>\n\t\t\t\t<\/div>\n\t\t\t\t\t<\/div>\n\t\t<\/div>\n\t\t\t\t\t<\/div>\n\t\t<\/section>\n\t\t\t\t<section data-particle_enable=\"false\" data-particle-mobile-disabled=\"false\" class=\"elementor-section elementor-top-section elementor-element elementor-element-c91dd8c elementor-section-stretched elementor-section-boxed elementor-section-height-default elementor-section-height-default\" data-id=\"c91dd8c\" data-element_type=\"section\" data-settings=\"{&quot;stretch_section&quot;:&quot;section-stretched&quot;,&quot;background_background&quot;:&quot;classic&quot;}\">\n\t\t\t\t\t\t<div class=\"elementor-container elementor-column-gap-default\">\n\t\t\t\t\t<div class=\"elementor-column elementor-col-33 elementor-top-column elementor-element elementor-element-56b5e9f\" data-id=\"56b5e9f\" data-element_type=\"column\">\n\t\t\t<div class=\"elementor-widget-wrap elementor-element-populated\">\n\t\t\t\t\t\t<div class=\"elementor-element elementor-element-eaf6296 elementor-widget elementor-widget-image\" data-id=\"eaf6296\" data-element_type=\"widget\" data-widget_type=\"image.default\">\n\t\t\t\t<div class=\"elementor-widget-container\">\n\t\t\t\t\t\t\t\t\t\t\t\t\t\t<a href=\"https:\/\/www.epaunova.com\/wp-content\/uploads\/2024\/09\/CIGARETTE-F-4146-23-N.png\" data-elementor-open-lightbox=\"yes\" data-e-action-hash=\"#elementor-action%3Aaction%3Dlightbox%26settings%3DeyJpZCI6MjEyNDcsInVybCI6Imh0dHBzOlwvXC93d3cuZXBhdW5vdmEuY29tXC93cC1jb250ZW50XC91cGxvYWRzXC8yMDI0XC8wOVwvQ0lHQVJFVFRFLUYtNDE0Ni0yMy1OLnBuZyJ9\">\n\t\t\t\t\t\t\t<img decoding=\"async\" width=\"880\" height=\"1200\" data-src=\"https:\/\/www.epaunova.com\/wp-content\/uploads\/2024\/09\/CIGARETTE-F-4146-23-N.png\" class=\"attachment-full size-full wp-image-21247 lazyload\" alt=\"CIGARETTE-F-4146-23-N\" data-srcset=\"https:\/\/www.epaunova.com\/wp-content\/uploads\/2024\/09\/CIGARETTE-F-4146-23-N.png 880w, https:\/\/www.epaunova.com\/wp-content\/uploads\/2024\/09\/CIGARETTE-F-4146-23-N-220x300.png 220w, https:\/\/www.epaunova.com\/wp-content\/uploads\/2024\/09\/CIGARETTE-F-4146-23-N-751x1024.png 751w, https:\/\/www.epaunova.com\/wp-content\/uploads\/2024\/09\/CIGARETTE-F-4146-23-N-768x1047.png 768w, https:\/\/www.epaunova.com\/wp-content\/uploads\/2024\/09\/CIGARETTE-F-4146-23-N-9x12.png 9w, https:\/\/www.epaunova.com\/wp-content\/uploads\/2024\/09\/CIGARETTE-F-4146-23-N-540x735.png 540w, https:\/\/www.epaunova.com\/wp-content\/uploads\/2024\/09\/CIGARETTE-F-4146-23-N-385x525.png 385w, https:\/\/www.epaunova.com\/wp-content\/uploads\/2024\/09\/CIGARETTE-F-4146-23-N-587x800.png 587w, https:\/\/www.epaunova.com\/wp-content\/uploads\/2024\/09\/CIGARETTE-F-4146-23-N-403x550.png 403w, https:\/\/www.epaunova.com\/wp-content\/uploads\/2024\/09\/CIGARETTE-F-4146-23-N-480x655.png 480w, https:\/\/www.epaunova.com\/wp-content\/uploads\/2024\/09\/CIGARETTE-F-4146-23-N-600x818.png 600w\" data-sizes=\"(max-width: 880px) 100vw, 880px\" src=\"data:image\/gif;base64,R0lGODlhAQABAAAAACH5BAEKAAEALAAAAAABAAEAAAICTAEAOw==\" style=\"--smush-placeholder-width: 880px; --smush-placeholder-aspect-ratio: 880\/1200;\" \/><noscript><img decoding=\"async\" width=\"880\" height=\"1200\" src=\"https:\/\/www.epaunova.com\/wp-content\/uploads\/2024\/09\/CIGARETTE-F-4146-23-N.png\" class=\"attachment-full size-full wp-image-21247\" alt=\"CIGARETTE-F-4146-23-N\" srcset=\"https:\/\/www.epaunova.com\/wp-content\/uploads\/2024\/09\/CIGARETTE-F-4146-23-N.png 880w, https:\/\/www.epaunova.com\/wp-content\/uploads\/2024\/09\/CIGARETTE-F-4146-23-N-220x300.png 220w, https:\/\/www.epaunova.com\/wp-content\/uploads\/2024\/09\/CIGARETTE-F-4146-23-N-751x1024.png 751w, https:\/\/www.epaunova.com\/wp-content\/uploads\/2024\/09\/CIGARETTE-F-4146-23-N-768x1047.png 768w, https:\/\/www.epaunova.com\/wp-content\/uploads\/2024\/09\/CIGARETTE-F-4146-23-N-9x12.png 9w, https:\/\/www.epaunova.com\/wp-content\/uploads\/2024\/09\/CIGARETTE-F-4146-23-N-540x735.png 540w, https:\/\/www.epaunova.com\/wp-content\/uploads\/2024\/09\/CIGARETTE-F-4146-23-N-385x525.png 385w, https:\/\/www.epaunova.com\/wp-content\/uploads\/2024\/09\/CIGARETTE-F-4146-23-N-587x800.png 587w, https:\/\/www.epaunova.com\/wp-content\/uploads\/2024\/09\/CIGARETTE-F-4146-23-N-403x550.png 403w, https:\/\/www.epaunova.com\/wp-content\/uploads\/2024\/09\/CIGARETTE-F-4146-23-N-480x655.png 480w, https:\/\/www.epaunova.com\/wp-content\/uploads\/2024\/09\/CIGARETTE-F-4146-23-N-600x818.png 600w\" sizes=\"(max-width: 880px) 100vw, 880px\" \/><\/noscript>\t\t\t\t\t\t\t\t<\/a>\n\t\t\t\t\t\t\t\t\t\t\t\t\t<\/div>\n\t\t\t\t<\/div>\n\t\t\t\t\t<\/div>\n\t\t<\/div>\n\t\t\t\t<div class=\"elementor-column elementor-col-33 elementor-top-column elementor-element elementor-element-f2639a6\" data-id=\"f2639a6\" data-element_type=\"column\">\n\t\t\t<div class=\"elementor-widget-wrap elementor-element-populated\">\n\t\t\t\t\t\t<div class=\"elementor-element elementor-element-4ed05dd elementor-widget elementor-widget-image\" data-id=\"4ed05dd\" data-element_type=\"widget\" data-widget_type=\"image.default\">\n\t\t\t\t<div class=\"elementor-widget-container\">\n\t\t\t\t\t\t\t\t\t\t\t\t\t\t<a href=\"https:\/\/www.epaunova.com\/wp-content\/uploads\/2024\/09\/CIGARETTE-F-4149-23-G.png\" data-elementor-open-lightbox=\"yes\" data-e-action-hash=\"#elementor-action%3Aaction%3Dlightbox%26settings%3DeyJpZCI6MjEyNDgsInVybCI6Imh0dHBzOlwvXC93d3cuZXBhdW5vdmEuY29tXC93cC1jb250ZW50XC91cGxvYWRzXC8yMDI0XC8wOVwvQ0lHQVJFVFRFLUYtNDE0OS0yMy1HLnBuZyJ9\">\n\t\t\t\t\t\t\t<img decoding=\"async\" width=\"880\" height=\"1200\" data-src=\"https:\/\/www.epaunova.com\/wp-content\/uploads\/2024\/09\/CIGARETTE-F-4149-23-G.png\" class=\"attachment-full size-full wp-image-21248 lazyload\" alt=\"CIGARETTE-F-4149-23-G\" data-srcset=\"https:\/\/www.epaunova.com\/wp-content\/uploads\/2024\/09\/CIGARETTE-F-4149-23-G.png 880w, https:\/\/www.epaunova.com\/wp-content\/uploads\/2024\/09\/CIGARETTE-F-4149-23-G-220x300.png 220w, https:\/\/www.epaunova.com\/wp-content\/uploads\/2024\/09\/CIGARETTE-F-4149-23-G-751x1024.png 751w, https:\/\/www.epaunova.com\/wp-content\/uploads\/2024\/09\/CIGARETTE-F-4149-23-G-768x1047.png 768w, https:\/\/www.epaunova.com\/wp-content\/uploads\/2024\/09\/CIGARETTE-F-4149-23-G-9x12.png 9w, https:\/\/www.epaunova.com\/wp-content\/uploads\/2024\/09\/CIGARETTE-F-4149-23-G-540x735.png 540w, https:\/\/www.epaunova.com\/wp-content\/uploads\/2024\/09\/CIGARETTE-F-4149-23-G-385x525.png 385w, https:\/\/www.epaunova.com\/wp-content\/uploads\/2024\/09\/CIGARETTE-F-4149-23-G-587x800.png 587w, https:\/\/www.epaunova.com\/wp-content\/uploads\/2024\/09\/CIGARETTE-F-4149-23-G-403x550.png 403w, https:\/\/www.epaunova.com\/wp-content\/uploads\/2024\/09\/CIGARETTE-F-4149-23-G-480x655.png 480w, https:\/\/www.epaunova.com\/wp-content\/uploads\/2024\/09\/CIGARETTE-F-4149-23-G-600x818.png 600w\" data-sizes=\"(max-width: 880px) 100vw, 880px\" src=\"data:image\/gif;base64,R0lGODlhAQABAAAAACH5BAEKAAEALAAAAAABAAEAAAICTAEAOw==\" style=\"--smush-placeholder-width: 880px; --smush-placeholder-aspect-ratio: 880\/1200;\" \/><noscript><img loading=\"lazy\" decoding=\"async\" width=\"880\" height=\"1200\" src=\"https:\/\/www.epaunova.com\/wp-content\/uploads\/2024\/09\/CIGARETTE-F-4149-23-G.png\" class=\"attachment-full size-full wp-image-21248\" alt=\"CIGARETTE-F-4149-23-G\" srcset=\"https:\/\/www.epaunova.com\/wp-content\/uploads\/2024\/09\/CIGARETTE-F-4149-23-G.png 880w, https:\/\/www.epaunova.com\/wp-content\/uploads\/2024\/09\/CIGARETTE-F-4149-23-G-220x300.png 220w, https:\/\/www.epaunova.com\/wp-content\/uploads\/2024\/09\/CIGARETTE-F-4149-23-G-751x1024.png 751w, https:\/\/www.epaunova.com\/wp-content\/uploads\/2024\/09\/CIGARETTE-F-4149-23-G-768x1047.png 768w, https:\/\/www.epaunova.com\/wp-content\/uploads\/2024\/09\/CIGARETTE-F-4149-23-G-9x12.png 9w, https:\/\/www.epaunova.com\/wp-content\/uploads\/2024\/09\/CIGARETTE-F-4149-23-G-540x735.png 540w, https:\/\/www.epaunova.com\/wp-content\/uploads\/2024\/09\/CIGARETTE-F-4149-23-G-385x525.png 385w, https:\/\/www.epaunova.com\/wp-content\/uploads\/2024\/09\/CIGARETTE-F-4149-23-G-587x800.png 587w, https:\/\/www.epaunova.com\/wp-content\/uploads\/2024\/09\/CIGARETTE-F-4149-23-G-403x550.png 403w, https:\/\/www.epaunova.com\/wp-content\/uploads\/2024\/09\/CIGARETTE-F-4149-23-G-480x655.png 480w, https:\/\/www.epaunova.com\/wp-content\/uploads\/2024\/09\/CIGARETTE-F-4149-23-G-600x818.png 600w\" sizes=\"(max-width: 880px) 100vw, 880px\" \/><\/noscript>\t\t\t\t\t\t\t\t<\/a>\n\t\t\t\t\t\t\t\t\t\t\t\t\t<\/div>\n\t\t\t\t<\/div>\n\t\t\t\t\t<\/div>\n\t\t<\/div>\n\t\t\t\t<div class=\"elementor-column elementor-col-33 elementor-top-column elementor-element elementor-element-a5389fe\" data-id=\"a5389fe\" data-element_type=\"column\">\n\t\t\t<div class=\"elementor-widget-wrap elementor-element-populated\">\n\t\t\t\t\t\t<div class=\"elementor-element elementor-element-2e6aac3 elementor-widget elementor-widget-image\" data-id=\"2e6aac3\" data-element_type=\"widget\" data-widget_type=\"image.default\">\n\t\t\t\t<div class=\"elementor-widget-container\">\n\t\t\t\t\t\t\t\t\t\t\t\t\t\t<a href=\"https:\/\/www.epaunova.com\/wp-content\/uploads\/2024\/09\/CIGARETTE-F-4147-23-B.png\" data-elementor-open-lightbox=\"yes\" data-e-action-hash=\"#elementor-action%3Aaction%3Dlightbox%26settings%3DeyJpZCI6MjEyNDksInVybCI6Imh0dHBzOlwvXC93d3cuZXBhdW5vdmEuY29tXC93cC1jb250ZW50XC91cGxvYWRzXC8yMDI0XC8wOVwvQ0lHQVJFVFRFLUYtNDE0Ny0yMy1CLnBuZyJ9\">\n\t\t\t\t\t\t\t<img decoding=\"async\" width=\"880\" height=\"1200\" data-src=\"https:\/\/www.epaunova.com\/wp-content\/uploads\/2024\/09\/CIGARETTE-F-4147-23-B.png\" class=\"attachment-full size-full wp-image-21249 lazyload\" alt=\"CIGARETTE-F-4147-23-B\" data-srcset=\"https:\/\/www.epaunova.com\/wp-content\/uploads\/2024\/09\/CIGARETTE-F-4147-23-B.png 880w, https:\/\/www.epaunova.com\/wp-content\/uploads\/2024\/09\/CIGARETTE-F-4147-23-B-220x300.png 220w, https:\/\/www.epaunova.com\/wp-content\/uploads\/2024\/09\/CIGARETTE-F-4147-23-B-751x1024.png 751w, https:\/\/www.epaunova.com\/wp-content\/uploads\/2024\/09\/CIGARETTE-F-4147-23-B-768x1047.png 768w, https:\/\/www.epaunova.com\/wp-content\/uploads\/2024\/09\/CIGARETTE-F-4147-23-B-9x12.png 9w, https:\/\/www.epaunova.com\/wp-content\/uploads\/2024\/09\/CIGARETTE-F-4147-23-B-540x735.png 540w, https:\/\/www.epaunova.com\/wp-content\/uploads\/2024\/09\/CIGARETTE-F-4147-23-B-385x525.png 385w, https:\/\/www.epaunova.com\/wp-content\/uploads\/2024\/09\/CIGARETTE-F-4147-23-B-587x800.png 587w, https:\/\/www.epaunova.com\/wp-content\/uploads\/2024\/09\/CIGARETTE-F-4147-23-B-403x550.png 403w, https:\/\/www.epaunova.com\/wp-content\/uploads\/2024\/09\/CIGARETTE-F-4147-23-B-480x655.png 480w, https:\/\/www.epaunova.com\/wp-content\/uploads\/2024\/09\/CIGARETTE-F-4147-23-B-600x818.png 600w\" data-sizes=\"(max-width: 880px) 100vw, 880px\" src=\"data:image\/gif;base64,R0lGODlhAQABAAAAACH5BAEKAAEALAAAAAABAAEAAAICTAEAOw==\" style=\"--smush-placeholder-width: 880px; --smush-placeholder-aspect-ratio: 880\/1200;\" \/><noscript><img loading=\"lazy\" decoding=\"async\" width=\"880\" height=\"1200\" src=\"https:\/\/www.epaunova.com\/wp-content\/uploads\/2024\/09\/CIGARETTE-F-4147-23-B.png\" class=\"attachment-full size-full wp-image-21249\" alt=\"CIGARETTE-F-4147-23-B\" srcset=\"https:\/\/www.epaunova.com\/wp-content\/uploads\/2024\/09\/CIGARETTE-F-4147-23-B.png 880w, https:\/\/www.epaunova.com\/wp-content\/uploads\/2024\/09\/CIGARETTE-F-4147-23-B-220x300.png 220w, https:\/\/www.epaunova.com\/wp-content\/uploads\/2024\/09\/CIGARETTE-F-4147-23-B-751x1024.png 751w, https:\/\/www.epaunova.com\/wp-content\/uploads\/2024\/09\/CIGARETTE-F-4147-23-B-768x1047.png 768w, https:\/\/www.epaunova.com\/wp-content\/uploads\/2024\/09\/CIGARETTE-F-4147-23-B-9x12.png 9w, https:\/\/www.epaunova.com\/wp-content\/uploads\/2024\/09\/CIGARETTE-F-4147-23-B-540x735.png 540w, https:\/\/www.epaunova.com\/wp-content\/uploads\/2024\/09\/CIGARETTE-F-4147-23-B-385x525.png 385w, https:\/\/www.epaunova.com\/wp-content\/uploads\/2024\/09\/CIGARETTE-F-4147-23-B-587x800.png 587w, https:\/\/www.epaunova.com\/wp-content\/uploads\/2024\/09\/CIGARETTE-F-4147-23-B-403x550.png 403w, https:\/\/www.epaunova.com\/wp-content\/uploads\/2024\/09\/CIGARETTE-F-4147-23-B-480x655.png 480w, https:\/\/www.epaunova.com\/wp-content\/uploads\/2024\/09\/CIGARETTE-F-4147-23-B-600x818.png 600w\" sizes=\"(max-width: 880px) 100vw, 880px\" \/><\/noscript>\t\t\t\t\t\t\t\t<\/a>\n\t\t\t\t\t\t\t\t\t\t\t\t\t<\/div>\n\t\t\t\t<\/div>\n\t\t\t\t\t<\/div>\n\t\t<\/div>\n\t\t\t\t\t<\/div>\n\t\t<\/section>\n\t\t\t\t<section data-particle_enable=\"false\" data-particle-mobile-disabled=\"false\" class=\"elementor-section elementor-top-section elementor-element elementor-element-5a65d1e elementor-section-content-middle elementor-section-boxed elementor-section-height-default elementor-section-height-default\" data-id=\"5a65d1e\" data-element_type=\"section\">\n\t\t\t\t\t\t<div class=\"elementor-container elementor-column-gap-default\">\n\t\t\t\t\t<div class=\"elementor-column elementor-col-100 elementor-top-column elementor-element elementor-element-0bbc672\" data-id=\"0bbc672\" data-element_type=\"column\">\n\t\t\t<div class=\"elementor-widget-wrap elementor-element-populated\">\n\t\t\t\t\t\t<div class=\"elementor-element elementor-element-449f208 animated-slow loginButton elementor-align-center elementor-invisible elementor-widget elementor-widget-button\" data-id=\"449f208\" data-element_type=\"widget\" data-settings=\"{&quot;_animation&quot;:&quot;fadeIn&quot;}\" data-widget_type=\"button.default\">\n\t\t\t\t<div class=\"elementor-widget-container\">\n\t\t\t\t\t\t\t<div class=\"elementor-button-wrapper\">\n\t\t\t\t\t<a class=\"elementor-button elementor-button-link elementor-size-sm\" href=\"https:\/\/www.epaunova.com\/wp-content\/uploads\/2019\/06\/EPAU-NOVA-COLLECTION-MASCULINE-21-22.pdf\">\n\t\t\t\t\t\t<span class=\"elementor-button-content-wrapper\">\n\t\t\t\t\t\t\t\t\t<span class=\"elementor-button-text\">Download<\/span>\n\t\t\t\t\t<\/span>\n\t\t\t\t\t<\/a>\n\t\t\t\t<\/div>\n\t\t\t\t\t\t<\/div>\n\t\t\t\t<\/div>\n\t\t\t\t\t<\/div>\n\t\t<\/div>\n\t\t\t\t\t<\/div>\n\t\t<\/section>\n\t\t\t\t<\/div>","protected":false},"excerpt":{"rendered":"<p>D\u00e9couvrez nos Cigarettes de Manche F\u00e9minines Les cigarettes de manches f\u00e9minines que nous cr\u00e9ons sont con\u00e7ues pour s&rsquo;int\u00e9grer avec finesse aux mod\u00e8les de v\u00eatements pour femmes. Chaque d\u00e9tail est \u00e9tudi\u00e9 pour \u00e9pouser la silhouette avec \u00e9l\u00e9gance tout en mettant en valeur la gr\u00e2ce et la f\u00e9minit\u00e9 de chaque tenue. T\u00e9l\u00e9charger<\/p>","protected":false},"author":2,"featured_media":18281,"parent":0,"menu_order":0,"comment_status":"closed","ping_status":"closed","template":"","meta":{"footnotes":""},"class_list":["post-19087","page","type-page","status-publish","has-post-thumbnail","hentry"],"_links":{"self":[{"href":"https:\/\/www.epaunova.com\/en\/wp-json\/wp\/v2\/pages\/19087","targetHints":{"allow":["GET"]}}],"collection":[{"href":"https:\/\/www.epaunova.com\/en\/wp-json\/wp\/v2\/pages"}],"about":[{"href":"https:\/\/www.epaunova.com\/en\/wp-json\/wp\/v2\/types\/page"}],"author":[{"embeddable":true,"href":"https:\/\/www.epaunova.com\/en\/wp-json\/wp\/v2\/users\/2"}],"replies":[{"embeddable":true,"href":"https:\/\/www.epaunova.com\/en\/wp-json\/wp\/v2\/comments?post=19087"}],"version-history":[{"count":0,"href":"https:\/\/www.epaunova.com\/en\/wp-json\/wp\/v2\/pages\/19087\/revisions"}],"wp:featuredmedia":[{"embeddable":true,"href":"https:\/\/www.epaunova.com\/en\/wp-json\/wp\/v2\/media\/18281"}],"wp:attachment":[{"href":"https:\/\/www.epaunova.com\/en\/wp-json\/wp\/v2\/media?parent=19087"}],"curies":[{"name":"wp","href":"https:\/\/api.w.org\/{rel}","templated":true}]}}