{"id":20389,"date":"2024-07-31T08:35:00","date_gmt":"2024-07-31T08:35:00","guid":{"rendered":"https:\/\/www.epaunova.com\/?page_id=20389"},"modified":"2024-10-01T07:40:15","modified_gmt":"2024-10-01T07:40:15","slug":"passepoils","status":"publish","type":"page","link":"https:\/\/www.epaunova.com\/en\/passepoils\/","title":{"rendered":"Piping"},"content":{"rendered":"<div data-elementor-type=\"wp-page\" data-elementor-id=\"20389\" class=\"elementor elementor-20389\" data-elementor-post-type=\"page\">\n\t\t\t\t\t\t<section data-particle_enable=\"false\" data-particle-mobile-disabled=\"false\" class=\"elementor-section elementor-top-section elementor-element elementor-element-ac7ba5e elementor-section-full_width elementor-section-height-default elementor-section-height-default\" data-id=\"ac7ba5e\" data-element_type=\"section\">\n\t\t\t\t\t\t<div class=\"elementor-container elementor-column-gap-default\">\n\t\t\t\t\t<div class=\"elementor-column elementor-col-100 elementor-top-column elementor-element elementor-element-9bbef48\" data-id=\"9bbef48\" data-element_type=\"column\">\n\t\t\t<div class=\"elementor-widget-wrap elementor-element-populated\">\n\t\t\t\t\t\t<div class=\"elementor-element elementor-element-44a9903 elementor-widget elementor-widget-heading\" data-id=\"44a9903\" data-element_type=\"widget\" data-widget_type=\"heading.default\">\n\t\t\t\t<div class=\"elementor-widget-container\">\n\t\t\t<h2 class=\"elementor-heading-title elementor-size-default\">Elegance and Precision in Couture<\/h2>\t\t<\/div>\n\t\t\t\t<\/div>\n\t\t\t\t\t<\/div>\n\t\t<\/div>\n\t\t\t\t\t<\/div>\n\t\t<\/section>\n\t\t\t\t<section data-particle_enable=\"false\" data-particle-mobile-disabled=\"false\" class=\"elementor-section elementor-top-section elementor-element elementor-element-d057b5a elementor-section-full_width elementor-section-height-default elementor-section-height-default\" data-id=\"d057b5a\" data-element_type=\"section\">\n\t\t\t\t\t\t<div class=\"elementor-container elementor-column-gap-default\">\n\t\t\t\t\t<div class=\"elementor-column elementor-col-33 elementor-top-column elementor-element elementor-element-452ef8b\" data-id=\"452ef8b\" data-element_type=\"column\">\n\t\t\t<div class=\"elementor-widget-wrap elementor-element-populated\">\n\t\t\t\t\t\t<div class=\"elementor-element elementor-element-0916ece elementor-widget elementor-widget-ucaddon_uc_carousel_image\" data-id=\"0916ece\" data-element_type=\"widget\" data-widget_type=\"ucaddon_uc_carousel_image.default\">\n\t\t\t\t<div class=\"elementor-widget-container\">\n\t\t\t\n<!-- start Carousel Gallery -->\n\t\t<link id='unitegallery-css' href='https:\/\/www.epaunova.com\/wp-content\/plugins\/unlimited-elements-for-elementor-premium\/assets_libraries\/unitegallery\/css\/unite-gallery.css' type='text\/css' rel='stylesheet' >\n\n\n<div id=\"uc_uc_carousel_image_elementor_0916ece\" style=\"display:none;\" class=\"uc-items-wrapper\" data-custom-sethtml=\"true\" >\n\n\n<img decoding=\"async\" alt=\"Artboard 15\"\n   data-src=\"https:\/\/www.epaunova.com\/wp-content\/uploads\/2019\/06\/Artboard-15.jpg\"\n    data-image=\"https:\/\/www.epaunova.com\/wp-content\/uploads\/2019\/06\/Artboard-15.jpg\"\n    data-title=\"Artboard 15\" src=\"data:image\/gif;base64,R0lGODlhAQABAAAAACH5BAEKAAEALAAAAAABAAEAAAICTAEAOw==\" class=\"lazyload\" style=\"--smush-placeholder-width: 480px; --smush-placeholder-aspect-ratio: 480\/655;\"><noscript><img decoding=\"async\" alt=\"Artboard 15\"\n   src=\"https:\/\/www.epaunova.com\/wp-content\/uploads\/2019\/06\/Artboard-15.jpg\"\n    data-image=\"https:\/\/www.epaunova.com\/wp-content\/uploads\/2019\/06\/Artboard-15.jpg\"\n    data-title=\"Artboard 15\"><\/noscript>\n\n<img decoding=\"async\" alt=\"passpoils-1\"\n   data-src=\"https:\/\/www.epaunova.com\/wp-content\/uploads\/2020\/05\/passpoils-1.png\"\n    data-image=\"https:\/\/www.epaunova.com\/wp-content\/uploads\/2020\/05\/passpoils-1.png\"\n    data-title=\"passpoils-1\" src=\"data:image\/gif;base64,R0lGODlhAQABAAAAACH5BAEKAAEALAAAAAABAAEAAAICTAEAOw==\" class=\"lazyload\" style=\"--smush-placeholder-width: 480px; --smush-placeholder-aspect-ratio: 480\/655;\"><noscript><img decoding=\"async\" alt=\"passpoils-1\"\n   src=\"https:\/\/www.epaunova.com\/wp-content\/uploads\/2020\/05\/passpoils-1.png\"\n    data-image=\"https:\/\/www.epaunova.com\/wp-content\/uploads\/2020\/05\/passpoils-1.png\"\n    data-title=\"passpoils-1\"><\/noscript>\n\n<img decoding=\"async\" alt=\"detail-passpoils-1\"\n   data-src=\"https:\/\/www.epaunova.com\/wp-content\/uploads\/2020\/05\/detail-passpoils-1.png\"\n    data-image=\"https:\/\/www.epaunova.com\/wp-content\/uploads\/2020\/05\/detail-passpoils-1.png\"\n    data-title=\"detail-passpoils-1\" src=\"data:image\/gif;base64,R0lGODlhAQABAAAAACH5BAEKAAEALAAAAAABAAEAAAICTAEAOw==\" class=\"lazyload\" style=\"--smush-placeholder-width: 480px; --smush-placeholder-aspect-ratio: 480\/655;\"><noscript><img decoding=\"async\" alt=\"detail-passpoils-1\"\n   src=\"https:\/\/www.epaunova.com\/wp-content\/uploads\/2020\/05\/detail-passpoils-1.png\"\n    data-image=\"https:\/\/www.epaunova.com\/wp-content\/uploads\/2020\/05\/detail-passpoils-1.png\"\n    data-title=\"detail-passpoils-1\"><\/noscript>\n\n<img decoding=\"async\" alt=\"detail-passpoils\"\n   data-src=\"https:\/\/www.epaunova.com\/wp-content\/uploads\/2020\/05\/detail-passpoils.png\"\n    data-image=\"https:\/\/www.epaunova.com\/wp-content\/uploads\/2020\/05\/detail-passpoils.png\"\n    data-title=\"detail-passpoils\" src=\"data:image\/gif;base64,R0lGODlhAQABAAAAACH5BAEKAAEALAAAAAABAAEAAAICTAEAOw==\" class=\"lazyload\" style=\"--smush-placeholder-width: 480px; --smush-placeholder-aspect-ratio: 480\/655;\"><noscript><img decoding=\"async\" alt=\"detail-passpoils\"\n   src=\"https:\/\/www.epaunova.com\/wp-content\/uploads\/2020\/05\/detail-passpoils.png\"\n    data-image=\"https:\/\/www.epaunova.com\/wp-content\/uploads\/2020\/05\/detail-passpoils.png\"\n    data-title=\"detail-passpoils\"><\/noscript>\n\n  \n<\/div>\n<!-- end Carousel Gallery -->\t\t<\/div>\n\t\t\t\t<\/div>\n\t\t\t\t\t<\/div>\n\t\t<\/div>\n\t\t\t\t<div class=\"elementor-column elementor-col-66 elementor-top-column elementor-element elementor-element-c9504c8\" data-id=\"c9504c8\" data-element_type=\"column\" data-settings=\"{&quot;background_background&quot;:&quot;classic&quot;}\">\n\t\t\t<div class=\"elementor-widget-wrap elementor-element-populated\">\n\t\t\t\t\t\t<div class=\"elementor-element elementor-element-b0d5c02 text-left elementor-widget__width-initial text--mobileleft elementor-widget-mobile__width-inherit elementor-widget elementor-widget-tp-advanced-typography\" data-id=\"b0d5c02\" data-element_type=\"widget\" data-widget_type=\"tp-advanced-typography.default\">\n\t\t\t\t<div class=\"elementor-widget-container\">\n\t\t\t<div id=\"atb0d5c02\" class=\"pt-plus-adv-typo-wrapper\"><div class=\"pt_plus_adv_typo_block   none\"><span id=\"advtypo69f27c04113fe\" class=\"text-content-block\"  style=\"\"  >Les passepoils apportent une touche de finition essentielle \u00e0 vos cr\u00e9ations, en ajoutant du relief aux v\u00eatements.\nChez nous, nous pouvons les r\u00e9aliser sur mesure, en diff\u00e9rents diam\u00e8tres, avec des largeurs de tissu vari\u00e9es et diverses options de bourre.\nCes choix personnalis\u00e9s permettent de structurer et sublimer les contours de vos pi\u00e8ces tout en r\u00e9pondant \u00e0 vos exigences techniques et esth\u00e9tiques.\nUn v\u00e9ritable d\u00e9tail de distinction<\/span><\/div><\/div>\t\t<\/div>\n\t\t\t\t<\/div>\n\t\t\t\t<div class=\"elementor-element elementor-element-dde6be9 elementor-widget elementor-widget-spacer\" data-id=\"dde6be9\" data-element_type=\"widget\" data-widget_type=\"spacer.default\">\n\t\t\t\t<div class=\"elementor-widget-container\">\n\t\t\t\t\t<div class=\"elementor-spacer\">\n\t\t\t<div class=\"elementor-spacer-inner\"><\/div>\n\t\t<\/div>\n\t\t\t\t<\/div>\n\t\t\t\t<\/div>\n\t\t\t\t<div class=\"elementor-element elementor-element-6a52799 elementor-absolute e-transform e-transform elementor-hidden-mobile_extra elementor-hidden-mobile elementor-hidden-widescreen elementor-hidden-desktop elementor-hidden-laptop elementor-hidden-tablet elementor-widget elementor-widget-image\" data-id=\"6a52799\" data-element_type=\"widget\" data-settings=\"{&quot;_position&quot;:&quot;absolute&quot;,&quot;_transform_rotateZ_effect&quot;:{&quot;unit&quot;:&quot;px&quot;,&quot;size&quot;:-20,&quot;sizes&quot;:[]},&quot;_transform_flipX_effect&quot;:&quot;transform&quot;,&quot;_transform_rotateZ_effect_widescreen&quot;:{&quot;unit&quot;:&quot;deg&quot;,&quot;size&quot;:&quot;&quot;,&quot;sizes&quot;:[]},&quot;_transform_rotateZ_effect_laptop&quot;:{&quot;unit&quot;:&quot;deg&quot;,&quot;size&quot;:&quot;&quot;,&quot;sizes&quot;:[]},&quot;_transform_rotateZ_effect_tablet&quot;:{&quot;unit&quot;:&quot;deg&quot;,&quot;size&quot;:&quot;&quot;,&quot;sizes&quot;:[]},&quot;_transform_rotateZ_effect_mobile_extra&quot;:{&quot;unit&quot;:&quot;deg&quot;,&quot;size&quot;:&quot;&quot;,&quot;sizes&quot;:[]},&quot;_transform_rotateZ_effect_mobile&quot;:{&quot;unit&quot;:&quot;deg&quot;,&quot;size&quot;:&quot;&quot;,&quot;sizes&quot;:[]}}\" data-widget_type=\"image.default\">\n\t\t\t\t<div class=\"elementor-widget-container\">\n\t\t\t\t\t\t\t\t\t\t\t\t\t<img fetchpriority=\"high\" decoding=\"async\" width=\"3052\" height=\"844\" src=\"https:\/\/www.epaunova.com\/wp-content\/uploads\/2024\/09\/MOTIF.png\" class=\"attachment-full size-full wp-image-22097\" alt=\"MOTIF\" srcset=\"https:\/\/www.epaunova.com\/wp-content\/uploads\/2024\/09\/MOTIF.png 3052w, https:\/\/www.epaunova.com\/wp-content\/uploads\/2024\/09\/MOTIF-300x83.png 300w, https:\/\/www.epaunova.com\/wp-content\/uploads\/2024\/09\/MOTIF-1024x283.png 1024w, https:\/\/www.epaunova.com\/wp-content\/uploads\/2024\/09\/MOTIF-768x212.png 768w, https:\/\/www.epaunova.com\/wp-content\/uploads\/2024\/09\/MOTIF-1536x425.png 1536w, https:\/\/www.epaunova.com\/wp-content\/uploads\/2024\/09\/MOTIF-2048x566.png 2048w, https:\/\/www.epaunova.com\/wp-content\/uploads\/2024\/09\/MOTIF-18x5.png 18w, https:\/\/www.epaunova.com\/wp-content\/uploads\/2024\/09\/MOTIF-800x221.png 800w, https:\/\/www.epaunova.com\/wp-content\/uploads\/2024\/09\/MOTIF-550x152.png 550w, https:\/\/www.epaunova.com\/wp-content\/uploads\/2024\/09\/MOTIF-480x133.png 480w, https:\/\/www.epaunova.com\/wp-content\/uploads\/2024\/09\/MOTIF-600x166.png 600w\" sizes=\"(max-width: 3052px) 100vw, 3052px\" \/>\t\t\t\t\t\t\t\t\t\t\t\t\t<\/div>\n\t\t\t\t<\/div>\n\t\t\t\t\t<\/div>\n\t\t<\/div>\n\t\t\t\t\t<\/div>\n\t\t<\/section>\n\t\t\t\t<\/div>","protected":false},"excerpt":{"rendered":"<p>\u00c9l\u00e9gance et Pr\u00e9cision dans la Couture Les passepoils apportent une touche de finition essentielle \u00e0 vos cr\u00e9ations, en ajoutant du relief aux v\u00eatements. Chez nous, nous pouvons les r\u00e9aliser sur mesure, en diff\u00e9rents diam\u00e8tres, avec des largeurs de tissu vari\u00e9es et diverses options de bourre. Ces choix personnalis\u00e9s permettent de structurer et sublimer les contours de vos pi\u00e8ces tout en r\u00e9pondant \u00e0 vos exigences techniques et esth\u00e9tiques. Un v\u00e9ritable d\u00e9tail de distinction<\/p>","protected":false},"author":2,"featured_media":18281,"parent":0,"menu_order":0,"comment_status":"closed","ping_status":"closed","template":"","meta":{"footnotes":""},"class_list":["post-20389","page","type-page","status-publish","has-post-thumbnail","hentry"],"_links":{"self":[{"href":"https:\/\/www.epaunova.com\/en\/wp-json\/wp\/v2\/pages\/20389","targetHints":{"allow":["GET"]}}],"collection":[{"href":"https:\/\/www.epaunova.com\/en\/wp-json\/wp\/v2\/pages"}],"about":[{"href":"https:\/\/www.epaunova.com\/en\/wp-json\/wp\/v2\/types\/page"}],"author":[{"embeddable":true,"href":"https:\/\/www.epaunova.com\/en\/wp-json\/wp\/v2\/users\/2"}],"replies":[{"embeddable":true,"href":"https:\/\/www.epaunova.com\/en\/wp-json\/wp\/v2\/comments?post=20389"}],"version-history":[{"count":0,"href":"https:\/\/www.epaunova.com\/en\/wp-json\/wp\/v2\/pages\/20389\/revisions"}],"wp:featuredmedia":[{"embeddable":true,"href":"https:\/\/www.epaunova.com\/en\/wp-json\/wp\/v2\/media\/18281"}],"wp:attachment":[{"href":"https:\/\/www.epaunova.com\/en\/wp-json\/wp\/v2\/media?parent=20389"}],"curies":[{"name":"wp","href":"https:\/\/api.w.org\/{rel}","templated":true}]}}