{"id":20476,"date":"2024-07-31T09:43:20","date_gmt":"2024-07-31T09:43:20","guid":{"rendered":"https:\/\/www.epaunova.com\/?page_id=20476"},"modified":"2024-09-24T13:04:29","modified_gmt":"2024-09-24T13:04:29","slug":"sacs","status":"publish","type":"page","link":"https:\/\/www.epaunova.com\/en\/sacs\/","title":{"rendered":"Bags"},"content":{"rendered":"<div data-elementor-type=\"wp-page\" data-elementor-id=\"20476\" class=\"elementor elementor-20476\" data-elementor-post-type=\"page\">\n\t\t\t\t\t\t<section data-particle_enable=\"false\" data-particle-mobile-disabled=\"false\" class=\"elementor-section elementor-top-section elementor-element elementor-element-f8a8a0c elementor-section-full_width elementor-section-height-default elementor-section-height-default\" data-id=\"f8a8a0c\" data-element_type=\"section\">\n\t\t\t\t\t\t<div class=\"elementor-container elementor-column-gap-default\">\n\t\t\t\t\t<div class=\"elementor-column elementor-col-100 elementor-top-column elementor-element elementor-element-38636ed\" data-id=\"38636ed\" data-element_type=\"column\">\n\t\t\t<div class=\"elementor-widget-wrap elementor-element-populated\">\n\t\t\t\t\t\t<div class=\"elementor-element elementor-element-0f643f9 elementor-widget elementor-widget-heading\" data-id=\"0f643f9\" data-element_type=\"widget\" data-widget_type=\"heading.default\">\n\t\t\t\t<div class=\"elementor-widget-container\">\n\t\t\t<h2 class=\"elementor-heading-title elementor-size-default\">Discover our custom bags\n<\/h2>\t\t<\/div>\n\t\t\t\t<\/div>\n\t\t\t\t\t<\/div>\n\t\t<\/div>\n\t\t\t\t\t<\/div>\n\t\t<\/section>\n\t\t\t\t<section data-particle_enable=\"false\" data-particle-mobile-disabled=\"false\" class=\"elementor-section elementor-top-section elementor-element elementor-element-c94452b elementor-section-full_width elementor-section-height-default elementor-section-height-default\" data-id=\"c94452b\" data-element_type=\"section\">\n\t\t\t\t\t\t<div class=\"elementor-container elementor-column-gap-default\">\n\t\t\t\t\t<div class=\"elementor-column elementor-col-33 elementor-top-column elementor-element elementor-element-d2e28de\" data-id=\"d2e28de\" data-element_type=\"column\">\n\t\t\t<div class=\"elementor-widget-wrap elementor-element-populated\">\n\t\t\t\t\t\t<div class=\"elementor-element elementor-element-9888d9f elementor-widget elementor-widget-ucaddon_uc_carousel_image\" data-id=\"9888d9f\" data-element_type=\"widget\" data-widget_type=\"ucaddon_uc_carousel_image.default\">\n\t\t\t\t<div class=\"elementor-widget-container\">\n\t\t\t\n<!-- start Carousel Gallery -->\n\t\t<link id='unitegallery-css' href='https:\/\/www.epaunova.com\/wp-content\/plugins\/unlimited-elements-for-elementor-premium\/assets_libraries\/unitegallery\/css\/unite-gallery.css' type='text\/css' rel='stylesheet' >\n\n\n<div id=\"uc_uc_carousel_image_elementor_9888d9f\" style=\"display:none;\" class=\"uc-items-wrapper\" data-custom-sethtml=\"true\" >\n\n\n<img decoding=\"async\" alt=\"Artboard 2\"\n   data-src=\"https:\/\/www.epaunova.com\/wp-content\/uploads\/2024\/07\/Artboard-2.jpg\"\n    data-image=\"https:\/\/www.epaunova.com\/wp-content\/uploads\/2024\/07\/Artboard-2.jpg\"\n    data-title=\"Artboard 2\" src=\"data:image\/gif;base64,R0lGODlhAQABAAAAACH5BAEKAAEALAAAAAABAAEAAAICTAEAOw==\" class=\"lazyload\" style=\"--smush-placeholder-width: 480px; --smush-placeholder-aspect-ratio: 480\/655;\"><noscript><img decoding=\"async\" alt=\"Artboard 2\"\n   src=\"https:\/\/www.epaunova.com\/wp-content\/uploads\/2024\/07\/Artboard-2.jpg\"\n    data-image=\"https:\/\/www.epaunova.com\/wp-content\/uploads\/2024\/07\/Artboard-2.jpg\"\n    data-title=\"Artboard 2\"><\/noscript>\n\n<img decoding=\"async\" alt=\"Artboard-27\"\n   data-src=\"https:\/\/www.epaunova.com\/wp-content\/uploads\/2019\/06\/Artboard-27.jpg\"\n    data-image=\"https:\/\/www.epaunova.com\/wp-content\/uploads\/2019\/06\/Artboard-27.jpg\"\n    data-title=\"Artboard-27\" src=\"data:image\/gif;base64,R0lGODlhAQABAAAAACH5BAEKAAEALAAAAAABAAEAAAICTAEAOw==\" class=\"lazyload\" style=\"--smush-placeholder-width: 480px; --smush-placeholder-aspect-ratio: 480\/655;\"><noscript><img decoding=\"async\" alt=\"Artboard-27\"\n   src=\"https:\/\/www.epaunova.com\/wp-content\/uploads\/2019\/06\/Artboard-27.jpg\"\n    data-image=\"https:\/\/www.epaunova.com\/wp-content\/uploads\/2019\/06\/Artboard-27.jpg\"\n    data-title=\"Artboard-27\"><\/noscript>\n\n<img decoding=\"async\" alt=\"Artboard-1\"\n   data-src=\"https:\/\/www.epaunova.com\/wp-content\/uploads\/2019\/06\/Artboard-1.jpg\"\n    data-image=\"https:\/\/www.epaunova.com\/wp-content\/uploads\/2019\/06\/Artboard-1.jpg\"\n    data-title=\"Artboard-1\" src=\"data:image\/gif;base64,R0lGODlhAQABAAAAACH5BAEKAAEALAAAAAABAAEAAAICTAEAOw==\" class=\"lazyload\" style=\"--smush-placeholder-width: 400px; --smush-placeholder-aspect-ratio: 400\/500;\"><noscript><img decoding=\"async\" alt=\"Artboard-1\"\n   src=\"https:\/\/www.epaunova.com\/wp-content\/uploads\/2019\/06\/Artboard-1.jpg\"\n    data-image=\"https:\/\/www.epaunova.com\/wp-content\/uploads\/2019\/06\/Artboard-1.jpg\"\n    data-title=\"Artboard-1\"><\/noscript>\n\n  \n<\/div>\n<!-- end Carousel Gallery -->\t\t<\/div>\n\t\t\t\t<\/div>\n\t\t\t\t\t<\/div>\n\t\t<\/div>\n\t\t\t\t<div class=\"elementor-column elementor-col-66 elementor-top-column elementor-element elementor-element-4a84236\" data-id=\"4a84236\" data-element_type=\"column\" data-settings=\"{&quot;background_background&quot;:&quot;classic&quot;}\">\n\t\t\t<div class=\"elementor-widget-wrap elementor-element-populated\">\n\t\t\t\t\t\t<div class=\"elementor-element elementor-element-868d32f text-left elementor-widget__width-initial elementor-widget-mobile__width-inherit elementor-widget elementor-widget-tp-advanced-typography\" data-id=\"868d32f\" data-element_type=\"widget\" data-widget_type=\"tp-advanced-typography.default\">\n\t\t\t\t<div class=\"elementor-widget-container\">\n\t\t\t<div id=\"at868d32f\" class=\"pt-plus-adv-typo-wrapper\"><div class=\"pt_plus_adv_typo_block   none\"><span id=\"advtypo69f27b3958658\" class=\"text-content-block\"  style=\"\"  >Our swimsuit bags are made of lightweight, waterproof fabric, perfect for keeping your wet swimsuits separate from other items in your beach bag. In addition to their functionality, we offer a wide range of custom bags and pouches, tailored to your specific needs. Our custom bags combine practicality, design and quality to meet all your expectations.<\/span><\/div><\/div>\t\t<\/div>\n\t\t\t\t<\/div>\n\t\t\t\t<div class=\"elementor-element elementor-element-cc43fb4 elementor-absolute e-transform e-transform elementor-hidden-mobile_extra elementor-hidden-mobile elementor-hidden-widescreen elementor-hidden-desktop elementor-hidden-laptop elementor-hidden-tablet elementor-widget elementor-widget-image\" data-id=\"cc43fb4\" data-element_type=\"widget\" data-settings=\"{&quot;_position&quot;:&quot;absolute&quot;,&quot;_transform_rotateZ_effect&quot;:{&quot;unit&quot;:&quot;px&quot;,&quot;size&quot;:-20,&quot;sizes&quot;:[]},&quot;_transform_flipX_effect&quot;:&quot;transform&quot;,&quot;_transform_rotateZ_effect_widescreen&quot;:{&quot;unit&quot;:&quot;deg&quot;,&quot;size&quot;:&quot;&quot;,&quot;sizes&quot;:[]},&quot;_transform_rotateZ_effect_laptop&quot;:{&quot;unit&quot;:&quot;deg&quot;,&quot;size&quot;:&quot;&quot;,&quot;sizes&quot;:[]},&quot;_transform_rotateZ_effect_tablet&quot;:{&quot;unit&quot;:&quot;deg&quot;,&quot;size&quot;:&quot;&quot;,&quot;sizes&quot;:[]},&quot;_transform_rotateZ_effect_mobile_extra&quot;:{&quot;unit&quot;:&quot;deg&quot;,&quot;size&quot;:&quot;&quot;,&quot;sizes&quot;:[]},&quot;_transform_rotateZ_effect_mobile&quot;:{&quot;unit&quot;:&quot;deg&quot;,&quot;size&quot;:&quot;&quot;,&quot;sizes&quot;:[]}}\" data-widget_type=\"image.default\">\n\t\t\t\t<div class=\"elementor-widget-container\">\n\t\t\t\t\t\t\t\t\t\t\t\t\t<img fetchpriority=\"high\" decoding=\"async\" width=\"3052\" height=\"844\" src=\"https:\/\/www.epaunova.com\/wp-content\/uploads\/2024\/09\/MOTIF.png\" class=\"attachment-full size-full wp-image-22097\" alt=\"MOTIF\" srcset=\"https:\/\/www.epaunova.com\/wp-content\/uploads\/2024\/09\/MOTIF.png 3052w, https:\/\/www.epaunova.com\/wp-content\/uploads\/2024\/09\/MOTIF-300x83.png 300w, https:\/\/www.epaunova.com\/wp-content\/uploads\/2024\/09\/MOTIF-1024x283.png 1024w, https:\/\/www.epaunova.com\/wp-content\/uploads\/2024\/09\/MOTIF-768x212.png 768w, https:\/\/www.epaunova.com\/wp-content\/uploads\/2024\/09\/MOTIF-1536x425.png 1536w, https:\/\/www.epaunova.com\/wp-content\/uploads\/2024\/09\/MOTIF-2048x566.png 2048w, https:\/\/www.epaunova.com\/wp-content\/uploads\/2024\/09\/MOTIF-18x5.png 18w, https:\/\/www.epaunova.com\/wp-content\/uploads\/2024\/09\/MOTIF-800x221.png 800w, https:\/\/www.epaunova.com\/wp-content\/uploads\/2024\/09\/MOTIF-550x152.png 550w, https:\/\/www.epaunova.com\/wp-content\/uploads\/2024\/09\/MOTIF-480x133.png 480w, https:\/\/www.epaunova.com\/wp-content\/uploads\/2024\/09\/MOTIF-600x166.png 600w\" sizes=\"(max-width: 3052px) 100vw, 3052px\" \/>\t\t\t\t\t\t\t\t\t\t\t\t\t<\/div>\n\t\t\t\t<\/div>\n\t\t\t\t<div class=\"elementor-element elementor-element-a12896b elementor-widget elementor-widget-spacer\" data-id=\"a12896b\" data-element_type=\"widget\" data-widget_type=\"spacer.default\">\n\t\t\t\t<div class=\"elementor-widget-container\">\n\t\t\t\t\t<div class=\"elementor-spacer\">\n\t\t\t<div class=\"elementor-spacer-inner\"><\/div>\n\t\t<\/div>\n\t\t\t\t<\/div>\n\t\t\t\t<\/div>\n\t\t\t\t\t<\/div>\n\t\t<\/div>\n\t\t\t\t\t<\/div>\n\t\t<\/section>\n\t\t\t\t<\/div>","protected":false},"excerpt":{"rendered":"<p>D\u00e9couvrez nos sacs sur mesure Nos sacs \u00e0 maillot de bain sont fabriqu\u00e9s en tissu l\u00e9ger et imperm\u00e9able, parfaits pour garder vos maillots mouill\u00e9s s\u00e9par\u00e9s des autres affaires dans votre sac de plage. En plus de leur fonctionnalit\u00e9, nous offrons une large gamme de sacs et pochettes sur mesure, adapt\u00e9s \u00e0 vos besoins sp\u00e9cifiques. Nos sacs sur mesure allient praticit\u00e9, design et qualit\u00e9 pour r\u00e9pondre \u00e0 toutes vos attentes.<\/p>","protected":false},"author":2,"featured_media":18283,"parent":0,"menu_order":0,"comment_status":"closed","ping_status":"closed","template":"","meta":{"footnotes":""},"class_list":["post-20476","page","type-page","status-publish","has-post-thumbnail","hentry"],"_links":{"self":[{"href":"https:\/\/www.epaunova.com\/en\/wp-json\/wp\/v2\/pages\/20476","targetHints":{"allow":["GET"]}}],"collection":[{"href":"https:\/\/www.epaunova.com\/en\/wp-json\/wp\/v2\/pages"}],"about":[{"href":"https:\/\/www.epaunova.com\/en\/wp-json\/wp\/v2\/types\/page"}],"author":[{"embeddable":true,"href":"https:\/\/www.epaunova.com\/en\/wp-json\/wp\/v2\/users\/2"}],"replies":[{"embeddable":true,"href":"https:\/\/www.epaunova.com\/en\/wp-json\/wp\/v2\/comments?post=20476"}],"version-history":[{"count":0,"href":"https:\/\/www.epaunova.com\/en\/wp-json\/wp\/v2\/pages\/20476\/revisions"}],"wp:featuredmedia":[{"embeddable":true,"href":"https:\/\/www.epaunova.com\/en\/wp-json\/wp\/v2\/media\/18283"}],"wp:attachment":[{"href":"https:\/\/www.epaunova.com\/en\/wp-json\/wp\/v2\/media?parent=20476"}],"curies":[{"name":"wp","href":"https:\/\/api.w.org\/{rel}","templated":true}]}}