{"id":14303,"date":"2024-05-17T11:44:36","date_gmt":"2024-05-17T11:44:36","guid":{"rendered":"https:\/\/www.epaunova.com\/?page_id=14303"},"modified":"2025-03-17T13:57:30","modified_gmt":"2025-03-17T13:57:30","slug":"nous-connaitre","status":"publish","type":"page","link":"https:\/\/www.epaunova.com\/es\/nous-connaitre\/","title":{"rendered":"Historia"},"content":{"rendered":"<div data-elementor-type=\"wp-page\" data-elementor-id=\"14303\" class=\"elementor elementor-14303\" data-elementor-post-type=\"page\">\n\t\t\t\t\t\t<section data-particle_enable=\"false\" data-particle-mobile-disabled=\"false\" class=\"elementor-section elementor-top-section elementor-element elementor-element-8c86028 elementor-section-full_width elementor-section-stretched elementor-section-height-default elementor-section-height-default\" data-id=\"8c86028\" data-element_type=\"section\" data-settings=\"{&quot;stretch_section&quot;:&quot;section-stretched&quot;,&quot;background_background&quot;:&quot;classic&quot;}\">\n\t\t\t\t\t\t<div class=\"elementor-container elementor-column-gap-default\">\n\t\t\t\t\t<div class=\"elementor-column elementor-col-100 elementor-top-column elementor-element elementor-element-1c9e566\" data-id=\"1c9e566\" data-element_type=\"column\">\n\t\t\t<div class=\"elementor-widget-wrap elementor-element-populated\">\n\t\t\t\t\t\t<section data-particle_enable=\"false\" data-particle-mobile-disabled=\"false\" class=\"elementor-section elementor-inner-section elementor-element elementor-element-8d839a4 elementor-section-boxed elementor-section-height-default elementor-section-height-default\" data-id=\"8d839a4\" data-element_type=\"section\">\n\t\t\t\t\t\t<div class=\"elementor-container elementor-column-gap-default\">\n\t\t\t\t\t<div class=\"elementor-column elementor-col-100 elementor-inner-column elementor-element elementor-element-370330d\" data-id=\"370330d\" data-element_type=\"column\">\n\t\t\t<div class=\"elementor-widget-wrap elementor-element-populated\">\n\t\t\t\t\t\t<div class=\"elementor-element elementor-element-baac5a2 elementor-widget elementor-widget-timeline_awesome-post-block\" data-id=\"baac5a2\" data-element_type=\"widget\" data-widget_type=\"timeline_awesome-post-block.default\">\n\t\t\t\t<div class=\"elementor-widget-container\">\n\t\t\t\r\n<div class=\"timeline-vertical-7 timeline-ver-7-timeline js-timeline-ver-7-timeline timeline-post-20006\" id=\"vertical-background\">\r\n\t<div class=\"timeline-ver-7-timeline__container\">\r\n\t \t  \t<div class=\"timeline-ver-7-timeline__block js-timeline-ver-7-block\">\r\n\t\t\t<div class=\"timeline-ver-7-timeline__img timeline-ver-7-timeline__img--picture js-timeline-ver-7-img\">\r\n\t\t\t\t<i class=\"icon-vertical7\"><\/i>\r\n\t\t\t<\/div>\r\n\r\n\t\t\t<div class=\"timeline-ver-7-timeline__content js-timeline-ver-7-content\">\r\n\t\t\t  \t<span class=\"timeline-ver-7-timeline__date timeline-info mobile\">\r\n\t\t\t  \t\t1957\t\t\t  \t<\/span>\r\n\t\t\t  \t<h2 class=\"timeline-title mobile\">Creaci\u00f3n de Epaunova en Francia<\/h2>\r\n\t\t\t\t<div class=\"timeline-img\">\r\n\t\t\t  \t\t\t\t\t  \t<\/div>\r\n\t\t\t  \t<p class=\"timeline-text\">Epaunova se funda en Francia, especializ\u00e1ndose en la fabricaci\u00f3n de accesorios textiles, especialmente hombreras y pu\u00f1os de mangas.<\/p>\r\n\t\t\t  \t<span class=\"timeline-ver-7-timeline__date timeline-info\">\r\n\t\t\t  \t\t1957\t\t\t  \t<\/span>\r\n\t\t\t  \t<h2 class=\"timeline-title\">Creaci\u00f3n de Epaunova en Francia<\/h2>\r\n\t\t\t<\/div> \r\n\t\t\t<!-- timeline-ver-7-timeline__content -->\r\n\t  \t<\/div>\r\n\t  \t  \t<div class=\"timeline-ver-7-timeline__block js-timeline-ver-7-block\">\r\n\t\t\t<div class=\"timeline-ver-7-timeline__img timeline-ver-7-timeline__img--picture js-timeline-ver-7-img\">\r\n\t\t\t\t<i class=\"icon-vertical7\"><\/i>\r\n\t\t\t<\/div>\r\n\r\n\t\t\t<div class=\"timeline-ver-7-timeline__content js-timeline-ver-7-content\">\r\n\t\t\t  \t<span class=\"timeline-ver-7-timeline__date timeline-info mobile\">\r\n\t\t\t  \t\t1996\t\t\t  \t<\/span>\r\n\t\t\t  \t<h2 class=\"timeline-title mobile\">Inicio de la expansi\u00f3n internacional<\/h2>\r\n\t\t\t\t<div class=\"timeline-img\">\r\n\t\t\t  \t\t\t\t\t  \t<\/div>\r\n\t\t\t  \t<p class=\"timeline-text\">Epaunova comienza su expansi\u00f3n global estableci\u00e9ndose en T\u00fanez con la creaci\u00f3n de Epaulettes Franco-Tunecinas (FTE), con el objetivo de conquistar nuevos mercados.<\/p>\r\n\t\t\t  \t<span class=\"timeline-ver-7-timeline__date timeline-info\">\r\n\t\t\t  \t\t1996\t\t\t  \t<\/span>\r\n\t\t\t  \t<h2 class=\"timeline-title\">Inicio de la expansi\u00f3n internacional<\/h2>\r\n\t\t\t<\/div> \r\n\t\t\t<!-- timeline-ver-7-timeline__content -->\r\n\t  \t<\/div>\r\n\t  \t  \t<div class=\"timeline-ver-7-timeline__block js-timeline-ver-7-block\">\r\n\t\t\t<div class=\"timeline-ver-7-timeline__img timeline-ver-7-timeline__img--picture js-timeline-ver-7-img\">\r\n\t\t\t\t<i class=\"icon-vertical7\"><\/i>\r\n\t\t\t<\/div>\r\n\r\n\t\t\t<div class=\"timeline-ver-7-timeline__content js-timeline-ver-7-content\">\r\n\t\t\t  \t<span class=\"timeline-ver-7-timeline__date timeline-info mobile\">\r\n\t\t\t  \t\t1998\t\t\t  \t<\/span>\r\n\t\t\t  \t<h2 class=\"timeline-title mobile\">Expansi\u00f3n hacia el mercado africano<\/h2>\r\n\t\t\t\t<div class=\"timeline-img\">\r\n\t\t\t  \t\t\t\t\t  \t<\/div>\r\n\t\t\t  \t<p class=\"timeline-text\">Para responder mejor a las demandas de los clientes, Epaunova se establece en Marruecos con la creaci\u00f3n de Epaunova Marruecos, marcando un nuevo hito en su estrategia de expansi\u00f3n.<\/p>\r\n\t\t\t  \t<span class=\"timeline-ver-7-timeline__date timeline-info\">\r\n\t\t\t  \t\t1998\t\t\t  \t<\/span>\r\n\t\t\t  \t<h2 class=\"timeline-title\">Expansi\u00f3n hacia el mercado africano<\/h2>\r\n\t\t\t<\/div> \r\n\t\t\t<!-- timeline-ver-7-timeline__content -->\r\n\t  \t<\/div>\r\n\t  \t  \t<div class=\"timeline-ver-7-timeline__block js-timeline-ver-7-block\">\r\n\t\t\t<div class=\"timeline-ver-7-timeline__img timeline-ver-7-timeline__img--picture js-timeline-ver-7-img\">\r\n\t\t\t\t<i class=\"icon-vertical7\"><\/i>\r\n\t\t\t<\/div>\r\n\r\n\t\t\t<div class=\"timeline-ver-7-timeline__content js-timeline-ver-7-content\">\r\n\t\t\t  \t<span class=\"timeline-ver-7-timeline__date timeline-info mobile\">\r\n\t\t\t  \t\t2001\t\t\t  \t<\/span>\r\n\t\t\t  \t<h2 class=\"timeline-title mobile\">Crecimiento en Europa del Este<\/h2>\r\n\t\t\t\t<div class=\"timeline-img\">\r\n\t\t\t  \t\t\t\t\t  \t<\/div>\r\n\t\t\t  \t<p class=\"timeline-text\">Epaunova contin\u00faa su expansi\u00f3n abriendo una filial en Ruman\u00eda, ampliando as\u00ed su presencia en el mercado del sudeste de Europa.<\/p>\r\n\t\t\t  \t<span class=\"timeline-ver-7-timeline__date timeline-info\">\r\n\t\t\t  \t\t2001\t\t\t  \t<\/span>\r\n\t\t\t  \t<h2 class=\"timeline-title\">Crecimiento en Europa del Este<\/h2>\r\n\t\t\t<\/div> \r\n\t\t\t<!-- timeline-ver-7-timeline__content -->\r\n\t  \t<\/div>\r\n\t  \t  \t<div class=\"timeline-ver-7-timeline__block js-timeline-ver-7-block\">\r\n\t\t\t<div class=\"timeline-ver-7-timeline__img timeline-ver-7-timeline__img--picture js-timeline-ver-7-img\">\r\n\t\t\t\t<i class=\"icon-vertical7\"><\/i>\r\n\t\t\t<\/div>\r\n\r\n\t\t\t<div class=\"timeline-ver-7-timeline__content js-timeline-ver-7-content\">\r\n\t\t\t  \t<span class=\"timeline-ver-7-timeline__date timeline-info mobile\">\r\n\t\t\t  \t\t2005\t\t\t  \t<\/span>\r\n\t\t\t  \t<h2 class=\"timeline-title mobile\">Expansi\u00f3n en Bulgaria<\/h2>\r\n\t\t\t\t<div class=\"timeline-img\">\r\n\t\t\t  \t\t\t\t\t  \t<\/div>\r\n\t\t\t  \t<p class=\"timeline-text\">En respuesta a la creciente demanda en el mercado europeo, Epaunova establece una nueva filial en Bulgaria. Esta implantaci\u00f3n refuerza la presencia de la empresa en Europa y confirma su estrategia de crecimiento continuo.<\/p>\r\n\t\t\t  \t<span class=\"timeline-ver-7-timeline__date timeline-info\">\r\n\t\t\t  \t\t2005\t\t\t  \t<\/span>\r\n\t\t\t  \t<h2 class=\"timeline-title\">Expansi\u00f3n en Bulgaria<\/h2>\r\n\t\t\t<\/div> \r\n\t\t\t<!-- timeline-ver-7-timeline__content -->\r\n\t  \t<\/div>\r\n\t  \t  \t<div class=\"timeline-ver-7-timeline__block js-timeline-ver-7-block\">\r\n\t\t\t<div class=\"timeline-ver-7-timeline__img timeline-ver-7-timeline__img--picture js-timeline-ver-7-img\">\r\n\t\t\t\t<i class=\"icon-vertical7\"><\/i>\r\n\t\t\t<\/div>\r\n\r\n\t\t\t<div class=\"timeline-ver-7-timeline__content js-timeline-ver-7-content\">\r\n\t\t\t  \t<span class=\"timeline-ver-7-timeline__date timeline-info mobile\">\r\n\t\t\t  \t\t2007\t\t\t  \t<\/span>\r\n\t\t\t  \t<h2 class=\"timeline-title mobile\">Unidad de fabricaci\u00f3n de copas para ropa interior y trajes de ba\u00f1o<\/h2>\r\n\t\t\t\t<div class=\"timeline-img\">\r\n\t\t\t  \t\t\t\t\t  \t<\/div>\r\n\t\t\t  \t<p class=\"timeline-text\">Epaunova ampl\u00eda su gama de productos lanzando una unidad de fabricaci\u00f3n de copas para ropa interior y trajes de ba\u00f1o, fortaleciendo as\u00ed su experiencia en accesorios textiles.<\/p>\r\n\t\t\t  \t<span class=\"timeline-ver-7-timeline__date timeline-info\">\r\n\t\t\t  \t\t2007\t\t\t  \t<\/span>\r\n\t\t\t  \t<h2 class=\"timeline-title\">Unidad de fabricaci\u00f3n de copas para ropa interior y trajes de ba\u00f1o<\/h2>\r\n\t\t\t<\/div> \r\n\t\t\t<!-- timeline-ver-7-timeline__content -->\r\n\t  \t<\/div>\r\n\t  \t  \t<div class=\"timeline-ver-7-timeline__block js-timeline-ver-7-block\">\r\n\t\t\t<div class=\"timeline-ver-7-timeline__img timeline-ver-7-timeline__img--picture js-timeline-ver-7-img\">\r\n\t\t\t\t<i class=\"icon-vertical7\"><\/i>\r\n\t\t\t<\/div>\r\n\r\n\t\t\t<div class=\"timeline-ver-7-timeline__content js-timeline-ver-7-content\">\r\n\t\t\t  \t<span class=\"timeline-ver-7-timeline__date timeline-info mobile\">\r\n\t\t\t  \t\t2009\t\t\t  \t<\/span>\r\n\t\t\t  \t<h2 class=\"timeline-title mobile\">Unidad de fabricaci\u00f3n de cintas al bies<\/h2>\r\n\t\t\t\t<div class=\"timeline-img\">\r\n\t\t\t  \t\t\t\t\t  \t<\/div>\r\n\t\t\t  \t<p class=\"timeline-text\">Para ofrecer una gama completa de accesorios de vestimenta, Epaunova instala una unidad de fabricaci\u00f3n de cintas al bies. La empresa ahora ofrece una variedad de art\u00edculos que incluyen hombreras, copas, protectores de aros, vivos y cintas al bies.<\/p>\r\n\t\t\t  \t<span class=\"timeline-ver-7-timeline__date timeline-info\">\r\n\t\t\t  \t\t2009\t\t\t  \t<\/span>\r\n\t\t\t  \t<h2 class=\"timeline-title\">Unidad de fabricaci\u00f3n de cintas al bies<\/h2>\r\n\t\t\t<\/div> \r\n\t\t\t<!-- timeline-ver-7-timeline__content -->\r\n\t  \t<\/div>\r\n\t  \t  \r\n\t<\/div>\r\n<\/div>\r\n<script type=\"text\/javascript\">\r\n  \/\/ Timeline Body Animations Below ===\r\n\tfunction VerticalTimeline(element) {\r\n\t    this.element = element;\r\n\t    this.blocks = this.element.getElementsByClassName(\"js-timeline-ver-7-block\");\r\n\t    this.images = this.element.getElementsByClassName(\"js-timeline-ver-7-img\");\r\n\t    this.contents = this.element.getElementsByClassName(\"js-timeline-ver-7-content\");\r\n\t    this.offset = 0.8;\r\n\t    this.hideBlocks();\r\n\t};\r\n\r\n\tVerticalTimeline.prototype.hideBlocks = function() {\r\n\t    \/\/hide timeline blocks which are outside the viewport\r\n\t    if (!\"classList\" in document.documentElement) {\r\n\t        return;\r\n\t    }\r\n\t    var self = this;\r\n\t    for (var i = 0; i < this.blocks.length; i++) {\r\n\t        (function(i) {\r\n\t            if (self.blocks[i].getBoundingClientRect().top > window.innerHeight * self.offset) {\r\n\t                self.images[i].classList.add(\"timeline-ver-7-is-hidden\");\r\n\t                self.contents[i].classList.add(\"timeline-ver-7-is-hidden\");\r\n\t            }\r\n\t        })(i);\r\n\t    }\r\n\t};\r\n\r\n\tVerticalTimeline.prototype.showBlocks = function() {\r\n\t    if (!\"classList\" in document.documentElement) {\r\n\t        return;\r\n\t    }\r\n\t    var self = this;\r\n\t    for (var i = 0; i < this.blocks.length; i++) {\r\n\t        (function(i) {\r\n\t            if (self.contents[i].classList.contains(\"timeline-ver-7-is-hidden\") && self.blocks[i].getBoundingClientRect().top <= window.innerHeight * self.offset) {\r\n\t                \/\/ add bounce-in animation\r\n\t                self.images[i].classList.add(\"timeline-ver-7-timeline__img--bounce-in\");\r\n\t                self.contents[i].classList.add(\"timeline-ver-7-timeline__content--bounce-in\");\r\n\t                self.images[i].classList.remove(\"timeline-ver-7-is-hidden\");\r\n\t                self.contents[i].classList.remove(\"timeline-ver-7-is-hidden\");\r\n\t            }\r\n\t        })(i);\r\n\t    }\r\n\t};\r\n\r\n\tvar verticalTimelines = document.getElementsByClassName(\"js-timeline-ver-7-timeline\"),\r\n\t    verticalTimelinesArray = [],\r\n\t    scrolling = false;\r\n\tif (verticalTimelines.length > 0) {\r\n\t    for (var i = 0; i < verticalTimelines.length; i++) {\r\n\t        (function(i) {\r\n\t            verticalTimelinesArray.push(new VerticalTimeline(verticalTimelines[i]));\r\n\t        })(i);\r\n\t    }\r\n\r\n\t    \/\/show timeline blocks on scrolling\r\n\t    window.addEventListener(\"scroll\", function(event) {\r\n\t        if (!scrolling) {\r\n\t            scrolling = true;\r\n\t            (!window.requestAnimationFrame) ? setTimeout(checkTimelineScroll, 250): window.requestAnimationFrame(checkTimelineScroll);\r\n\t        }\r\n\t    });\r\n\t}\r\n\r\n\tfunction checkTimelineScroll() {\r\n\t    verticalTimelinesArray.forEach(function(timeline) {\r\n\t        timeline.showBlocks();\r\n\t    });\r\n\t    scrolling = false;\r\n\t};\r\n<\/script>\r\n\t\t\t\t<\/div>\n\t\t\t\t<\/div>\n\t\t\t\t\t<\/div>\n\t\t<\/div>\n\t\t\t\t\t<\/div>\n\t\t<\/section>\n\t\t\t\t\t<\/div>\n\t\t<\/div>\n\t\t\t\t\t<\/div>\n\t\t<\/section>\n\t\t\t\t<section data-particle_enable=\"false\" data-particle-mobile-disabled=\"false\" class=\"elementor-section elementor-top-section elementor-element elementor-element-3e27f25 elementor-section-boxed elementor-section-height-default elementor-section-height-default\" data-id=\"3e27f25\" data-element_type=\"section\">\n\t\t\t\t\t\t<div class=\"elementor-container elementor-column-gap-default\">\n\t\t\t\t\t<div class=\"elementor-column elementor-col-66 elementor-top-column elementor-element elementor-element-202fe9a\" data-id=\"202fe9a\" data-element_type=\"column\">\n\t\t\t<div class=\"elementor-widget-wrap elementor-element-populated\">\n\t\t\t\t\t\t<div class=\"elementor-element elementor-element-cd86426 elementor-widget elementor-widget-lte-header\" data-id=\"cd86426\" data-element_type=\"widget\" data-widget_type=\"lte-header.default\">\n\t\t\t\t<div class=\"elementor-widget-container\">\n\t\t\t<div class=\"lte-heading default lte-subcolor-main heading-tag-h2\"><h2 class=\"lte-header\">Certification OEKO-TEX\u00ae STANDARD 100 et Iso 9001 <\/h2><\/div>\t\t<\/div>\n\t\t\t\t<\/div>\n\t\t\t\t<div class=\"elementor-element elementor-element-ba68e5f elementor-widget__width-initial animated-slow elementor-invisible elementor-widget elementor-widget-text-editor\" data-id=\"ba68e5f\" data-element_type=\"widget\" data-settings=\"{&quot;_animation&quot;:&quot;fadeIn&quot;}\" data-widget_type=\"text-editor.default\">\n\t\t\t\t<div class=\"elementor-widget-container\">\n\t\t\t\t\t\t\tPour assurer la r\u00e9gularit\u00e9 et le suivi qualitatif continu en faveur de sa client\u00e8le, Les filiales d&rsquo;Epaunova obtiennent la certification\nOEKO-TEX\u00ae STANDARD 100\n, garantissant l&rsquo;absence de substances nocives dans les textiles, ainsi que la certification ISO 9001, assurant un syst\u00e8me de management de la qualit\u00e9 pour am\u00e9liorer en permanence la satisfaction des clients et garantir des produits et services conformes.\t\t\t\t\t\t<\/div>\n\t\t\t\t<\/div>\n\t\t\t\t\t<\/div>\n\t\t<\/div>\n\t\t\t\t<div class=\"elementor-column elementor-col-16 elementor-top-column elementor-element elementor-element-570dd2a\" data-id=\"570dd2a\" data-element_type=\"column\">\n\t\t\t<div class=\"elementor-widget-wrap elementor-element-populated\">\n\t\t\t\t\t\t<div class=\"elementor-element elementor-element-6b929b6 elementor-hidden-laptop elementor-hidden-tablet elementor-widget elementor-widget-image\" data-id=\"6b929b6\" data-element_type=\"widget\" data-widget_type=\"image.default\">\n\t\t\t\t<div class=\"elementor-widget-container\">\n\t\t\t\t\t\t\t\t\t\t\t\t\t<img fetchpriority=\"high\" decoding=\"async\" width=\"300\" height=\"300\" src=\"https:\/\/www.epaunova.com\/wp-content\/uploads\/2025\/01\/epau-new-300x300.png\" class=\"attachment-medium size-medium wp-image-25809\" alt=\"\" srcset=\"https:\/\/www.epaunova.com\/wp-content\/uploads\/2025\/01\/epau-new-300x300.png 300w, https:\/\/www.epaunova.com\/wp-content\/uploads\/2025\/01\/epau-new-150x150.png 150w, https:\/\/www.epaunova.com\/wp-content\/uploads\/2025\/01\/epau-new-12x12.png 12w, https:\/\/www.epaunova.com\/wp-content\/uploads\/2025\/01\/epau-new-250x250.png 250w, https:\/\/www.epaunova.com\/wp-content\/uploads\/2025\/01\/epau-new-140x140.png 140w, https:\/\/www.epaunova.com\/wp-content\/uploads\/2025\/01\/epau-new-110x110.png 110w, https:\/\/www.epaunova.com\/wp-content\/uploads\/2025\/01\/epau-new-275x275.png 275w, https:\/\/www.epaunova.com\/wp-content\/uploads\/2025\/01\/epau-new-480x480.png 480w, https:\/\/www.epaunova.com\/wp-content\/uploads\/2025\/01\/epau-new-100x100.png 100w, https:\/\/www.epaunova.com\/wp-content\/uploads\/2025\/01\/epau-new.png 500w\" sizes=\"(max-width: 300px) 100vw, 300px\" \/>\t\t\t\t\t\t\t\t\t\t\t\t\t<\/div>\n\t\t\t\t<\/div>\n\t\t\t\t\t<\/div>\n\t\t<\/div>\n\t\t\t\t<div class=\"elementor-column elementor-col-16 elementor-top-column elementor-element elementor-element-9671c84\" data-id=\"9671c84\" data-element_type=\"column\">\n\t\t\t<div class=\"elementor-widget-wrap elementor-element-populated\">\n\t\t\t\t\t\t<div class=\"elementor-element elementor-element-822034f elementor-hidden-laptop elementor-hidden-tablet elementor-widget elementor-widget-image\" data-id=\"822034f\" data-element_type=\"widget\" data-widget_type=\"image.default\">\n\t\t\t\t<div class=\"elementor-widget-container\">\n\t\t\t\t\t\t\t\t\t\t\t\t\t<img decoding=\"async\" width=\"300\" height=\"300\" data-src=\"https:\/\/www.epaunova.com\/wp-content\/uploads\/2025\/01\/epau-new-1-300x300.png\" class=\"attachment-medium size-medium wp-image-25810 lazyload\" alt=\"\" data-srcset=\"https:\/\/www.epaunova.com\/wp-content\/uploads\/2025\/01\/epau-new-1-300x300.png 300w, https:\/\/www.epaunova.com\/wp-content\/uploads\/2025\/01\/epau-new-1-150x150.png 150w, https:\/\/www.epaunova.com\/wp-content\/uploads\/2025\/01\/epau-new-1-12x12.png 12w, https:\/\/www.epaunova.com\/wp-content\/uploads\/2025\/01\/epau-new-1-250x250.png 250w, https:\/\/www.epaunova.com\/wp-content\/uploads\/2025\/01\/epau-new-1-140x140.png 140w, https:\/\/www.epaunova.com\/wp-content\/uploads\/2025\/01\/epau-new-1-110x110.png 110w, https:\/\/www.epaunova.com\/wp-content\/uploads\/2025\/01\/epau-new-1-275x275.png 275w, https:\/\/www.epaunova.com\/wp-content\/uploads\/2025\/01\/epau-new-1-480x480.png 480w, https:\/\/www.epaunova.com\/wp-content\/uploads\/2025\/01\/epau-new-1-100x100.png 100w, https:\/\/www.epaunova.com\/wp-content\/uploads\/2025\/01\/epau-new-1.png 500w\" data-sizes=\"(max-width: 300px) 100vw, 300px\" src=\"data:image\/gif;base64,R0lGODlhAQABAAAAACH5BAEKAAEALAAAAAABAAEAAAICTAEAOw==\" style=\"--smush-placeholder-width: 300px; --smush-placeholder-aspect-ratio: 300\/300;\" \/><noscript><img decoding=\"async\" width=\"300\" height=\"300\" src=\"https:\/\/www.epaunova.com\/wp-content\/uploads\/2025\/01\/epau-new-1-300x300.png\" class=\"attachment-medium size-medium wp-image-25810\" alt=\"\" srcset=\"https:\/\/www.epaunova.com\/wp-content\/uploads\/2025\/01\/epau-new-1-300x300.png 300w, https:\/\/www.epaunova.com\/wp-content\/uploads\/2025\/01\/epau-new-1-150x150.png 150w, https:\/\/www.epaunova.com\/wp-content\/uploads\/2025\/01\/epau-new-1-12x12.png 12w, https:\/\/www.epaunova.com\/wp-content\/uploads\/2025\/01\/epau-new-1-250x250.png 250w, https:\/\/www.epaunova.com\/wp-content\/uploads\/2025\/01\/epau-new-1-140x140.png 140w, https:\/\/www.epaunova.com\/wp-content\/uploads\/2025\/01\/epau-new-1-110x110.png 110w, https:\/\/www.epaunova.com\/wp-content\/uploads\/2025\/01\/epau-new-1-275x275.png 275w, https:\/\/www.epaunova.com\/wp-content\/uploads\/2025\/01\/epau-new-1-480x480.png 480w, https:\/\/www.epaunova.com\/wp-content\/uploads\/2025\/01\/epau-new-1-100x100.png 100w, https:\/\/www.epaunova.com\/wp-content\/uploads\/2025\/01\/epau-new-1.png 500w\" sizes=\"(max-width: 300px) 100vw, 300px\" \/><\/noscript>\t\t\t\t\t\t\t\t\t\t\t\t\t<\/div>\n\t\t\t\t<\/div>\n\t\t\t\t\t<\/div>\n\t\t<\/div>\n\t\t\t\t\t<\/div>\n\t\t<\/section>\n\t\t\t\t<\/div>","protected":false},"excerpt":{"rendered":"<p>Certification OEKO-TEX\u00ae STANDARD 100 et Iso 9001 Pour assurer la r\u00e9gularit\u00e9 et le suivi qualitatif continu en faveur de sa client\u00e8le, Les filiales d&rsquo;Epaunova obtiennent la certification OEKO-TEX\u00ae STANDARD 100 , garantissant l&rsquo;absence de substances nocives dans les textiles, ainsi que la certification ISO 9001, assurant un syst\u00e8me de management de la qualit\u00e9 pour am\u00e9liorer en permanence la satisfaction des clients et garantir des produits et services conformes.<\/p>","protected":false},"author":2,"featured_media":18210,"parent":0,"menu_order":0,"comment_status":"closed","ping_status":"closed","template":"","meta":{"footnotes":""},"class_list":["post-14303","page","type-page","status-publish","has-post-thumbnail","hentry"],"_links":{"self":[{"href":"https:\/\/www.epaunova.com\/es\/wp-json\/wp\/v2\/pages\/14303","targetHints":{"allow":["GET"]}}],"collection":[{"href":"https:\/\/www.epaunova.com\/es\/wp-json\/wp\/v2\/pages"}],"about":[{"href":"https:\/\/www.epaunova.com\/es\/wp-json\/wp\/v2\/types\/page"}],"author":[{"embeddable":true,"href":"https:\/\/www.epaunova.com\/es\/wp-json\/wp\/v2\/users\/2"}],"replies":[{"embeddable":true,"href":"https:\/\/www.epaunova.com\/es\/wp-json\/wp\/v2\/comments?post=14303"}],"version-history":[{"count":30,"href":"https:\/\/www.epaunova.com\/es\/wp-json\/wp\/v2\/pages\/14303\/revisions"}],"predecessor-version":[{"id":25843,"href":"https:\/\/www.epaunova.com\/es\/wp-json\/wp\/v2\/pages\/14303\/revisions\/25843"}],"wp:featuredmedia":[{"embeddable":true,"href":"https:\/\/www.epaunova.com\/es\/wp-json\/wp\/v2\/media\/18210"}],"wp:attachment":[{"href":"https:\/\/www.epaunova.com\/es\/wp-json\/wp\/v2\/media?parent=14303"}],"curies":[{"name":"wp","href":"https:\/\/api.w.org\/{rel}","templated":true}]}}