{"id":19126,"date":"2024-06-13T14:22:43","date_gmt":"2024-06-13T14:22:43","guid":{"rendered":"https:\/\/www.epaunova.com\/?page_id=19126"},"modified":"2024-09-30T08:59:20","modified_gmt":"2024-09-30T08:59:20","slug":"bias-polyster","status":"publish","type":"page","link":"https:\/\/www.epaunova.com\/es\/bias-polyster\/","title":{"rendered":"Bias Polyester"},"content":{"rendered":"<div data-elementor-type=\"wp-page\" data-elementor-id=\"19126\" class=\"elementor elementor-19126\" data-elementor-post-type=\"page\">\n\t\t\t\t\t\t<section data-particle_enable=\"false\" data-particle-mobile-disabled=\"false\" class=\"elementor-section elementor-top-section elementor-element elementor-element-0c4d861 elementor-section-full_width elementor-section-stretched elementor-section-height-default elementor-section-height-default\" data-id=\"0c4d861\" data-element_type=\"section\" data-settings=\"{&quot;stretch_section&quot;:&quot;section-stretched&quot;}\">\n\t\t\t\t\t\t<div class=\"elementor-container elementor-column-gap-default\">\n\t\t\t\t\t<div class=\"elementor-column elementor-col-100 elementor-top-column elementor-element elementor-element-bc30ebb\" data-id=\"bc30ebb\" data-element_type=\"column\">\n\t\t\t<div class=\"elementor-widget-wrap elementor-element-populated\">\n\t\t\t\t\t\t<div class=\"elementor-element elementor-element-4011590 elementor-widget elementor-widget-heading\" data-id=\"4011590\" data-element_type=\"widget\" data-widget_type=\"heading.default\">\n\t\t\t\t<div class=\"elementor-widget-container\">\n\t\t\t<h2 class=\"elementor-heading-title elementor-size-default\">D\u00e9couvrez nos Biais Polyester<\/h2>\t\t<\/div>\n\t\t\t\t<\/div>\n\t\t\t\t<div class=\"elementor-element elementor-element-c1b953c text-center elementor-widget elementor-widget-tp-advanced-typography\" data-id=\"c1b953c\" data-element_type=\"widget\" data-widget_type=\"tp-advanced-typography.default\">\n\t\t\t\t<div class=\"elementor-widget-container\">\n\t\t\t<div id=\"atc1b953c\" class=\"pt-plus-adv-typo-wrapper\"><div class=\"pt_plus_adv_typo_block   none\"><span id=\"advtypo6a046f8a370c7\" class=\"text-content-block\"  style=\"\"  >Avec leur texture lisse et leur \u00e9clat raffin\u00e9, parfaits pour apporter une touche de sophistication et de brillance \u00e0 vos cr\u00e9ations.<\/span><\/div><\/div>\t\t<\/div>\n\t\t\t\t<\/div>\n\t\t\t\t\t<\/div>\n\t\t<\/div>\n\t\t\t\t\t<\/div>\n\t\t<\/section>\n\t\t\t\t<section data-particle_enable=\"false\" data-particle-mobile-disabled=\"false\" class=\"elementor-section elementor-top-section elementor-element elementor-element-6b6fe09 elementor-section-full_width elementor-section-height-default elementor-section-height-default\" data-id=\"6b6fe09\" data-element_type=\"section\">\n\t\t\t\t\t\t<div class=\"elementor-container elementor-column-gap-default\">\n\t\t\t\t\t<div class=\"elementor-column elementor-col-100 elementor-top-column elementor-element elementor-element-ca206bc\" data-id=\"ca206bc\" data-element_type=\"column\">\n\t\t\t<div class=\"elementor-widget-wrap elementor-element-populated\">\n\t\t\t\t\t\t<div class=\"elementor-element elementor-element-56c71fe elementor-grid-3 elementor-product-loop-item--align-center elementor-grid-mobile-1 elementor-grid-tablet-3 elementor-products-grid elementor-wc-products elementor-widget elementor-widget-woocommerce-products\" data-id=\"56c71fe\" data-element_type=\"widget\" data-widget_type=\"woocommerce-products.default\">\n\t\t\t\t<div class=\"elementor-widget-container\">\n\t\t\t<div class=\"woocommerce columns-3\"><ul class=\"products elementor-grid columns-3\">\n<li class=\"has-post-thumbnail product type-product post-14857 status-publish first instock product_cat-100-polyester product_cat-biais product_tag-biais product_tag-gamme-satin-1939 shipping-taxable product-type-simple\">\n\t<div class=\"item\">\t\t\t<div class=\"lte-image\">\r\n\t\t<img fetchpriority=\"high\" decoding=\"async\" width=\"480\" height=\"655\" src=\"https:\/\/www.epaunova.com\/wp-content\/uploads\/2020\/05\/100-polyster.jpg\" class=\"attachment-woocommerce_thumbnail size-woocommerce_thumbnail\" alt=\"\" srcset=\"https:\/\/www.epaunova.com\/wp-content\/uploads\/2020\/05\/100-polyster.jpg 480w, https:\/\/www.epaunova.com\/wp-content\/uploads\/2020\/05\/100-polyster-220x300.jpg 220w, https:\/\/www.epaunova.com\/wp-content\/uploads\/2020\/05\/100-polyster-9x12.jpg 9w, https:\/\/www.epaunova.com\/wp-content\/uploads\/2020\/05\/100-polyster-385x525.jpg 385w, https:\/\/www.epaunova.com\/wp-content\/uploads\/2020\/05\/100-polyster-403x550.jpg 403w\" sizes=\"(max-width: 480px) 100vw, 480px\" \/><\/div><div class=\"lte-item-descr\"><a href=\"https:\/\/www.epaunova.com\/es\/nos-produits\/accessoires-vetements\/biais\/nuances-de-vert-gris-fonce\/\"><h2 class=\"woocommerce-loop-product__title\">Nuances de Vert \u2013 Gris Fonc\u00e9<\/h2><\/a>\n<a href=\"https:\/\/www.epaunova.com\/es\/nos-produits\/accessoires-vetements\/biais\/nuances-de-vert-gris-fonce\/\" aria-describedby=\"woocommerce_loop_add_to_cart_link_describedby_14857\" data-quantity=\"1\" class=\"button product_type_simple\" data-product_id=\"14857\" data-product_sku=\"\" aria-label=\"Lee m\u00e1s sobre \u201cNuances de Vert \u2013 Gris Fonc\u00e9\u201d\" rel=\"nofollow\" data-success_message=\"\" data-no-translation=\"\" data-trp-gettext=\"\" data-no-translation-aria-label=\"\">Leer m\u00e1s<\/a>\t<span id=\"woocommerce_loop_add_to_cart_link_describedby_14857\" class=\"screen-reader-text\">\n\t\t\t<\/span>\n<\/div>\r\n\t\t\t<\/div><\/li>\n<li class=\"has-post-thumbnail product type-product post-19462 status-publish instock product_cat-100-polyester product_cat-biais product_tag-biais product_tag-gamme-satin-1939 shipping-taxable product-type-simple\">\n\t<div class=\"item\">\t\t\t<div class=\"lte-image\">\r\n\t\t<img decoding=\"async\" width=\"480\" height=\"655\" data-src=\"https:\/\/www.epaunova.com\/wp-content\/uploads\/2020\/05\/100-polyster-1.jpg\" class=\"attachment-woocommerce_thumbnail size-woocommerce_thumbnail lazyload\" alt=\"\" data-srcset=\"https:\/\/www.epaunova.com\/wp-content\/uploads\/2020\/05\/100-polyster-1.jpg 480w, https:\/\/www.epaunova.com\/wp-content\/uploads\/2020\/05\/100-polyster-1-220x300.jpg 220w, https:\/\/www.epaunova.com\/wp-content\/uploads\/2020\/05\/100-polyster-1-9x12.jpg 9w, https:\/\/www.epaunova.com\/wp-content\/uploads\/2020\/05\/100-polyster-1-385x525.jpg 385w, https:\/\/www.epaunova.com\/wp-content\/uploads\/2020\/05\/100-polyster-1-403x550.jpg 403w\" data-sizes=\"(max-width: 480px) 100vw, 480px\" src=\"data:image\/gif;base64,R0lGODlhAQABAAAAACH5BAEKAAEALAAAAAABAAEAAAICTAEAOw==\" style=\"--smush-placeholder-width: 480px; --smush-placeholder-aspect-ratio: 480\/655;\" \/><noscript><img decoding=\"async\" width=\"480\" height=\"655\" src=\"https:\/\/www.epaunova.com\/wp-content\/uploads\/2020\/05\/100-polyster-1.jpg\" class=\"attachment-woocommerce_thumbnail size-woocommerce_thumbnail\" alt=\"\" srcset=\"https:\/\/www.epaunova.com\/wp-content\/uploads\/2020\/05\/100-polyster-1.jpg 480w, https:\/\/www.epaunova.com\/wp-content\/uploads\/2020\/05\/100-polyster-1-220x300.jpg 220w, https:\/\/www.epaunova.com\/wp-content\/uploads\/2020\/05\/100-polyster-1-9x12.jpg 9w, https:\/\/www.epaunova.com\/wp-content\/uploads\/2020\/05\/100-polyster-1-385x525.jpg 385w, https:\/\/www.epaunova.com\/wp-content\/uploads\/2020\/05\/100-polyster-1-403x550.jpg 403w\" sizes=\"(max-width: 480px) 100vw, 480px\" \/><\/noscript><\/div><div class=\"lte-item-descr\"><a href=\"https:\/\/www.epaunova.com\/es\/nos-produits\/accessoires-vetements\/biais\/100-polyester-02\/\"><h2 class=\"woocommerce-loop-product__title\">Nuances de Beige \u2013 Jaune &#8211; Bleu<\/h2><\/a>\n<a href=\"https:\/\/www.epaunova.com\/es\/nos-produits\/accessoires-vetements\/biais\/100-polyester-02\/\" aria-describedby=\"woocommerce_loop_add_to_cart_link_describedby_19462\" data-quantity=\"1\" class=\"button product_type_simple\" data-product_id=\"19462\" data-product_sku=\"\" aria-label=\"Lee m\u00e1s sobre \u201cNuances de Beige \u2013 Jaune - Bleu\u201d\" rel=\"nofollow\" data-success_message=\"\" data-no-translation=\"\" data-trp-gettext=\"\" data-no-translation-aria-label=\"\">Leer m\u00e1s<\/a>\t<span id=\"woocommerce_loop_add_to_cart_link_describedby_19462\" class=\"screen-reader-text\">\n\t\t\t<\/span>\n<\/div>\r\n\t\t\t<\/div><\/li>\n<li class=\"has-post-thumbnail product type-product post-19463 status-publish last instock product_cat-100-polyester product_cat-biais shipping-taxable product-type-simple\">\n\t<div class=\"item\">\t\t\t<div class=\"lte-image\">\r\n\t\t<img decoding=\"async\" width=\"480\" height=\"655\" data-src=\"https:\/\/www.epaunova.com\/wp-content\/uploads\/2020\/05\/100-polyster-2.jpg\" class=\"attachment-woocommerce_thumbnail size-woocommerce_thumbnail lazyload\" alt=\"\" data-srcset=\"https:\/\/www.epaunova.com\/wp-content\/uploads\/2020\/05\/100-polyster-2.jpg 480w, https:\/\/www.epaunova.com\/wp-content\/uploads\/2020\/05\/100-polyster-2-220x300.jpg 220w, https:\/\/www.epaunova.com\/wp-content\/uploads\/2020\/05\/100-polyster-2-9x12.jpg 9w, https:\/\/www.epaunova.com\/wp-content\/uploads\/2020\/05\/100-polyster-2-385x525.jpg 385w, https:\/\/www.epaunova.com\/wp-content\/uploads\/2020\/05\/100-polyster-2-403x550.jpg 403w\" data-sizes=\"(max-width: 480px) 100vw, 480px\" src=\"data:image\/gif;base64,R0lGODlhAQABAAAAACH5BAEKAAEALAAAAAABAAEAAAICTAEAOw==\" style=\"--smush-placeholder-width: 480px; --smush-placeholder-aspect-ratio: 480\/655;\" \/><noscript><img decoding=\"async\" width=\"480\" height=\"655\" src=\"https:\/\/www.epaunova.com\/wp-content\/uploads\/2020\/05\/100-polyster-2.jpg\" class=\"attachment-woocommerce_thumbnail size-woocommerce_thumbnail\" alt=\"\" srcset=\"https:\/\/www.epaunova.com\/wp-content\/uploads\/2020\/05\/100-polyster-2.jpg 480w, https:\/\/www.epaunova.com\/wp-content\/uploads\/2020\/05\/100-polyster-2-220x300.jpg 220w, https:\/\/www.epaunova.com\/wp-content\/uploads\/2020\/05\/100-polyster-2-9x12.jpg 9w, https:\/\/www.epaunova.com\/wp-content\/uploads\/2020\/05\/100-polyster-2-385x525.jpg 385w, https:\/\/www.epaunova.com\/wp-content\/uploads\/2020\/05\/100-polyster-2-403x550.jpg 403w\" sizes=\"(max-width: 480px) 100vw, 480px\" \/><\/noscript><\/div><div class=\"lte-item-descr\"><a href=\"https:\/\/www.epaunova.com\/es\/nos-produits\/accessoires-vetements\/biais\/100-polyester-01\/\"><h2 class=\"woocommerce-loop-product__title\">Nuances de Rose \u2013 Violet<\/h2><\/a>\n<a href=\"https:\/\/www.epaunova.com\/es\/nos-produits\/accessoires-vetements\/biais\/100-polyester-01\/\" aria-describedby=\"woocommerce_loop_add_to_cart_link_describedby_19463\" data-quantity=\"1\" class=\"button product_type_simple\" data-product_id=\"19463\" data-product_sku=\"\" aria-label=\"Lee m\u00e1s sobre \u201cNuances de Rose \u2013 Violet\u201d\" rel=\"nofollow\" data-success_message=\"\" data-no-translation=\"\" data-trp-gettext=\"\" data-no-translation-aria-label=\"\">Leer m\u00e1s<\/a>\t<span id=\"woocommerce_loop_add_to_cart_link_describedby_19463\" class=\"screen-reader-text\">\n\t\t\t<\/span>\n<\/div>\r\n\t\t\t<\/div><\/li>\n<\/ul>\n<\/div>\t\t<\/div>\n\t\t\t\t<\/div>\n\t\t\t\t\t<\/div>\n\t\t<\/div>\n\t\t\t\t\t<\/div>\n\t\t<\/section>\n\t\t\t\t<section data-particle_enable=\"false\" data-particle-mobile-disabled=\"false\" class=\"elementor-section elementor-top-section elementor-element elementor-element-cef3f0c elementor-hidden-widescreen elementor-hidden-desktop elementor-hidden-laptop elementor-hidden-tablet elementor-hidden-mobile_extra elementor-hidden-mobile elementor-section-boxed elementor-section-height-default elementor-section-height-default\" data-id=\"cef3f0c\" data-element_type=\"section\">\n\t\t\t\t\t\t<div class=\"elementor-container elementor-column-gap-default\">\n\t\t\t\t\t<div class=\"elementor-column elementor-col-100 elementor-top-column elementor-element elementor-element-c76f730\" data-id=\"c76f730\" data-element_type=\"column\">\n\t\t\t<div class=\"elementor-widget-wrap elementor-element-populated\">\n\t\t\t\t\t\t<div class=\"elementor-element elementor-element-fcab6b4 elementor-widget elementor-widget-text-editor\" data-id=\"fcab6b4\" data-element_type=\"widget\" data-widget_type=\"text-editor.default\">\n\t\t\t\t<div class=\"elementor-widget-container\">\n\t\t\t\t\t\t\t<h5>Pour obtenir un aper\u00e7u complet de tous nos produits et bien plus encore , t\u00e9l\u00e9chargez notre dernier catalogue d&rsquo;\u00e9paulettes .<\/h5>\t\t\t\t\t\t<\/div>\n\t\t\t\t<\/div>\n\t\t\t\t<div class=\"elementor-element elementor-element-616fae0 animated-slow loginButton elementor-align-center elementor-invisible elementor-widget elementor-widget-button\" data-id=\"616fae0\" data-element_type=\"widget\" data-settings=\"{&quot;_animation&quot;:&quot;fadeIn&quot;}\" data-widget_type=\"button.default\">\n\t\t\t\t<div class=\"elementor-widget-container\">\n\t\t\t\t\t\t\t<div class=\"elementor-button-wrapper\">\n\t\t\t\t\t<a class=\"elementor-button elementor-button-link elementor-size-sm\" href=\"https:\/\/www.epaunova.com\/wp-content\/uploads\/2019\/06\/EPAU-NOVA-COLLECTION-MASCULINE-21-22.pdf\">\n\t\t\t\t\t\t<span class=\"elementor-button-content-wrapper\">\n\t\t\t\t\t\t\t\t\t<span class=\"elementor-button-text\">Descargar<\/span>\n\t\t\t\t\t<\/span>\n\t\t\t\t\t<\/a>\n\t\t\t\t<\/div>\n\t\t\t\t\t\t<\/div>\n\t\t\t\t<\/div>\n\t\t\t\t\t<\/div>\n\t\t<\/div>\n\t\t\t\t\t<\/div>\n\t\t<\/section>\n\t\t\t\t<\/div>","protected":false},"excerpt":{"rendered":"<p>D\u00e9couvrez nos Biais Polyester Avec leur texture lisse et leur \u00e9clat raffin\u00e9, parfaits pour apporter une touche de sophistication et de brillance \u00e0 vos cr\u00e9ations. Pour obtenir un aper\u00e7u complet de tous nos produits et bien plus encore , t\u00e9l\u00e9chargez notre dernier catalogue d&rsquo;\u00e9paulettes . T\u00e9l\u00e9charger<\/p>","protected":false},"author":2,"featured_media":18281,"parent":0,"menu_order":0,"comment_status":"closed","ping_status":"closed","template":"","meta":{"footnotes":""},"class_list":["post-19126","page","type-page","status-publish","has-post-thumbnail","hentry"],"_links":{"self":[{"href":"https:\/\/www.epaunova.com\/es\/wp-json\/wp\/v2\/pages\/19126","targetHints":{"allow":["GET"]}}],"collection":[{"href":"https:\/\/www.epaunova.com\/es\/wp-json\/wp\/v2\/pages"}],"about":[{"href":"https:\/\/www.epaunova.com\/es\/wp-json\/wp\/v2\/types\/page"}],"author":[{"embeddable":true,"href":"https:\/\/www.epaunova.com\/es\/wp-json\/wp\/v2\/users\/2"}],"replies":[{"embeddable":true,"href":"https:\/\/www.epaunova.com\/es\/wp-json\/wp\/v2\/comments?post=19126"}],"version-history":[{"count":0,"href":"https:\/\/www.epaunova.com\/es\/wp-json\/wp\/v2\/pages\/19126\/revisions"}],"wp:featuredmedia":[{"embeddable":true,"href":"https:\/\/www.epaunova.com\/es\/wp-json\/wp\/v2\/media\/18281"}],"wp:attachment":[{"href":"https:\/\/www.epaunova.com\/es\/wp-json\/wp\/v2\/media?parent=19126"}],"curies":[{"name":"wp","href":"https:\/\/api.w.org\/{rel}","templated":true}]}}