{"id":14303,"date":"2024-05-17T11:44:36","date_gmt":"2024-05-17T11:44:36","guid":{"rendered":"https:\/\/www.epaunova.com\/?page_id=14303"},"modified":"2025-03-17T13:57:30","modified_gmt":"2025-03-17T13:57:30","slug":"nous-connaitre","status":"publish","type":"page","link":"https:\/\/www.epaunova.com\/fr\/nous-connaitre\/","title":{"rendered":"Nous conna\u00eetre"},"content":{"rendered":"\t\t<div data-elementor-type=\"wp-page\" data-elementor-id=\"14303\" class=\"elementor elementor-14303\" data-elementor-post-type=\"page\">\n\t\t\t\t\t\t<section data-particle_enable=\"false\" data-particle-mobile-disabled=\"false\" class=\"elementor-section elementor-top-section elementor-element elementor-element-8c86028 elementor-section-full_width elementor-section-stretched elementor-section-height-default elementor-section-height-default\" data-id=\"8c86028\" data-element_type=\"section\" data-settings=\"{&quot;stretch_section&quot;:&quot;section-stretched&quot;,&quot;background_background&quot;:&quot;classic&quot;}\">\n\t\t\t\t\t\t<div class=\"elementor-container elementor-column-gap-default\">\n\t\t\t\t\t<div class=\"elementor-column elementor-col-100 elementor-top-column elementor-element elementor-element-1c9e566\" data-id=\"1c9e566\" data-element_type=\"column\">\n\t\t\t<div class=\"elementor-widget-wrap elementor-element-populated\">\n\t\t\t\t\t\t<section data-particle_enable=\"false\" data-particle-mobile-disabled=\"false\" class=\"elementor-section elementor-inner-section elementor-element elementor-element-8d839a4 elementor-section-boxed elementor-section-height-default elementor-section-height-default\" data-id=\"8d839a4\" data-element_type=\"section\">\n\t\t\t\t\t\t<div class=\"elementor-container elementor-column-gap-default\">\n\t\t\t\t\t<div class=\"elementor-column elementor-col-100 elementor-inner-column elementor-element elementor-element-370330d\" data-id=\"370330d\" data-element_type=\"column\">\n\t\t\t<div class=\"elementor-widget-wrap elementor-element-populated\">\n\t\t\t\t\t\t<div class=\"elementor-element elementor-element-baac5a2 elementor-widget elementor-widget-timeline_awesome-post-block\" data-id=\"baac5a2\" data-element_type=\"widget\" data-widget_type=\"timeline_awesome-post-block.default\">\n\t\t\t\t<div class=\"elementor-widget-container\">\n\t\t\t\r\n<div class=\"timeline-vertical-7 timeline-ver-7-timeline js-timeline-ver-7-timeline timeline-post-20006\" id=\"vertical-background\">\r\n\t<div class=\"timeline-ver-7-timeline__container\">\r\n\t \t  \t<div class=\"timeline-ver-7-timeline__block js-timeline-ver-7-block\">\r\n\t\t\t<div class=\"timeline-ver-7-timeline__img timeline-ver-7-timeline__img--picture js-timeline-ver-7-img\">\r\n\t\t\t\t<i class=\"icon-vertical7 \"><\/i>\r\n\t\t\t<\/div>\r\n\r\n\t\t\t<div class=\"timeline-ver-7-timeline__content js-timeline-ver-7-content\">\r\n\t\t\t  \t<span class=\"timeline-ver-7-timeline__date timeline-info mobile\">\r\n\t\t\t  \t\t1957\t\t\t  \t<\/span>\r\n\t\t\t  \t<h2 class=\"timeline-title mobile\">Cr\u00e9ation d\u2019Epaunova France<\/h2>\r\n\t\t\t\t<div class=\"timeline-img\">\r\n\t\t\t  \t\t\t\t\t  \t<\/div>\r\n\t\t\t  \t<p class=\"timeline-text\">Epaunova est fond\u00e9e en France, sp\u00e9cialis\u00e9e dans la fabrication d'accessoires textiles, notamment les \u00e9paulettes et les cigarettes de manches.<\/p>\r\n\t\t\t  \t<span class=\"timeline-ver-7-timeline__date timeline-info\">\r\n\t\t\t  \t\t1957\t\t\t  \t<\/span>\r\n\t\t\t  \t<h2 class=\"timeline-title\">Cr\u00e9ation d\u2019Epaunova France<\/h2>\r\n\t\t\t<\/div> \r\n\t\t\t<!-- timeline-ver-7-timeline__content -->\r\n\t  \t<\/div>\r\n\t  \t  \t<div class=\"timeline-ver-7-timeline__block js-timeline-ver-7-block\">\r\n\t\t\t<div class=\"timeline-ver-7-timeline__img timeline-ver-7-timeline__img--picture js-timeline-ver-7-img\">\r\n\t\t\t\t<i class=\"icon-vertical7 \"><\/i>\r\n\t\t\t<\/div>\r\n\r\n\t\t\t<div class=\"timeline-ver-7-timeline__content js-timeline-ver-7-content\">\r\n\t\t\t  \t<span class=\"timeline-ver-7-timeline__date timeline-info mobile\">\r\n\t\t\t  \t\t1996\t\t\t  \t<\/span>\r\n\t\t\t  \t<h2 class=\"timeline-title mobile\">D\u00e9but de l\u2019expansion internationale<\/h2>\r\n\t\t\t\t<div class=\"timeline-img\">\r\n\t\t\t  \t\t\t\t\t  \t<\/div>\r\n\t\t\t  \t<p class=\"timeline-text\">Epaunova commence son expansion mondiale en s'implantant en Tunisie avec la cr\u00e9ation de Franco-Tunisienne d\u2019Epaulettes (FTE), visant \u00e0 conqu\u00e9rir de nouveaux march\u00e9s.<\/p>\r\n\t\t\t  \t<span class=\"timeline-ver-7-timeline__date timeline-info\">\r\n\t\t\t  \t\t1996\t\t\t  \t<\/span>\r\n\t\t\t  \t<h2 class=\"timeline-title\">D\u00e9but de l\u2019expansion internationale<\/h2>\r\n\t\t\t<\/div> \r\n\t\t\t<!-- timeline-ver-7-timeline__content -->\r\n\t  \t<\/div>\r\n\t  \t  \t<div class=\"timeline-ver-7-timeline__block js-timeline-ver-7-block\">\r\n\t\t\t<div class=\"timeline-ver-7-timeline__img timeline-ver-7-timeline__img--picture js-timeline-ver-7-img\">\r\n\t\t\t\t<i class=\"icon-vertical7 \"><\/i>\r\n\t\t\t<\/div>\r\n\r\n\t\t\t<div class=\"timeline-ver-7-timeline__content js-timeline-ver-7-content\">\r\n\t\t\t  \t<span class=\"timeline-ver-7-timeline__date timeline-info mobile\">\r\n\t\t\t  \t\t1998\t\t\t  \t<\/span>\r\n\t\t\t  \t<h2 class=\"timeline-title mobile\">Expansion vers le march\u00e9 africain<\/h2>\r\n\t\t\t\t<div class=\"timeline-img\">\r\n\t\t\t  \t\t\t\t\t  \t<\/div>\r\n\t\t\t  \t<p class=\"timeline-text\">Pour mieux r\u00e9pondre aux demandes des clients, Epaunova s'implante au Maroc avec la cr\u00e9ation d\u2019Epaunova Maroc, marquant une nouvelle \u00e9tape dans sa strat\u00e9gie d\u2019expansion.<\/p>\r\n\t\t\t  \t<span class=\"timeline-ver-7-timeline__date timeline-info\">\r\n\t\t\t  \t\t1998\t\t\t  \t<\/span>\r\n\t\t\t  \t<h2 class=\"timeline-title\">Expansion vers le march\u00e9 africain<\/h2>\r\n\t\t\t<\/div> \r\n\t\t\t<!-- timeline-ver-7-timeline__content -->\r\n\t  \t<\/div>\r\n\t  \t  \t<div class=\"timeline-ver-7-timeline__block js-timeline-ver-7-block\">\r\n\t\t\t<div class=\"timeline-ver-7-timeline__img timeline-ver-7-timeline__img--picture js-timeline-ver-7-img\">\r\n\t\t\t\t<i class=\"icon-vertical7 \"><\/i>\r\n\t\t\t<\/div>\r\n\r\n\t\t\t<div class=\"timeline-ver-7-timeline__content js-timeline-ver-7-content\">\r\n\t\t\t  \t<span class=\"timeline-ver-7-timeline__date timeline-info mobile\">\r\n\t\t\t  \t\t2001\t\t\t  \t<\/span>\r\n\t\t\t  \t<h2 class=\"timeline-title mobile\">Croissance en Europe de l\u2019Est<\/h2>\r\n\t\t\t\t<div class=\"timeline-img\">\r\n\t\t\t  \t\t\t\t\t  \t<\/div>\r\n\t\t\t  \t<p class=\"timeline-text\">Epaunova continue son expansion en ouvrant une filiale en Roumanie, \u00e9largissant ainsi sa pr\u00e9sence sur le march\u00e9 de l'Europe du Sud-Est.<\/p>\r\n\t\t\t  \t<span class=\"timeline-ver-7-timeline__date timeline-info\">\r\n\t\t\t  \t\t2001\t\t\t  \t<\/span>\r\n\t\t\t  \t<h2 class=\"timeline-title\">Croissance en Europe de l\u2019Est<\/h2>\r\n\t\t\t<\/div> \r\n\t\t\t<!-- timeline-ver-7-timeline__content -->\r\n\t  \t<\/div>\r\n\t  \t  \t<div class=\"timeline-ver-7-timeline__block js-timeline-ver-7-block\">\r\n\t\t\t<div class=\"timeline-ver-7-timeline__img timeline-ver-7-timeline__img--picture js-timeline-ver-7-img\">\r\n\t\t\t\t<i class=\"icon-vertical7 \"><\/i>\r\n\t\t\t<\/div>\r\n\r\n\t\t\t<div class=\"timeline-ver-7-timeline__content js-timeline-ver-7-content\">\r\n\t\t\t  \t<span class=\"timeline-ver-7-timeline__date timeline-info mobile\">\r\n\t\t\t  \t\t2005\t\t\t  \t<\/span>\r\n\t\t\t  \t<h2 class=\"timeline-title mobile\">Extension en Bulgarie<\/h2>\r\n\t\t\t\t<div class=\"timeline-img\">\r\n\t\t\t  \t\t\t\t\t  \t<\/div>\r\n\t\t\t  \t<p class=\"timeline-text\">En r\u00e9ponse \u00e0 la demande croissante sur le march\u00e9 europ\u00e9en, Epaunova \u00e9tablit une nouvelle filiale en Bulgarie. Cette implantation renforce la pr\u00e9sence de l'entreprise en Europe et confirme sa strat\u00e9gie de croissance continue.<\/p>\r\n\t\t\t  \t<span class=\"timeline-ver-7-timeline__date timeline-info\">\r\n\t\t\t  \t\t2005\t\t\t  \t<\/span>\r\n\t\t\t  \t<h2 class=\"timeline-title\">Extension en Bulgarie<\/h2>\r\n\t\t\t<\/div> \r\n\t\t\t<!-- timeline-ver-7-timeline__content -->\r\n\t  \t<\/div>\r\n\t  \t  \t<div class=\"timeline-ver-7-timeline__block js-timeline-ver-7-block\">\r\n\t\t\t<div class=\"timeline-ver-7-timeline__img timeline-ver-7-timeline__img--picture js-timeline-ver-7-img\">\r\n\t\t\t\t<i class=\"icon-vertical7 \"><\/i>\r\n\t\t\t<\/div>\r\n\r\n\t\t\t<div class=\"timeline-ver-7-timeline__content js-timeline-ver-7-content\">\r\n\t\t\t  \t<span class=\"timeline-ver-7-timeline__date timeline-info mobile\">\r\n\t\t\t  \t\t2007\t\t\t  \t<\/span>\r\n\t\t\t  \t<h2 class=\"timeline-title mobile\">Unit\u00e9 de fabrication Coques de lingerie et baln\u00e9aire<\/h2>\r\n\t\t\t\t<div class=\"timeline-img\">\r\n\t\t\t  \t\t\t\t\t  \t<\/div>\r\n\t\t\t  \t<p class=\"timeline-text\">Epaunova \u00e9largit sa gamme de produits en lan\u00e7ant une unit\u00e9 de fabrication de coques pour lingerie et maillots de bain, renfor\u00e7ant ainsi son expertise dans les accessoires textiles.<\/p>\r\n\t\t\t  \t<span class=\"timeline-ver-7-timeline__date timeline-info\">\r\n\t\t\t  \t\t2007\t\t\t  \t<\/span>\r\n\t\t\t  \t<h2 class=\"timeline-title\">Unit\u00e9 de fabrication Coques de lingerie et baln\u00e9aire<\/h2>\r\n\t\t\t<\/div> \r\n\t\t\t<!-- timeline-ver-7-timeline__content -->\r\n\t  \t<\/div>\r\n\t  \t  \t<div class=\"timeline-ver-7-timeline__block js-timeline-ver-7-block\">\r\n\t\t\t<div class=\"timeline-ver-7-timeline__img timeline-ver-7-timeline__img--picture js-timeline-ver-7-img\">\r\n\t\t\t\t<i class=\"icon-vertical7 \"><\/i>\r\n\t\t\t<\/div>\r\n\r\n\t\t\t<div class=\"timeline-ver-7-timeline__content js-timeline-ver-7-content\">\r\n\t\t\t  \t<span class=\"timeline-ver-7-timeline__date timeline-info mobile\">\r\n\t\t\t  \t\t2009\t\t\t  \t<\/span>\r\n\t\t\t  \t<h2 class=\"timeline-title mobile\">Unit\u00e9 de fabrication de biais<\/h2>\r\n\t\t\t\t<div class=\"timeline-img\">\r\n\t\t\t  \t\t\t\t\t  \t<\/div>\r\n\t\t\t  \t<p class=\"timeline-text\">Pour offrir une gamme compl\u00e8te d'accessoires vestimentaires, Epaunova installe une unit\u00e9 de fabrication de biais. L'entreprise propose d\u00e9sormais une vari\u00e9t\u00e9 d'articles, dont des \u00e9paulettes, coques, prot\u00e8ge-armatures, passepoils et biais.<\/p>\r\n\t\t\t  \t<span class=\"timeline-ver-7-timeline__date timeline-info\">\r\n\t\t\t  \t\t2009\t\t\t  \t<\/span>\r\n\t\t\t  \t<h2 class=\"timeline-title\">Unit\u00e9 de fabrication de biais<\/h2>\r\n\t\t\t<\/div> \r\n\t\t\t<!-- timeline-ver-7-timeline__content -->\r\n\t  \t<\/div>\r\n\t  \t  \r\n\t<\/div>\r\n<\/div>\r\n<script type=\"text\/javascript\">\r\n  \/\/ Timeline Body Animations Below ===\r\n\tfunction VerticalTimeline(element) {\r\n\t    this.element = element;\r\n\t    this.blocks = this.element.getElementsByClassName(\"js-timeline-ver-7-block\");\r\n\t    this.images = this.element.getElementsByClassName(\"js-timeline-ver-7-img\");\r\n\t    this.contents = this.element.getElementsByClassName(\"js-timeline-ver-7-content\");\r\n\t    this.offset = 0.8;\r\n\t    this.hideBlocks();\r\n\t};\r\n\r\n\tVerticalTimeline.prototype.hideBlocks = function() {\r\n\t    \/\/hide timeline blocks which are outside the viewport\r\n\t    if (!\"classList\" in document.documentElement) {\r\n\t        return;\r\n\t    }\r\n\t    var self = this;\r\n\t    for (var i = 0; i < this.blocks.length; i++) {\r\n\t        (function(i) {\r\n\t            if (self.blocks[i].getBoundingClientRect().top > window.innerHeight * self.offset) {\r\n\t                self.images[i].classList.add(\"timeline-ver-7-is-hidden\");\r\n\t                self.contents[i].classList.add(\"timeline-ver-7-is-hidden\");\r\n\t            }\r\n\t        })(i);\r\n\t    }\r\n\t};\r\n\r\n\tVerticalTimeline.prototype.showBlocks = function() {\r\n\t    if (!\"classList\" in document.documentElement) {\r\n\t        return;\r\n\t    }\r\n\t    var self = this;\r\n\t    for (var i = 0; i < this.blocks.length; i++) {\r\n\t        (function(i) {\r\n\t            if (self.contents[i].classList.contains(\"timeline-ver-7-is-hidden\") && self.blocks[i].getBoundingClientRect().top <= window.innerHeight * self.offset) {\r\n\t                \/\/ add bounce-in animation\r\n\t                self.images[i].classList.add(\"timeline-ver-7-timeline__img--bounce-in\");\r\n\t                self.contents[i].classList.add(\"timeline-ver-7-timeline__content--bounce-in\");\r\n\t                self.images[i].classList.remove(\"timeline-ver-7-is-hidden\");\r\n\t                self.contents[i].classList.remove(\"timeline-ver-7-is-hidden\");\r\n\t            }\r\n\t        })(i);\r\n\t    }\r\n\t};\r\n\r\n\tvar verticalTimelines = document.getElementsByClassName(\"js-timeline-ver-7-timeline\"),\r\n\t    verticalTimelinesArray = [],\r\n\t    scrolling = false;\r\n\tif (verticalTimelines.length > 0) {\r\n\t    for (var i = 0; i < verticalTimelines.length; i++) {\r\n\t        (function(i) {\r\n\t            verticalTimelinesArray.push(new VerticalTimeline(verticalTimelines[i]));\r\n\t        })(i);\r\n\t    }\r\n\r\n\t    \/\/show timeline blocks on scrolling\r\n\t    window.addEventListener(\"scroll\", function(event) {\r\n\t        if (!scrolling) {\r\n\t            scrolling = true;\r\n\t            (!window.requestAnimationFrame) ? setTimeout(checkTimelineScroll, 250): window.requestAnimationFrame(checkTimelineScroll);\r\n\t        }\r\n\t    });\r\n\t}\r\n\r\n\tfunction checkTimelineScroll() {\r\n\t    verticalTimelinesArray.forEach(function(timeline) {\r\n\t        timeline.showBlocks();\r\n\t    });\r\n\t    scrolling = false;\r\n\t};\r\n<\/script>\r\n\t\t\t\t<\/div>\n\t\t\t\t<\/div>\n\t\t\t\t\t<\/div>\n\t\t<\/div>\n\t\t\t\t\t<\/div>\n\t\t<\/section>\n\t\t\t\t\t<\/div>\n\t\t<\/div>\n\t\t\t\t\t<\/div>\n\t\t<\/section>\n\t\t\t\t<section data-particle_enable=\"false\" data-particle-mobile-disabled=\"false\" class=\"elementor-section elementor-top-section elementor-element elementor-element-3e27f25 elementor-section-boxed elementor-section-height-default elementor-section-height-default\" data-id=\"3e27f25\" data-element_type=\"section\">\n\t\t\t\t\t\t<div class=\"elementor-container elementor-column-gap-default\">\n\t\t\t\t\t<div class=\"elementor-column elementor-col-66 elementor-top-column elementor-element elementor-element-202fe9a\" data-id=\"202fe9a\" data-element_type=\"column\">\n\t\t\t<div class=\"elementor-widget-wrap elementor-element-populated\">\n\t\t\t\t\t\t<div class=\"elementor-element elementor-element-cd86426 elementor-widget elementor-widget-lte-header\" data-id=\"cd86426\" data-element_type=\"widget\" data-widget_type=\"lte-header.default\">\n\t\t\t\t<div class=\"elementor-widget-container\">\n\t\t\t<div class=\"lte-heading default lte-subcolor-main heading-tag-h2\"><h2 class=\"lte-header\">Certification OEKO-TEX\u00ae STANDARD 100 et Iso 9001 <\/h2><\/div>\t\t<\/div>\n\t\t\t\t<\/div>\n\t\t\t\t<div class=\"elementor-element elementor-element-ba68e5f elementor-widget__width-initial animated-slow elementor-invisible elementor-widget elementor-widget-text-editor\" data-id=\"ba68e5f\" data-element_type=\"widget\" data-settings=\"{&quot;_animation&quot;:&quot;fadeIn&quot;}\" data-widget_type=\"text-editor.default\">\n\t\t\t\t<div class=\"elementor-widget-container\">\n\t\t\t\t\t\t\tPour assurer la r\u00e9gularit\u00e9 et le suivi qualitatif continu en faveur de sa client\u00e8le, Les filiales d&rsquo;Epaunova obtiennent la certification\nOEKO-TEX\u00ae STANDARD 100\n, garantissant l&rsquo;absence de substances nocives dans les textiles, ainsi que la certification ISO 9001, assurant un syst\u00e8me de management de la qualit\u00e9 pour am\u00e9liorer en permanence la satisfaction des clients et garantir des produits et services conformes.\t\t\t\t\t\t<\/div>\n\t\t\t\t<\/div>\n\t\t\t\t\t<\/div>\n\t\t<\/div>\n\t\t\t\t<div class=\"elementor-column elementor-col-16 elementor-top-column elementor-element elementor-element-570dd2a\" data-id=\"570dd2a\" data-element_type=\"column\">\n\t\t\t<div class=\"elementor-widget-wrap elementor-element-populated\">\n\t\t\t\t\t\t<div class=\"elementor-element elementor-element-6b929b6 elementor-hidden-laptop elementor-hidden-tablet elementor-widget elementor-widget-image\" data-id=\"6b929b6\" data-element_type=\"widget\" data-widget_type=\"image.default\">\n\t\t\t\t<div class=\"elementor-widget-container\">\n\t\t\t\t\t\t\t\t\t\t\t\t\t<img fetchpriority=\"high\" decoding=\"async\" width=\"300\" height=\"300\" src=\"https:\/\/www.epaunova.com\/wp-content\/uploads\/2025\/01\/epau-new-300x300.png\" class=\"attachment-medium size-medium wp-image-25809\" alt=\"\" srcset=\"https:\/\/www.epaunova.com\/wp-content\/uploads\/2025\/01\/epau-new-300x300.png 300w, https:\/\/www.epaunova.com\/wp-content\/uploads\/2025\/01\/epau-new-150x150.png 150w, https:\/\/www.epaunova.com\/wp-content\/uploads\/2025\/01\/epau-new-12x12.png 12w, https:\/\/www.epaunova.com\/wp-content\/uploads\/2025\/01\/epau-new-250x250.png 250w, https:\/\/www.epaunova.com\/wp-content\/uploads\/2025\/01\/epau-new-140x140.png 140w, https:\/\/www.epaunova.com\/wp-content\/uploads\/2025\/01\/epau-new-110x110.png 110w, https:\/\/www.epaunova.com\/wp-content\/uploads\/2025\/01\/epau-new-275x275.png 275w, https:\/\/www.epaunova.com\/wp-content\/uploads\/2025\/01\/epau-new-480x480.png 480w, https:\/\/www.epaunova.com\/wp-content\/uploads\/2025\/01\/epau-new-100x100.png 100w, https:\/\/www.epaunova.com\/wp-content\/uploads\/2025\/01\/epau-new.png 500w\" sizes=\"(max-width: 300px) 100vw, 300px\" \/>\t\t\t\t\t\t\t\t\t\t\t\t\t<\/div>\n\t\t\t\t<\/div>\n\t\t\t\t\t<\/div>\n\t\t<\/div>\n\t\t\t\t<div class=\"elementor-column elementor-col-16 elementor-top-column elementor-element elementor-element-9671c84\" data-id=\"9671c84\" data-element_type=\"column\">\n\t\t\t<div class=\"elementor-widget-wrap elementor-element-populated\">\n\t\t\t\t\t\t<div class=\"elementor-element elementor-element-822034f elementor-hidden-laptop elementor-hidden-tablet elementor-widget elementor-widget-image\" data-id=\"822034f\" data-element_type=\"widget\" data-widget_type=\"image.default\">\n\t\t\t\t<div class=\"elementor-widget-container\">\n\t\t\t\t\t\t\t\t\t\t\t\t\t<img decoding=\"async\" width=\"300\" height=\"300\" data-src=\"https:\/\/www.epaunova.com\/wp-content\/uploads\/2025\/01\/epau-new-1-300x300.png\" class=\"attachment-medium size-medium wp-image-25810 lazyload\" alt=\"\" data-srcset=\"https:\/\/www.epaunova.com\/wp-content\/uploads\/2025\/01\/epau-new-1-300x300.png 300w, https:\/\/www.epaunova.com\/wp-content\/uploads\/2025\/01\/epau-new-1-150x150.png 150w, https:\/\/www.epaunova.com\/wp-content\/uploads\/2025\/01\/epau-new-1-12x12.png 12w, https:\/\/www.epaunova.com\/wp-content\/uploads\/2025\/01\/epau-new-1-250x250.png 250w, https:\/\/www.epaunova.com\/wp-content\/uploads\/2025\/01\/epau-new-1-140x140.png 140w, https:\/\/www.epaunova.com\/wp-content\/uploads\/2025\/01\/epau-new-1-110x110.png 110w, https:\/\/www.epaunova.com\/wp-content\/uploads\/2025\/01\/epau-new-1-275x275.png 275w, https:\/\/www.epaunova.com\/wp-content\/uploads\/2025\/01\/epau-new-1-480x480.png 480w, https:\/\/www.epaunova.com\/wp-content\/uploads\/2025\/01\/epau-new-1-100x100.png 100w, https:\/\/www.epaunova.com\/wp-content\/uploads\/2025\/01\/epau-new-1.png 500w\" data-sizes=\"(max-width: 300px) 100vw, 300px\" src=\"data:image\/gif;base64,R0lGODlhAQABAAAAACH5BAEKAAEALAAAAAABAAEAAAICTAEAOw==\" style=\"--smush-placeholder-width: 300px; --smush-placeholder-aspect-ratio: 300\/300;\" \/><noscript><img decoding=\"async\" width=\"300\" height=\"300\" src=\"https:\/\/www.epaunova.com\/wp-content\/uploads\/2025\/01\/epau-new-1-300x300.png\" class=\"attachment-medium size-medium wp-image-25810\" alt=\"\" srcset=\"https:\/\/www.epaunova.com\/wp-content\/uploads\/2025\/01\/epau-new-1-300x300.png 300w, https:\/\/www.epaunova.com\/wp-content\/uploads\/2025\/01\/epau-new-1-150x150.png 150w, https:\/\/www.epaunova.com\/wp-content\/uploads\/2025\/01\/epau-new-1-12x12.png 12w, https:\/\/www.epaunova.com\/wp-content\/uploads\/2025\/01\/epau-new-1-250x250.png 250w, https:\/\/www.epaunova.com\/wp-content\/uploads\/2025\/01\/epau-new-1-140x140.png 140w, https:\/\/www.epaunova.com\/wp-content\/uploads\/2025\/01\/epau-new-1-110x110.png 110w, https:\/\/www.epaunova.com\/wp-content\/uploads\/2025\/01\/epau-new-1-275x275.png 275w, https:\/\/www.epaunova.com\/wp-content\/uploads\/2025\/01\/epau-new-1-480x480.png 480w, https:\/\/www.epaunova.com\/wp-content\/uploads\/2025\/01\/epau-new-1-100x100.png 100w, https:\/\/www.epaunova.com\/wp-content\/uploads\/2025\/01\/epau-new-1.png 500w\" sizes=\"(max-width: 300px) 100vw, 300px\" \/><\/noscript>\t\t\t\t\t\t\t\t\t\t\t\t\t<\/div>\n\t\t\t\t<\/div>\n\t\t\t\t\t<\/div>\n\t\t<\/div>\n\t\t\t\t\t<\/div>\n\t\t<\/section>\n\t\t\t\t<\/div>\n\t\t","protected":false},"excerpt":{"rendered":"<p>Certification OEKO-TEX\u00ae STANDARD 100 et Iso 9001 Pour assurer la r\u00e9gularit\u00e9 et le suivi qualitatif continu en faveur de sa client\u00e8le, Les filiales d&rsquo;Epaunova obtiennent la certification OEKO-TEX\u00ae STANDARD 100 , garantissant l&rsquo;absence de substances nocives dans les textiles, ainsi que la certification ISO 9001, assurant un syst\u00e8me de management de la qualit\u00e9 pour am\u00e9liorer en permanence la satisfaction des clients et garantir des produits et services conformes.<\/p>\n","protected":false},"author":2,"featured_media":18210,"parent":0,"menu_order":0,"comment_status":"closed","ping_status":"closed","template":"","meta":{"footnotes":""},"class_list":["post-14303","page","type-page","status-publish","has-post-thumbnail","hentry"],"_links":{"self":[{"href":"https:\/\/www.epaunova.com\/fr\/wp-json\/wp\/v2\/pages\/14303","targetHints":{"allow":["GET"]}}],"collection":[{"href":"https:\/\/www.epaunova.com\/fr\/wp-json\/wp\/v2\/pages"}],"about":[{"href":"https:\/\/www.epaunova.com\/fr\/wp-json\/wp\/v2\/types\/page"}],"author":[{"embeddable":true,"href":"https:\/\/www.epaunova.com\/fr\/wp-json\/wp\/v2\/users\/2"}],"replies":[{"embeddable":true,"href":"https:\/\/www.epaunova.com\/fr\/wp-json\/wp\/v2\/comments?post=14303"}],"version-history":[{"count":30,"href":"https:\/\/www.epaunova.com\/fr\/wp-json\/wp\/v2\/pages\/14303\/revisions"}],"predecessor-version":[{"id":25843,"href":"https:\/\/www.epaunova.com\/fr\/wp-json\/wp\/v2\/pages\/14303\/revisions\/25843"}],"wp:featuredmedia":[{"embeddable":true,"href":"https:\/\/www.epaunova.com\/fr\/wp-json\/wp\/v2\/media\/18210"}],"wp:attachment":[{"href":"https:\/\/www.epaunova.com\/fr\/wp-json\/wp\/v2\/media?parent=14303"}],"curies":[{"name":"wp","href":"https:\/\/api.w.org\/{rel}","templated":true}]}}