{"id":19099,"date":"2024-06-13T14:09:21","date_gmt":"2024-06-13T14:09:21","guid":{"rendered":"https:\/\/www.epaunova.com\/?page_id=19099"},"modified":"2024-09-24T13:53:32","modified_gmt":"2024-09-24T13:53:32","slug":"cigarettes-de-manche-masculines","status":"publish","type":"page","link":"https:\/\/www.epaunova.com\/fr\/cigarettes-de-manche-masculines\/","title":{"rendered":"Cigarettes de Manche Masculines"},"content":{"rendered":"\t\t<div data-elementor-type=\"wp-page\" data-elementor-id=\"19099\" class=\"elementor elementor-19099\" data-elementor-post-type=\"page\">\n\t\t\t\t\t\t<section data-particle_enable=\"false\" data-particle-mobile-disabled=\"false\" class=\"elementor-section elementor-top-section elementor-element elementor-element-e8dcf63 elementor-section-full_width elementor-section-height-default elementor-section-height-default\" data-id=\"e8dcf63\" data-element_type=\"section\">\n\t\t\t\t\t\t<div class=\"elementor-container elementor-column-gap-default\">\n\t\t\t\t\t<div class=\"elementor-column elementor-col-100 elementor-top-column elementor-element elementor-element-d5b165e\" data-id=\"d5b165e\" data-element_type=\"column\">\n\t\t\t<div class=\"elementor-widget-wrap elementor-element-populated\">\n\t\t\t\t\t\t<div class=\"elementor-element elementor-element-4ab10ba elementor-widget elementor-widget-heading\" data-id=\"4ab10ba\" data-element_type=\"widget\" data-widget_type=\"heading.default\">\n\t\t\t\t<div class=\"elementor-widget-container\">\n\t\t\t<h2 class=\"elementor-heading-title elementor-size-default\">D\u00e9couvrez nos Cigarettes de Manche Masculines<\/h2>\t\t<\/div>\n\t\t\t\t<\/div>\n\t\t\t\t<div class=\"elementor-element elementor-element-edccafc text-center elementor-widget elementor-widget-tp-advanced-typography\" data-id=\"edccafc\" data-element_type=\"widget\" data-widget_type=\"tp-advanced-typography.default\">\n\t\t\t\t<div class=\"elementor-widget-container\">\n\t\t\t<div id=\"atedccafc\" class=\"pt-plus-adv-typo-wrapper\"><div class=\"pt_plus_adv_typo_block   none\"><span id=\"advtypo69f285ae6bc75\" class=\"text-content-block        \"  style=\"\"  >Nos cigarettes de manches masculines sont con\u00e7ues pour apporter structure et sophistication aux v\u00eatements pour hommes. Chaque pi\u00e8ce est \u00e9labor\u00e9e avec pr\u00e9cision pour s'adapter aux lignes masculines, renfor\u00e7ant l'\u00e9l\u00e9gance naturelle des tenues.<\/span><\/div><\/div>\t\t<\/div>\n\t\t\t\t<\/div>\n\t\t\t\t<div class=\"elementor-element elementor-element-3817e22 elementor-absolute elementor-hidden-widescreen elementor-hidden-desktop elementor-hidden-laptop elementor-hidden-tablet elementor-hidden-mobile_extra elementor-hidden-mobile elementor-widget elementor-widget-image\" data-id=\"3817e22\" data-element_type=\"widget\" data-settings=\"{&quot;_position&quot;:&quot;absolute&quot;}\" data-widget_type=\"image.default\">\n\t\t\t\t<div class=\"elementor-widget-container\">\n\t\t\t\t\t\t\t\t\t\t\t\t\t<img fetchpriority=\"high\" decoding=\"async\" width=\"3052\" height=\"844\" src=\"https:\/\/www.epaunova.com\/wp-content\/uploads\/2024\/09\/MOTIF.png\" class=\"attachment-full size-full wp-image-22097\" alt=\"MOTIF\" srcset=\"https:\/\/www.epaunova.com\/wp-content\/uploads\/2024\/09\/MOTIF.png 3052w, https:\/\/www.epaunova.com\/wp-content\/uploads\/2024\/09\/MOTIF-300x83.png 300w, https:\/\/www.epaunova.com\/wp-content\/uploads\/2024\/09\/MOTIF-1024x283.png 1024w, https:\/\/www.epaunova.com\/wp-content\/uploads\/2024\/09\/MOTIF-768x212.png 768w, https:\/\/www.epaunova.com\/wp-content\/uploads\/2024\/09\/MOTIF-1536x425.png 1536w, https:\/\/www.epaunova.com\/wp-content\/uploads\/2024\/09\/MOTIF-2048x566.png 2048w, https:\/\/www.epaunova.com\/wp-content\/uploads\/2024\/09\/MOTIF-18x5.png 18w, https:\/\/www.epaunova.com\/wp-content\/uploads\/2024\/09\/MOTIF-800x221.png 800w, https:\/\/www.epaunova.com\/wp-content\/uploads\/2024\/09\/MOTIF-550x152.png 550w, https:\/\/www.epaunova.com\/wp-content\/uploads\/2024\/09\/MOTIF-480x133.png 480w, https:\/\/www.epaunova.com\/wp-content\/uploads\/2024\/09\/MOTIF-600x166.png 600w\" sizes=\"(max-width: 3052px) 100vw, 3052px\" \/>\t\t\t\t\t\t\t\t\t\t\t\t\t<\/div>\n\t\t\t\t<\/div>\n\t\t\t\t<div class=\"elementor-element elementor-element-0d566a3 elementor-absolute elementor-hidden-widescreen elementor-hidden-desktop elementor-hidden-laptop elementor-hidden-tablet elementor-hidden-mobile_extra elementor-hidden-mobile elementor-widget elementor-widget-image\" data-id=\"0d566a3\" data-element_type=\"widget\" data-settings=\"{&quot;_position&quot;:&quot;absolute&quot;}\" data-widget_type=\"image.default\">\n\t\t\t\t<div class=\"elementor-widget-container\">\n\t\t\t\t\t\t\t\t\t\t\t\t\t<img decoding=\"async\" width=\"3052\" height=\"844\" data-src=\"https:\/\/www.epaunova.com\/wp-content\/uploads\/2024\/09\/MOTIF2.png\" class=\"attachment-full size-full wp-image-22098 lazyload\" alt=\"Motif\" data-srcset=\"https:\/\/www.epaunova.com\/wp-content\/uploads\/2024\/09\/MOTIF2.png 3052w, https:\/\/www.epaunova.com\/wp-content\/uploads\/2024\/09\/MOTIF2-300x83.png 300w, https:\/\/www.epaunova.com\/wp-content\/uploads\/2024\/09\/MOTIF2-1024x283.png 1024w, https:\/\/www.epaunova.com\/wp-content\/uploads\/2024\/09\/MOTIF2-768x212.png 768w, https:\/\/www.epaunova.com\/wp-content\/uploads\/2024\/09\/MOTIF2-1536x425.png 1536w, https:\/\/www.epaunova.com\/wp-content\/uploads\/2024\/09\/MOTIF2-2048x566.png 2048w, https:\/\/www.epaunova.com\/wp-content\/uploads\/2024\/09\/MOTIF2-18x5.png 18w, https:\/\/www.epaunova.com\/wp-content\/uploads\/2024\/09\/MOTIF2-800x221.png 800w, https:\/\/www.epaunova.com\/wp-content\/uploads\/2024\/09\/MOTIF2-550x152.png 550w, https:\/\/www.epaunova.com\/wp-content\/uploads\/2024\/09\/MOTIF2-480x133.png 480w, https:\/\/www.epaunova.com\/wp-content\/uploads\/2024\/09\/MOTIF2-600x166.png 600w\" data-sizes=\"(max-width: 3052px) 100vw, 3052px\" src=\"data:image\/gif;base64,R0lGODlhAQABAAAAACH5BAEKAAEALAAAAAABAAEAAAICTAEAOw==\" style=\"--smush-placeholder-width: 3052px; --smush-placeholder-aspect-ratio: 3052\/844;\" \/><noscript><img decoding=\"async\" width=\"3052\" height=\"844\" src=\"https:\/\/www.epaunova.com\/wp-content\/uploads\/2024\/09\/MOTIF2.png\" class=\"attachment-full size-full wp-image-22098\" alt=\"Motif\" srcset=\"https:\/\/www.epaunova.com\/wp-content\/uploads\/2024\/09\/MOTIF2.png 3052w, https:\/\/www.epaunova.com\/wp-content\/uploads\/2024\/09\/MOTIF2-300x83.png 300w, https:\/\/www.epaunova.com\/wp-content\/uploads\/2024\/09\/MOTIF2-1024x283.png 1024w, https:\/\/www.epaunova.com\/wp-content\/uploads\/2024\/09\/MOTIF2-768x212.png 768w, https:\/\/www.epaunova.com\/wp-content\/uploads\/2024\/09\/MOTIF2-1536x425.png 1536w, https:\/\/www.epaunova.com\/wp-content\/uploads\/2024\/09\/MOTIF2-2048x566.png 2048w, https:\/\/www.epaunova.com\/wp-content\/uploads\/2024\/09\/MOTIF2-18x5.png 18w, https:\/\/www.epaunova.com\/wp-content\/uploads\/2024\/09\/MOTIF2-800x221.png 800w, https:\/\/www.epaunova.com\/wp-content\/uploads\/2024\/09\/MOTIF2-550x152.png 550w, https:\/\/www.epaunova.com\/wp-content\/uploads\/2024\/09\/MOTIF2-480x133.png 480w, https:\/\/www.epaunova.com\/wp-content\/uploads\/2024\/09\/MOTIF2-600x166.png 600w\" sizes=\"(max-width: 3052px) 100vw, 3052px\" \/><\/noscript>\t\t\t\t\t\t\t\t\t\t\t\t\t<\/div>\n\t\t\t\t<\/div>\n\t\t\t\t\t<\/div>\n\t\t<\/div>\n\t\t\t\t\t<\/div>\n\t\t<\/section>\n\t\t\t\t<section data-particle_enable=\"false\" data-particle-mobile-disabled=\"false\" class=\"elementor-section elementor-top-section elementor-element elementor-element-8491a7d elementor-section-stretched elementor-section-boxed elementor-section-height-default elementor-section-height-default\" data-id=\"8491a7d\" data-element_type=\"section\" data-settings=\"{&quot;stretch_section&quot;:&quot;section-stretched&quot;,&quot;background_background&quot;:&quot;classic&quot;}\">\n\t\t\t\t\t\t<div class=\"elementor-container elementor-column-gap-default\">\n\t\t\t\t\t<div class=\"elementor-column elementor-col-33 elementor-top-column elementor-element elementor-element-69cf6d4\" data-id=\"69cf6d4\" data-element_type=\"column\">\n\t\t\t<div class=\"elementor-widget-wrap elementor-element-populated\">\n\t\t\t\t\t\t<div class=\"elementor-element elementor-element-5c254b6 elementor-widget elementor-widget-image\" data-id=\"5c254b6\" data-element_type=\"widget\" data-widget_type=\"image.default\">\n\t\t\t\t<div class=\"elementor-widget-container\">\n\t\t\t\t\t\t\t\t\t\t\t\t\t\t<a href=\"https:\/\/www.epaunova.com\/wp-content\/uploads\/2024\/09\/CIGARETTE-F-4152-23-G.png\" data-elementor-open-lightbox=\"yes\" data-e-action-hash=\"#elementor-action%3Aaction%3Dlightbox%26settings%3DeyJpZCI6MjEyNTcsInVybCI6Imh0dHBzOlwvXC93d3cuZXBhdW5vdmEuY29tXC93cC1jb250ZW50XC91cGxvYWRzXC8yMDI0XC8wOVwvQ0lHQVJFVFRFLUYtNDE1Mi0yMy1HLnBuZyJ9\">\n\t\t\t\t\t\t\t<img decoding=\"async\" width=\"880\" height=\"1200\" data-src=\"https:\/\/www.epaunova.com\/wp-content\/uploads\/2024\/09\/CIGARETTE-F-4152-23-G.png\" class=\"attachment-full size-full wp-image-21257 lazyload\" alt=\"CIGARETTE-F-4152-23-G\" data-srcset=\"https:\/\/www.epaunova.com\/wp-content\/uploads\/2024\/09\/CIGARETTE-F-4152-23-G.png 880w, https:\/\/www.epaunova.com\/wp-content\/uploads\/2024\/09\/CIGARETTE-F-4152-23-G-220x300.png 220w, https:\/\/www.epaunova.com\/wp-content\/uploads\/2024\/09\/CIGARETTE-F-4152-23-G-751x1024.png 751w, https:\/\/www.epaunova.com\/wp-content\/uploads\/2024\/09\/CIGARETTE-F-4152-23-G-768x1047.png 768w, https:\/\/www.epaunova.com\/wp-content\/uploads\/2024\/09\/CIGARETTE-F-4152-23-G-9x12.png 9w, https:\/\/www.epaunova.com\/wp-content\/uploads\/2024\/09\/CIGARETTE-F-4152-23-G-540x735.png 540w, https:\/\/www.epaunova.com\/wp-content\/uploads\/2024\/09\/CIGARETTE-F-4152-23-G-385x525.png 385w, https:\/\/www.epaunova.com\/wp-content\/uploads\/2024\/09\/CIGARETTE-F-4152-23-G-587x800.png 587w, https:\/\/www.epaunova.com\/wp-content\/uploads\/2024\/09\/CIGARETTE-F-4152-23-G-403x550.png 403w, https:\/\/www.epaunova.com\/wp-content\/uploads\/2024\/09\/CIGARETTE-F-4152-23-G-480x655.png 480w, https:\/\/www.epaunova.com\/wp-content\/uploads\/2024\/09\/CIGARETTE-F-4152-23-G-600x818.png 600w\" data-sizes=\"(max-width: 880px) 100vw, 880px\" src=\"data:image\/gif;base64,R0lGODlhAQABAAAAACH5BAEKAAEALAAAAAABAAEAAAICTAEAOw==\" style=\"--smush-placeholder-width: 880px; --smush-placeholder-aspect-ratio: 880\/1200;\" \/><noscript><img decoding=\"async\" width=\"880\" height=\"1200\" src=\"https:\/\/www.epaunova.com\/wp-content\/uploads\/2024\/09\/CIGARETTE-F-4152-23-G.png\" class=\"attachment-full size-full wp-image-21257\" alt=\"CIGARETTE-F-4152-23-G\" srcset=\"https:\/\/www.epaunova.com\/wp-content\/uploads\/2024\/09\/CIGARETTE-F-4152-23-G.png 880w, https:\/\/www.epaunova.com\/wp-content\/uploads\/2024\/09\/CIGARETTE-F-4152-23-G-220x300.png 220w, https:\/\/www.epaunova.com\/wp-content\/uploads\/2024\/09\/CIGARETTE-F-4152-23-G-751x1024.png 751w, https:\/\/www.epaunova.com\/wp-content\/uploads\/2024\/09\/CIGARETTE-F-4152-23-G-768x1047.png 768w, https:\/\/www.epaunova.com\/wp-content\/uploads\/2024\/09\/CIGARETTE-F-4152-23-G-9x12.png 9w, https:\/\/www.epaunova.com\/wp-content\/uploads\/2024\/09\/CIGARETTE-F-4152-23-G-540x735.png 540w, https:\/\/www.epaunova.com\/wp-content\/uploads\/2024\/09\/CIGARETTE-F-4152-23-G-385x525.png 385w, https:\/\/www.epaunova.com\/wp-content\/uploads\/2024\/09\/CIGARETTE-F-4152-23-G-587x800.png 587w, https:\/\/www.epaunova.com\/wp-content\/uploads\/2024\/09\/CIGARETTE-F-4152-23-G-403x550.png 403w, https:\/\/www.epaunova.com\/wp-content\/uploads\/2024\/09\/CIGARETTE-F-4152-23-G-480x655.png 480w, https:\/\/www.epaunova.com\/wp-content\/uploads\/2024\/09\/CIGARETTE-F-4152-23-G-600x818.png 600w\" sizes=\"(max-width: 880px) 100vw, 880px\" \/><\/noscript>\t\t\t\t\t\t\t\t<\/a>\n\t\t\t\t\t\t\t\t\t\t\t\t\t<\/div>\n\t\t\t\t<\/div>\n\t\t\t\t\t<\/div>\n\t\t<\/div>\n\t\t\t\t<div class=\"elementor-column elementor-col-33 elementor-top-column elementor-element elementor-element-591daad\" data-id=\"591daad\" data-element_type=\"column\">\n\t\t\t<div class=\"elementor-widget-wrap elementor-element-populated\">\n\t\t\t\t\t\t<div class=\"elementor-element elementor-element-bee63b7 elementor-widget elementor-widget-image\" data-id=\"bee63b7\" data-element_type=\"widget\" data-widget_type=\"image.default\">\n\t\t\t\t<div class=\"elementor-widget-container\">\n\t\t\t\t\t\t\t\t\t\t\t\t\t\t<a href=\"https:\/\/www.epaunova.com\/wp-content\/uploads\/2024\/09\/CIGARETTE-F-4151-23-N.png\" data-elementor-open-lightbox=\"yes\" data-e-action-hash=\"#elementor-action%3Aaction%3Dlightbox%26settings%3DeyJpZCI6MjEyNTgsInVybCI6Imh0dHBzOlwvXC93d3cuZXBhdW5vdmEuY29tXC93cC1jb250ZW50XC91cGxvYWRzXC8yMDI0XC8wOVwvQ0lHQVJFVFRFLUYtNDE1MS0yMy1OLnBuZyJ9\">\n\t\t\t\t\t\t\t<img decoding=\"async\" width=\"880\" height=\"1200\" data-src=\"https:\/\/www.epaunova.com\/wp-content\/uploads\/2024\/09\/CIGARETTE-F-4151-23-N.png\" class=\"attachment-full size-full wp-image-21258 lazyload\" alt=\"CIGARETTE-F-4151-23-N\" data-srcset=\"https:\/\/www.epaunova.com\/wp-content\/uploads\/2024\/09\/CIGARETTE-F-4151-23-N.png 880w, https:\/\/www.epaunova.com\/wp-content\/uploads\/2024\/09\/CIGARETTE-F-4151-23-N-220x300.png 220w, https:\/\/www.epaunova.com\/wp-content\/uploads\/2024\/09\/CIGARETTE-F-4151-23-N-751x1024.png 751w, https:\/\/www.epaunova.com\/wp-content\/uploads\/2024\/09\/CIGARETTE-F-4151-23-N-768x1047.png 768w, https:\/\/www.epaunova.com\/wp-content\/uploads\/2024\/09\/CIGARETTE-F-4151-23-N-9x12.png 9w, https:\/\/www.epaunova.com\/wp-content\/uploads\/2024\/09\/CIGARETTE-F-4151-23-N-540x735.png 540w, https:\/\/www.epaunova.com\/wp-content\/uploads\/2024\/09\/CIGARETTE-F-4151-23-N-385x525.png 385w, https:\/\/www.epaunova.com\/wp-content\/uploads\/2024\/09\/CIGARETTE-F-4151-23-N-587x800.png 587w, https:\/\/www.epaunova.com\/wp-content\/uploads\/2024\/09\/CIGARETTE-F-4151-23-N-403x550.png 403w, https:\/\/www.epaunova.com\/wp-content\/uploads\/2024\/09\/CIGARETTE-F-4151-23-N-480x655.png 480w, https:\/\/www.epaunova.com\/wp-content\/uploads\/2024\/09\/CIGARETTE-F-4151-23-N-600x818.png 600w\" data-sizes=\"(max-width: 880px) 100vw, 880px\" src=\"data:image\/gif;base64,R0lGODlhAQABAAAAACH5BAEKAAEALAAAAAABAAEAAAICTAEAOw==\" style=\"--smush-placeholder-width: 880px; --smush-placeholder-aspect-ratio: 880\/1200;\" \/><noscript><img loading=\"lazy\" decoding=\"async\" width=\"880\" height=\"1200\" src=\"https:\/\/www.epaunova.com\/wp-content\/uploads\/2024\/09\/CIGARETTE-F-4151-23-N.png\" class=\"attachment-full size-full wp-image-21258\" alt=\"CIGARETTE-F-4151-23-N\" srcset=\"https:\/\/www.epaunova.com\/wp-content\/uploads\/2024\/09\/CIGARETTE-F-4151-23-N.png 880w, https:\/\/www.epaunova.com\/wp-content\/uploads\/2024\/09\/CIGARETTE-F-4151-23-N-220x300.png 220w, https:\/\/www.epaunova.com\/wp-content\/uploads\/2024\/09\/CIGARETTE-F-4151-23-N-751x1024.png 751w, https:\/\/www.epaunova.com\/wp-content\/uploads\/2024\/09\/CIGARETTE-F-4151-23-N-768x1047.png 768w, https:\/\/www.epaunova.com\/wp-content\/uploads\/2024\/09\/CIGARETTE-F-4151-23-N-9x12.png 9w, https:\/\/www.epaunova.com\/wp-content\/uploads\/2024\/09\/CIGARETTE-F-4151-23-N-540x735.png 540w, https:\/\/www.epaunova.com\/wp-content\/uploads\/2024\/09\/CIGARETTE-F-4151-23-N-385x525.png 385w, https:\/\/www.epaunova.com\/wp-content\/uploads\/2024\/09\/CIGARETTE-F-4151-23-N-587x800.png 587w, https:\/\/www.epaunova.com\/wp-content\/uploads\/2024\/09\/CIGARETTE-F-4151-23-N-403x550.png 403w, https:\/\/www.epaunova.com\/wp-content\/uploads\/2024\/09\/CIGARETTE-F-4151-23-N-480x655.png 480w, https:\/\/www.epaunova.com\/wp-content\/uploads\/2024\/09\/CIGARETTE-F-4151-23-N-600x818.png 600w\" sizes=\"(max-width: 880px) 100vw, 880px\" \/><\/noscript>\t\t\t\t\t\t\t\t<\/a>\n\t\t\t\t\t\t\t\t\t\t\t\t\t<\/div>\n\t\t\t\t<\/div>\n\t\t\t\t\t<\/div>\n\t\t<\/div>\n\t\t\t\t<div class=\"elementor-column elementor-col-33 elementor-top-column elementor-element elementor-element-c223744\" data-id=\"c223744\" data-element_type=\"column\">\n\t\t\t<div class=\"elementor-widget-wrap elementor-element-populated\">\n\t\t\t\t\t\t<div class=\"elementor-element elementor-element-70628a1 elementor-widget elementor-widget-image\" data-id=\"70628a1\" data-element_type=\"widget\" data-widget_type=\"image.default\">\n\t\t\t\t<div class=\"elementor-widget-container\">\n\t\t\t\t\t\t\t\t\t\t\t\t\t\t<a href=\"https:\/\/www.epaunova.com\/wp-content\/uploads\/2024\/09\/CIGARETTE-F-4150-23-B.png\" data-elementor-open-lightbox=\"yes\" data-e-action-hash=\"#elementor-action%3Aaction%3Dlightbox%26settings%3DeyJpZCI6MjEyNTksInVybCI6Imh0dHBzOlwvXC93d3cuZXBhdW5vdmEuY29tXC93cC1jb250ZW50XC91cGxvYWRzXC8yMDI0XC8wOVwvQ0lHQVJFVFRFLUYtNDE1MC0yMy1CLnBuZyJ9\">\n\t\t\t\t\t\t\t<img decoding=\"async\" width=\"880\" height=\"1200\" data-src=\"https:\/\/www.epaunova.com\/wp-content\/uploads\/2024\/09\/CIGARETTE-F-4150-23-B.png\" class=\"attachment-full size-full wp-image-21259 lazyload\" alt=\"CIGARETTE-F-4150-23-B\" data-srcset=\"https:\/\/www.epaunova.com\/wp-content\/uploads\/2024\/09\/CIGARETTE-F-4150-23-B.png 880w, https:\/\/www.epaunova.com\/wp-content\/uploads\/2024\/09\/CIGARETTE-F-4150-23-B-220x300.png 220w, https:\/\/www.epaunova.com\/wp-content\/uploads\/2024\/09\/CIGARETTE-F-4150-23-B-751x1024.png 751w, https:\/\/www.epaunova.com\/wp-content\/uploads\/2024\/09\/CIGARETTE-F-4150-23-B-768x1047.png 768w, https:\/\/www.epaunova.com\/wp-content\/uploads\/2024\/09\/CIGARETTE-F-4150-23-B-9x12.png 9w, https:\/\/www.epaunova.com\/wp-content\/uploads\/2024\/09\/CIGARETTE-F-4150-23-B-540x735.png 540w, https:\/\/www.epaunova.com\/wp-content\/uploads\/2024\/09\/CIGARETTE-F-4150-23-B-385x525.png 385w, https:\/\/www.epaunova.com\/wp-content\/uploads\/2024\/09\/CIGARETTE-F-4150-23-B-587x800.png 587w, https:\/\/www.epaunova.com\/wp-content\/uploads\/2024\/09\/CIGARETTE-F-4150-23-B-403x550.png 403w, https:\/\/www.epaunova.com\/wp-content\/uploads\/2024\/09\/CIGARETTE-F-4150-23-B-480x655.png 480w, https:\/\/www.epaunova.com\/wp-content\/uploads\/2024\/09\/CIGARETTE-F-4150-23-B-600x818.png 600w\" data-sizes=\"(max-width: 880px) 100vw, 880px\" src=\"data:image\/gif;base64,R0lGODlhAQABAAAAACH5BAEKAAEALAAAAAABAAEAAAICTAEAOw==\" style=\"--smush-placeholder-width: 880px; --smush-placeholder-aspect-ratio: 880\/1200;\" \/><noscript><img loading=\"lazy\" decoding=\"async\" width=\"880\" height=\"1200\" src=\"https:\/\/www.epaunova.com\/wp-content\/uploads\/2024\/09\/CIGARETTE-F-4150-23-B.png\" class=\"attachment-full size-full wp-image-21259\" alt=\"CIGARETTE-F-4150-23-B\" srcset=\"https:\/\/www.epaunova.com\/wp-content\/uploads\/2024\/09\/CIGARETTE-F-4150-23-B.png 880w, https:\/\/www.epaunova.com\/wp-content\/uploads\/2024\/09\/CIGARETTE-F-4150-23-B-220x300.png 220w, https:\/\/www.epaunova.com\/wp-content\/uploads\/2024\/09\/CIGARETTE-F-4150-23-B-751x1024.png 751w, https:\/\/www.epaunova.com\/wp-content\/uploads\/2024\/09\/CIGARETTE-F-4150-23-B-768x1047.png 768w, https:\/\/www.epaunova.com\/wp-content\/uploads\/2024\/09\/CIGARETTE-F-4150-23-B-9x12.png 9w, https:\/\/www.epaunova.com\/wp-content\/uploads\/2024\/09\/CIGARETTE-F-4150-23-B-540x735.png 540w, https:\/\/www.epaunova.com\/wp-content\/uploads\/2024\/09\/CIGARETTE-F-4150-23-B-385x525.png 385w, https:\/\/www.epaunova.com\/wp-content\/uploads\/2024\/09\/CIGARETTE-F-4150-23-B-587x800.png 587w, https:\/\/www.epaunova.com\/wp-content\/uploads\/2024\/09\/CIGARETTE-F-4150-23-B-403x550.png 403w, https:\/\/www.epaunova.com\/wp-content\/uploads\/2024\/09\/CIGARETTE-F-4150-23-B-480x655.png 480w, https:\/\/www.epaunova.com\/wp-content\/uploads\/2024\/09\/CIGARETTE-F-4150-23-B-600x818.png 600w\" sizes=\"(max-width: 880px) 100vw, 880px\" \/><\/noscript>\t\t\t\t\t\t\t\t<\/a>\n\t\t\t\t\t\t\t\t\t\t\t\t\t<\/div>\n\t\t\t\t<\/div>\n\t\t\t\t\t<\/div>\n\t\t<\/div>\n\t\t\t\t\t<\/div>\n\t\t<\/section>\n\t\t\t\t<section data-particle_enable=\"false\" data-particle-mobile-disabled=\"false\" class=\"elementor-section elementor-top-section elementor-element elementor-element-5a65d1e elementor-section-boxed elementor-section-height-default elementor-section-height-default\" data-id=\"5a65d1e\" data-element_type=\"section\">\n\t\t\t\t\t\t<div class=\"elementor-container elementor-column-gap-default\">\n\t\t\t\t\t<div class=\"elementor-column elementor-col-100 elementor-top-column elementor-element elementor-element-0bbc672\" data-id=\"0bbc672\" data-element_type=\"column\">\n\t\t\t<div class=\"elementor-widget-wrap elementor-element-populated\">\n\t\t\t\t\t\t<div class=\"elementor-element elementor-element-449f208 animated-slow loginButton elementor-align-center elementor-invisible elementor-widget elementor-widget-button\" data-id=\"449f208\" data-element_type=\"widget\" data-settings=\"{&quot;_animation&quot;:&quot;fadeIn&quot;}\" data-widget_type=\"button.default\">\n\t\t\t\t<div class=\"elementor-widget-container\">\n\t\t\t\t\t\t\t<div class=\"elementor-button-wrapper\">\n\t\t\t\t\t<a class=\"elementor-button elementor-button-link elementor-size-sm\" href=\"https:\/\/www.epaunova.com\/wp-content\/uploads\/2019\/06\/EPAU-NOVA-COLLECTION-MASCULINE-21-22.pdf\">\n\t\t\t\t\t\t<span class=\"elementor-button-content-wrapper\">\n\t\t\t\t\t\t\t\t\t<span class=\"elementor-button-text\">T\u00e9l\u00e9charger<\/span>\n\t\t\t\t\t<\/span>\n\t\t\t\t\t<\/a>\n\t\t\t\t<\/div>\n\t\t\t\t\t\t<\/div>\n\t\t\t\t<\/div>\n\t\t\t\t\t<\/div>\n\t\t<\/div>\n\t\t\t\t\t<\/div>\n\t\t<\/section>\n\t\t\t\t<\/div>\n\t\t","protected":false},"excerpt":{"rendered":"<p>D\u00e9couvrez nos Cigarettes de Manche Masculines Nos cigarettes de manches masculines sont con\u00e7ues pour apporter structure et sophistication aux v\u00eatements pour hommes. Chaque pi\u00e8ce est \u00e9labor\u00e9e avec pr\u00e9cision pour s&rsquo;adapter aux lignes masculines, renfor\u00e7ant l&rsquo;\u00e9l\u00e9gance naturelle des tenues. T\u00e9l\u00e9charger<\/p>\n","protected":false},"author":2,"featured_media":18281,"parent":0,"menu_order":0,"comment_status":"closed","ping_status":"closed","template":"","meta":{"footnotes":""},"class_list":["post-19099","page","type-page","status-publish","has-post-thumbnail","hentry"],"_links":{"self":[{"href":"https:\/\/www.epaunova.com\/fr\/wp-json\/wp\/v2\/pages\/19099","targetHints":{"allow":["GET"]}}],"collection":[{"href":"https:\/\/www.epaunova.com\/fr\/wp-json\/wp\/v2\/pages"}],"about":[{"href":"https:\/\/www.epaunova.com\/fr\/wp-json\/wp\/v2\/types\/page"}],"author":[{"embeddable":true,"href":"https:\/\/www.epaunova.com\/fr\/wp-json\/wp\/v2\/users\/2"}],"replies":[{"embeddable":true,"href":"https:\/\/www.epaunova.com\/fr\/wp-json\/wp\/v2\/comments?post=19099"}],"version-history":[{"count":0,"href":"https:\/\/www.epaunova.com\/fr\/wp-json\/wp\/v2\/pages\/19099\/revisions"}],"wp:featuredmedia":[{"embeddable":true,"href":"https:\/\/www.epaunova.com\/fr\/wp-json\/wp\/v2\/media\/18281"}],"wp:attachment":[{"href":"https:\/\/www.epaunova.com\/fr\/wp-json\/wp\/v2\/media?parent=19099"}],"curies":[{"name":"wp","href":"https:\/\/api.w.org\/{rel}","templated":true}]}}