{"id":20380,"date":"2024-07-31T08:26:10","date_gmt":"2024-07-31T08:26:10","guid":{"rendered":"https:\/\/www.epaunova.com\/?page_id=20380"},"modified":"2024-09-27T11:50:00","modified_gmt":"2024-09-27T11:50:00","slug":"biais-a-facon","status":"publish","type":"page","link":"https:\/\/www.epaunova.com\/fr\/biais-a-facon\/","title":{"rendered":"Biais \u00e0 Fa\u00e7on"},"content":{"rendered":"\t\t<div data-elementor-type=\"wp-page\" data-elementor-id=\"20380\" class=\"elementor elementor-20380\" data-elementor-post-type=\"page\">\n\t\t\t\t\t\t<section data-particle_enable=\"false\" data-particle-mobile-disabled=\"false\" class=\"elementor-section elementor-top-section elementor-element elementor-element-f9469b0 elementor-section-full_width elementor-section-height-default elementor-section-height-default\" data-id=\"f9469b0\" data-element_type=\"section\">\n\t\t\t\t\t\t<div class=\"elementor-container elementor-column-gap-default\">\n\t\t\t\t\t<div class=\"elementor-column elementor-col-100 elementor-top-column elementor-element elementor-element-42dda9a\" data-id=\"42dda9a\" data-element_type=\"column\">\n\t\t\t<div class=\"elementor-widget-wrap elementor-element-populated\">\n\t\t\t\t\t\t<div class=\"elementor-element elementor-element-65b0fa9 elementor-widget elementor-widget-heading\" data-id=\"65b0fa9\" data-element_type=\"widget\" data-widget_type=\"heading.default\">\n\t\t\t\t<div class=\"elementor-widget-container\">\n\t\t\t<h2 class=\"elementor-heading-title elementor-size-default\">\u00c9l\u00e9gance et Flexibilit\u00e9 dans la Couture<\/h2>\t\t<\/div>\n\t\t\t\t<\/div>\n\t\t\t\t<div class=\"elementor-element elementor-element-311f6ad text-center elementor-widget elementor-widget-tp-advanced-typography\" data-id=\"311f6ad\" data-element_type=\"widget\" data-widget_type=\"tp-advanced-typography.default\">\n\t\t\t\t<div class=\"elementor-widget-container\">\n\t\t\t<div id=\"at311f6ad\" class=\"pt-plus-adv-typo-wrapper\"><div class=\"pt_plus_adv_typo_block   none\"><span id=\"advtypo69f0b864873b7\" class=\"text-content-block        \"  style=\"\"  >Notre biais \u00e0 fa\u00e7on est con\u00e7u pour r\u00e9pondre \u00e0 vos besoins les plus sp\u00e9cifiques. Gr\u00e2ce \u00e0 notre expertise, nous pouvons plier le biais de multiples mani\u00e8res, selon vos exigences, que vous souhaitiez un pli simple, double ou plus complexe. Notre savoir-faire garantit une finition impeccable, alliant pr\u00e9cision et \u00e9l\u00e9gance.<\/span><\/div><\/div>\t\t<\/div>\n\t\t\t\t<\/div>\n\t\t\t\t<div class=\"elementor-element elementor-element-8fe5187 elementor-absolute elementor-hidden-tablet elementor-hidden-mobile_extra elementor-hidden-mobile elementor-widget elementor-widget-image\" data-id=\"8fe5187\" data-element_type=\"widget\" data-settings=\"{&quot;_position&quot;:&quot;absolute&quot;}\" data-widget_type=\"image.default\">\n\t\t\t\t<div class=\"elementor-widget-container\">\n\t\t\t\t\t\t\t\t\t\t\t\t\t<img fetchpriority=\"high\" decoding=\"async\" width=\"3052\" height=\"844\" src=\"https:\/\/www.epaunova.com\/wp-content\/uploads\/2024\/09\/MOTIF.png\" class=\"attachment-full size-full wp-image-22097\" alt=\"MOTIF\" srcset=\"https:\/\/www.epaunova.com\/wp-content\/uploads\/2024\/09\/MOTIF.png 3052w, https:\/\/www.epaunova.com\/wp-content\/uploads\/2024\/09\/MOTIF-300x83.png 300w, https:\/\/www.epaunova.com\/wp-content\/uploads\/2024\/09\/MOTIF-1024x283.png 1024w, https:\/\/www.epaunova.com\/wp-content\/uploads\/2024\/09\/MOTIF-768x212.png 768w, https:\/\/www.epaunova.com\/wp-content\/uploads\/2024\/09\/MOTIF-1536x425.png 1536w, https:\/\/www.epaunova.com\/wp-content\/uploads\/2024\/09\/MOTIF-2048x566.png 2048w, https:\/\/www.epaunova.com\/wp-content\/uploads\/2024\/09\/MOTIF-18x5.png 18w, https:\/\/www.epaunova.com\/wp-content\/uploads\/2024\/09\/MOTIF-800x221.png 800w, https:\/\/www.epaunova.com\/wp-content\/uploads\/2024\/09\/MOTIF-550x152.png 550w, https:\/\/www.epaunova.com\/wp-content\/uploads\/2024\/09\/MOTIF-480x133.png 480w, https:\/\/www.epaunova.com\/wp-content\/uploads\/2024\/09\/MOTIF-600x166.png 600w\" sizes=\"(max-width: 3052px) 100vw, 3052px\" \/>\t\t\t\t\t\t\t\t\t\t\t\t\t<\/div>\n\t\t\t\t<\/div>\n\t\t\t\t\t<\/div>\n\t\t<\/div>\n\t\t\t\t\t<\/div>\n\t\t<\/section>\n\t\t\t\t<section data-particle_enable=\"false\" data-particle-mobile-disabled=\"false\" class=\"elementor-section elementor-top-section elementor-element elementor-element-84c2f2c elementor-section-full_width elementor-section-height-default elementor-section-height-default\" data-id=\"84c2f2c\" data-element_type=\"section\">\n\t\t\t\t\t\t<div class=\"elementor-container elementor-column-gap-default\">\n\t\t\t\t\t<div class=\"elementor-column elementor-col-33 elementor-top-column elementor-element elementor-element-0c7e017 animated-slow elementor-invisible\" data-id=\"0c7e017\" data-element_type=\"column\" data-settings=\"{&quot;animation&quot;:&quot;fadeIn&quot;}\">\n\t\t\t<div class=\"elementor-widget-wrap\">\n\t\t\t\t\t\t\t<\/div>\n\t\t<\/div>\n\t\t\t\t<div class=\"elementor-column elementor-col-33 elementor-top-column elementor-element elementor-element-8c0da82 animated-slow elementor-invisible\" data-id=\"8c0da82\" data-element_type=\"column\" data-settings=\"{&quot;animation&quot;:&quot;fadeIn&quot;}\">\n\t\t\t<div class=\"elementor-widget-wrap elementor-element-populated\">\n\t\t\t\t\t\t<div class=\"elementor-element elementor-element-28a3d04 elementor-widget elementor-widget-image\" data-id=\"28a3d04\" data-element_type=\"widget\" data-widget_type=\"image.default\">\n\t\t\t\t<div class=\"elementor-widget-container\">\n\t\t\t\t\t\t\t\t\t\t\t\t\t\t<a href=\"https:\/\/www.epaunova.com\/wp-content\/uploads\/2020\/05\/biais-a-facon.jpg\" data-elementor-open-lightbox=\"yes\" data-e-action-hash=\"#elementor-action%3Aaction%3Dlightbox%26settings%3DeyJpZCI6MTgzODMsInVybCI6Imh0dHBzOlwvXC93d3cuZXBhdW5vdmEuY29tXC93cC1jb250ZW50XC91cGxvYWRzXC8yMDIwXC8wNVwvYmlhaXMtYS1mYWNvbi5qcGcifQ%3D%3D\">\n\t\t\t\t\t\t\t<img decoding=\"async\" width=\"480\" height=\"655\" data-src=\"https:\/\/www.epaunova.com\/wp-content\/uploads\/2020\/05\/biais-a-facon.jpg\" class=\"attachment-full size-full wp-image-18383 lazyload\" alt=\"biais-a-fa\u00e7on\" data-srcset=\"https:\/\/www.epaunova.com\/wp-content\/uploads\/2020\/05\/biais-a-facon.jpg 480w, https:\/\/www.epaunova.com\/wp-content\/uploads\/2020\/05\/biais-a-facon-220x300.jpg 220w, https:\/\/www.epaunova.com\/wp-content\/uploads\/2020\/05\/biais-a-facon-9x12.jpg 9w, https:\/\/www.epaunova.com\/wp-content\/uploads\/2020\/05\/biais-a-facon-385x525.jpg 385w, https:\/\/www.epaunova.com\/wp-content\/uploads\/2020\/05\/biais-a-facon-403x550.jpg 403w\" data-sizes=\"(max-width: 480px) 100vw, 480px\" src=\"data:image\/gif;base64,R0lGODlhAQABAAAAACH5BAEKAAEALAAAAAABAAEAAAICTAEAOw==\" style=\"--smush-placeholder-width: 480px; --smush-placeholder-aspect-ratio: 480\/655;\" \/><noscript><img decoding=\"async\" width=\"480\" height=\"655\" src=\"https:\/\/www.epaunova.com\/wp-content\/uploads\/2020\/05\/biais-a-facon.jpg\" class=\"attachment-full size-full wp-image-18383\" alt=\"biais-a-fa\u00e7on\" srcset=\"https:\/\/www.epaunova.com\/wp-content\/uploads\/2020\/05\/biais-a-facon.jpg 480w, https:\/\/www.epaunova.com\/wp-content\/uploads\/2020\/05\/biais-a-facon-220x300.jpg 220w, https:\/\/www.epaunova.com\/wp-content\/uploads\/2020\/05\/biais-a-facon-9x12.jpg 9w, https:\/\/www.epaunova.com\/wp-content\/uploads\/2020\/05\/biais-a-facon-385x525.jpg 385w, https:\/\/www.epaunova.com\/wp-content\/uploads\/2020\/05\/biais-a-facon-403x550.jpg 403w\" sizes=\"(max-width: 480px) 100vw, 480px\" \/><\/noscript>\t\t\t\t\t\t\t\t<\/a>\n\t\t\t\t\t\t\t\t\t\t\t\t\t<\/div>\n\t\t\t\t<\/div>\n\t\t\t\t\t<\/div>\n\t\t<\/div>\n\t\t\t\t<div class=\"elementor-column elementor-col-33 elementor-top-column elementor-element elementor-element-a75b4b6 animated-slow elementor-invisible\" data-id=\"a75b4b6\" data-element_type=\"column\" data-settings=\"{&quot;animation&quot;:&quot;fadeIn&quot;}\">\n\t\t\t<div class=\"elementor-widget-wrap\">\n\t\t\t\t\t\t\t<\/div>\n\t\t<\/div>\n\t\t\t\t\t<\/div>\n\t\t<\/section>\n\t\t\t\t<\/div>\n\t\t","protected":false},"excerpt":{"rendered":"<p>\u00c9l\u00e9gance et Flexibilit\u00e9 dans la Couture Notre biais \u00e0 fa\u00e7on est con\u00e7u pour r\u00e9pondre \u00e0 vos besoins les plus sp\u00e9cifiques. Gr\u00e2ce \u00e0 notre expertise, nous pouvons plier le biais de multiples mani\u00e8res, selon vos exigences, que vous souhaitiez un pli simple, double ou plus complexe. Notre savoir-faire garantit une finition impeccable, alliant pr\u00e9cision et \u00e9l\u00e9gance.<\/p>\n","protected":false},"author":2,"featured_media":18281,"parent":0,"menu_order":0,"comment_status":"closed","ping_status":"closed","template":"","meta":{"footnotes":""},"class_list":["post-20380","page","type-page","status-publish","has-post-thumbnail","hentry"],"_links":{"self":[{"href":"https:\/\/www.epaunova.com\/fr\/wp-json\/wp\/v2\/pages\/20380","targetHints":{"allow":["GET"]}}],"collection":[{"href":"https:\/\/www.epaunova.com\/fr\/wp-json\/wp\/v2\/pages"}],"about":[{"href":"https:\/\/www.epaunova.com\/fr\/wp-json\/wp\/v2\/types\/page"}],"author":[{"embeddable":true,"href":"https:\/\/www.epaunova.com\/fr\/wp-json\/wp\/v2\/users\/2"}],"replies":[{"embeddable":true,"href":"https:\/\/www.epaunova.com\/fr\/wp-json\/wp\/v2\/comments?post=20380"}],"version-history":[{"count":0,"href":"https:\/\/www.epaunova.com\/fr\/wp-json\/wp\/v2\/pages\/20380\/revisions"}],"wp:featuredmedia":[{"embeddable":true,"href":"https:\/\/www.epaunova.com\/fr\/wp-json\/wp\/v2\/media\/18281"}],"wp:attachment":[{"href":"https:\/\/www.epaunova.com\/fr\/wp-json\/wp\/v2\/media?parent=20380"}],"curies":[{"name":"wp","href":"https:\/\/api.w.org\/{rel}","templated":true}]}}