{"id":20404,"date":"2024-07-31T08:45:05","date_gmt":"2024-07-31T08:45:05","guid":{"rendered":"https:\/\/www.epaunova.com\/?page_id=20404"},"modified":"2024-09-24T13:01:37","modified_gmt":"2024-09-24T13:01:37","slug":"mousses-contrecollees","status":"publish","type":"page","link":"https:\/\/www.epaunova.com\/fr\/mousses-contrecollees\/","title":{"rendered":"Mousses Contrecoll\u00e9es"},"content":{"rendered":"\t\t<div data-elementor-type=\"wp-page\" data-elementor-id=\"20404\" class=\"elementor elementor-20404\" data-elementor-post-type=\"page\">\n\t\t\t\t\t\t<section data-particle_enable=\"false\" data-particle-mobile-disabled=\"false\" class=\"elementor-section elementor-top-section elementor-element elementor-element-bf64cf2 elementor-section-full_width elementor-section-height-default elementor-section-height-default\" data-id=\"bf64cf2\" data-element_type=\"section\">\n\t\t\t\t\t\t<div class=\"elementor-container elementor-column-gap-default\">\n\t\t\t\t\t<div class=\"elementor-column elementor-col-100 elementor-top-column elementor-element elementor-element-79b58c6\" data-id=\"79b58c6\" data-element_type=\"column\">\n\t\t\t<div class=\"elementor-widget-wrap elementor-element-populated\">\n\t\t\t\t\t\t<div class=\"elementor-element elementor-element-524a472 elementor-widget elementor-widget-heading\" data-id=\"524a472\" data-element_type=\"widget\" data-widget_type=\"heading.default\">\n\t\t\t\t<div class=\"elementor-widget-container\">\n\t\t\t<h2 class=\"elementor-heading-title elementor-size-default\">D\u00e9couvrez Notre Mousse Contrecoll\u00e9e \n<\/h2>\t\t<\/div>\n\t\t\t\t<\/div>\n\t\t\t\t\t<\/div>\n\t\t<\/div>\n\t\t\t\t\t<\/div>\n\t\t<\/section>\n\t\t\t\t<section data-particle_enable=\"false\" data-particle-mobile-disabled=\"false\" class=\"elementor-section elementor-top-section elementor-element elementor-element-01fd221 elementor-section-full_width elementor-section-height-default elementor-section-height-default\" data-id=\"01fd221\" data-element_type=\"section\">\n\t\t\t\t\t\t<div class=\"elementor-container elementor-column-gap-default\">\n\t\t\t\t\t<div class=\"elementor-column elementor-col-33 elementor-top-column elementor-element elementor-element-af1485d\" data-id=\"af1485d\" data-element_type=\"column\">\n\t\t\t<div class=\"elementor-widget-wrap elementor-element-populated\">\n\t\t\t\t\t\t<div class=\"elementor-element elementor-element-33e36e5 elementor-widget elementor-widget-ucaddon_uc_carousel_image\" data-id=\"33e36e5\" data-element_type=\"widget\" data-widget_type=\"ucaddon_uc_carousel_image.default\">\n\t\t\t\t<div class=\"elementor-widget-container\">\n\t\t\t\n<!-- start Carousel Gallery -->\n\t\t<link id='unitegallery-css' href='https:\/\/www.epaunova.com\/wp-content\/plugins\/unlimited-elements-for-elementor-premium\/assets_libraries\/unitegallery\/css\/unite-gallery.css' type='text\/css' rel='stylesheet' >\n\n\n<div id=\"uc_uc_carousel_image_elementor_33e36e5\" style=\"display:none;\" class=\"uc-items-wrapper\" data-custom-sethtml=\"true\" >\n\n\n<img decoding=\"async\" alt=\"Artboard-26\"\n   data-src=\"https:\/\/www.epaunova.com\/wp-content\/uploads\/2019\/06\/Artboard-26.jpg\"\n    data-image=\"https:\/\/www.epaunova.com\/wp-content\/uploads\/2019\/06\/Artboard-26.jpg\"\n    data-title=\"Artboard-26\" src=\"data:image\/gif;base64,R0lGODlhAQABAAAAACH5BAEKAAEALAAAAAABAAEAAAICTAEAOw==\" class=\"lazyload\" style=\"--smush-placeholder-width: 480px; --smush-placeholder-aspect-ratio: 480\/655;\"><noscript><img decoding=\"async\" alt=\"Artboard-26\"\n   src=\"https:\/\/www.epaunova.com\/wp-content\/uploads\/2019\/06\/Artboard-26.jpg\"\n    data-image=\"https:\/\/www.epaunova.com\/wp-content\/uploads\/2019\/06\/Artboard-26.jpg\"\n    data-title=\"Artboard-26\"><\/noscript>\n\n<img decoding=\"async\" alt=\"Artboard-25\"\n   data-src=\"https:\/\/www.epaunova.com\/wp-content\/uploads\/2019\/06\/Artboard-25.jpg\"\n    data-image=\"https:\/\/www.epaunova.com\/wp-content\/uploads\/2019\/06\/Artboard-25.jpg\"\n    data-title=\"Artboard-25\" src=\"data:image\/gif;base64,R0lGODlhAQABAAAAACH5BAEKAAEALAAAAAABAAEAAAICTAEAOw==\" class=\"lazyload\" style=\"--smush-placeholder-width: 480px; --smush-placeholder-aspect-ratio: 480\/655;\"><noscript><img decoding=\"async\" alt=\"Artboard-25\"\n   src=\"https:\/\/www.epaunova.com\/wp-content\/uploads\/2019\/06\/Artboard-25.jpg\"\n    data-image=\"https:\/\/www.epaunova.com\/wp-content\/uploads\/2019\/06\/Artboard-25.jpg\"\n    data-title=\"Artboard-25\"><\/noscript>\n\n  \n<\/div>\n<!-- end Carousel Gallery -->\t\t<\/div>\n\t\t\t\t<\/div>\n\t\t\t\t\t<\/div>\n\t\t<\/div>\n\t\t\t\t<div class=\"elementor-column elementor-col-66 elementor-top-column elementor-element elementor-element-f16e481\" data-id=\"f16e481\" data-element_type=\"column\" data-settings=\"{&quot;background_background&quot;:&quot;classic&quot;}\">\n\t\t\t<div class=\"elementor-widget-wrap elementor-element-populated\">\n\t\t\t\t\t\t<div class=\"elementor-element elementor-element-9f7d292 text-left elementor-widget__width-initial elementor-widget-mobile__width-inherit elementor-widget elementor-widget-tp-advanced-typography\" data-id=\"9f7d292\" data-element_type=\"widget\" data-widget_type=\"tp-advanced-typography.default\">\n\t\t\t\t<div class=\"elementor-widget-container\">\n\t\t\t<div id=\"at9f7d292\" class=\"pt-plus-adv-typo-wrapper\"><div class=\"pt_plus_adv_typo_block   none\"><span id=\"advtypo69f2cf78753ae\" class=\"text-content-block        \"  style=\"\"  >Nous offrons la possibilit\u00e9 de contrecoller la mousse avec diff\u00e9rentes mati\u00e8res, adapt\u00e9es \u00e0 vos besoins sp\u00e9cifiques, permettant de cr\u00e9er des produits parfaitement adapt\u00e9s \u00e0 vos exigences techniques et fonctionnelles.\nQue vous cherchiez \u00e0 am\u00e9liorer le rembourrage ou \u00e0 ajouter de la structure \u00e0 vos cr\u00e9ations, notre mousse contrecoll\u00e9e r\u00e9pondra \u00e0 toutes vos attentes en mati\u00e8re de performance et de qualit\u00e9.<\/span><\/div><\/div>\t\t<\/div>\n\t\t\t\t<\/div>\n\t\t\t\t<div class=\"elementor-element elementor-element-b54d635 elementor-absolute e-transform e-transform elementor-hidden-mobile_extra elementor-hidden-mobile elementor-hidden-widescreen elementor-hidden-desktop elementor-hidden-laptop elementor-hidden-tablet elementor-widget elementor-widget-image\" data-id=\"b54d635\" data-element_type=\"widget\" data-settings=\"{&quot;_position&quot;:&quot;absolute&quot;,&quot;_transform_rotateZ_effect&quot;:{&quot;unit&quot;:&quot;px&quot;,&quot;size&quot;:-20,&quot;sizes&quot;:[]},&quot;_transform_flipX_effect&quot;:&quot;transform&quot;,&quot;_transform_rotateZ_effect_widescreen&quot;:{&quot;unit&quot;:&quot;deg&quot;,&quot;size&quot;:&quot;&quot;,&quot;sizes&quot;:[]},&quot;_transform_rotateZ_effect_laptop&quot;:{&quot;unit&quot;:&quot;deg&quot;,&quot;size&quot;:&quot;&quot;,&quot;sizes&quot;:[]},&quot;_transform_rotateZ_effect_tablet&quot;:{&quot;unit&quot;:&quot;deg&quot;,&quot;size&quot;:&quot;&quot;,&quot;sizes&quot;:[]},&quot;_transform_rotateZ_effect_mobile_extra&quot;:{&quot;unit&quot;:&quot;deg&quot;,&quot;size&quot;:&quot;&quot;,&quot;sizes&quot;:[]},&quot;_transform_rotateZ_effect_mobile&quot;:{&quot;unit&quot;:&quot;deg&quot;,&quot;size&quot;:&quot;&quot;,&quot;sizes&quot;:[]}}\" data-widget_type=\"image.default\">\n\t\t\t\t<div class=\"elementor-widget-container\">\n\t\t\t\t\t\t\t\t\t\t\t\t\t<img fetchpriority=\"high\" decoding=\"async\" width=\"3052\" height=\"844\" src=\"https:\/\/www.epaunova.com\/wp-content\/uploads\/2024\/09\/MOTIF.png\" class=\"attachment-full size-full wp-image-22097\" alt=\"MOTIF\" srcset=\"https:\/\/www.epaunova.com\/wp-content\/uploads\/2024\/09\/MOTIF.png 3052w, https:\/\/www.epaunova.com\/wp-content\/uploads\/2024\/09\/MOTIF-300x83.png 300w, https:\/\/www.epaunova.com\/wp-content\/uploads\/2024\/09\/MOTIF-1024x283.png 1024w, https:\/\/www.epaunova.com\/wp-content\/uploads\/2024\/09\/MOTIF-768x212.png 768w, https:\/\/www.epaunova.com\/wp-content\/uploads\/2024\/09\/MOTIF-1536x425.png 1536w, https:\/\/www.epaunova.com\/wp-content\/uploads\/2024\/09\/MOTIF-2048x566.png 2048w, https:\/\/www.epaunova.com\/wp-content\/uploads\/2024\/09\/MOTIF-18x5.png 18w, https:\/\/www.epaunova.com\/wp-content\/uploads\/2024\/09\/MOTIF-800x221.png 800w, https:\/\/www.epaunova.com\/wp-content\/uploads\/2024\/09\/MOTIF-550x152.png 550w, https:\/\/www.epaunova.com\/wp-content\/uploads\/2024\/09\/MOTIF-480x133.png 480w, https:\/\/www.epaunova.com\/wp-content\/uploads\/2024\/09\/MOTIF-600x166.png 600w\" sizes=\"(max-width: 3052px) 100vw, 3052px\" \/>\t\t\t\t\t\t\t\t\t\t\t\t\t<\/div>\n\t\t\t\t<\/div>\n\t\t\t\t<div class=\"elementor-element elementor-element-d383fa5 elementor-widget elementor-widget-spacer\" data-id=\"d383fa5\" data-element_type=\"widget\" data-widget_type=\"spacer.default\">\n\t\t\t\t<div class=\"elementor-widget-container\">\n\t\t\t\t\t<div class=\"elementor-spacer\">\n\t\t\t<div class=\"elementor-spacer-inner\"><\/div>\n\t\t<\/div>\n\t\t\t\t<\/div>\n\t\t\t\t<\/div>\n\t\t\t\t\t<\/div>\n\t\t<\/div>\n\t\t\t\t\t<\/div>\n\t\t<\/section>\n\t\t\t\t<\/div>\n\t\t","protected":false},"excerpt":{"rendered":"<p>D\u00e9couvrez Notre Mousse Contrecoll\u00e9e Nous offrons la possibilit\u00e9 de contrecoller la mousse avec diff\u00e9rentes mati\u00e8res, adapt\u00e9es \u00e0 vos besoins sp\u00e9cifiques, permettant de cr\u00e9er des produits parfaitement adapt\u00e9s \u00e0 vos exigences techniques et fonctionnelles. Que vous cherchiez \u00e0 am\u00e9liorer le rembourrage ou \u00e0 ajouter de la structure \u00e0 vos cr\u00e9ations, notre mousse contrecoll\u00e9e r\u00e9pondra \u00e0 toutes vos attentes en mati\u00e8re de performance et de qualit\u00e9.<\/p>\n","protected":false},"author":2,"featured_media":18283,"parent":0,"menu_order":0,"comment_status":"closed","ping_status":"closed","template":"","meta":{"footnotes":""},"class_list":["post-20404","page","type-page","status-publish","has-post-thumbnail","hentry"],"_links":{"self":[{"href":"https:\/\/www.epaunova.com\/fr\/wp-json\/wp\/v2\/pages\/20404","targetHints":{"allow":["GET"]}}],"collection":[{"href":"https:\/\/www.epaunova.com\/fr\/wp-json\/wp\/v2\/pages"}],"about":[{"href":"https:\/\/www.epaunova.com\/fr\/wp-json\/wp\/v2\/types\/page"}],"author":[{"embeddable":true,"href":"https:\/\/www.epaunova.com\/fr\/wp-json\/wp\/v2\/users\/2"}],"replies":[{"embeddable":true,"href":"https:\/\/www.epaunova.com\/fr\/wp-json\/wp\/v2\/comments?post=20404"}],"version-history":[{"count":0,"href":"https:\/\/www.epaunova.com\/fr\/wp-json\/wp\/v2\/pages\/20404\/revisions"}],"wp:featuredmedia":[{"embeddable":true,"href":"https:\/\/www.epaunova.com\/fr\/wp-json\/wp\/v2\/media\/18283"}],"wp:attachment":[{"href":"https:\/\/www.epaunova.com\/fr\/wp-json\/wp\/v2\/media?parent=20404"}],"curies":[{"name":"wp","href":"https:\/\/api.w.org\/{rel}","templated":true}]}}