{"id":22083,"date":"2024-09-10T16:48:13","date_gmt":"2024-09-10T16:48:13","guid":{"rendered":"https:\/\/www.epaunova.com\/?page_id=22083"},"modified":"2024-09-23T22:39:10","modified_gmt":"2024-09-23T22:39:10","slug":"premiere-vision-paris","status":"publish","type":"page","link":"https:\/\/www.epaunova.com\/fr\/premiere-vision-paris\/","title":{"rendered":"Premi\u00e8re Vision Paris"},"content":{"rendered":"\t\t<div data-elementor-type=\"wp-page\" data-elementor-id=\"22083\" class=\"elementor elementor-22083\" data-elementor-post-type=\"page\">\n\t\t\t\t\t\t<section data-particle_enable=\"false\" data-particle-mobile-disabled=\"false\" class=\"elementor-section elementor-top-section elementor-element elementor-element-56e2457 elementor-section-boxed elementor-section-height-default elementor-section-height-default\" data-id=\"56e2457\" data-element_type=\"section\">\n\t\t\t\t\t\t<div class=\"elementor-container elementor-column-gap-default\">\n\t\t\t\t\t<div class=\"elementor-column elementor-col-100 elementor-top-column elementor-element elementor-element-5b109c6\" data-id=\"5b109c6\" data-element_type=\"column\">\n\t\t\t<div class=\"elementor-widget-wrap elementor-element-populated\">\n\t\t\t\t\t\t<div class=\"elementor-element elementor-element-24676f7 elementor-widget elementor-widget-image\" data-id=\"24676f7\" data-element_type=\"widget\" data-widget_type=\"image.default\">\n\t\t\t\t<div class=\"elementor-widget-container\">\n\t\t\t\t\t\t\t\t\t\t\t\t\t<img fetchpriority=\"high\" decoding=\"async\" width=\"1024\" height=\"685\" src=\"https:\/\/www.epaunova.com\/wp-content\/uploads\/2023\/07\/act-PVP-detail.png\" class=\"attachment-full size-full wp-image-21368\" alt=\"\" srcset=\"https:\/\/www.epaunova.com\/wp-content\/uploads\/2023\/07\/act-PVP-detail.png 1024w, https:\/\/www.epaunova.com\/wp-content\/uploads\/2023\/07\/act-PVP-detail-300x201.png 300w, https:\/\/www.epaunova.com\/wp-content\/uploads\/2023\/07\/act-PVP-detail-768x514.png 768w, https:\/\/www.epaunova.com\/wp-content\/uploads\/2023\/07\/act-PVP-detail-18x12.png 18w, https:\/\/www.epaunova.com\/wp-content\/uploads\/2023\/07\/act-PVP-detail-362x242.png 362w, https:\/\/www.epaunova.com\/wp-content\/uploads\/2023\/07\/act-PVP-detail-755x505.png 755w, https:\/\/www.epaunova.com\/wp-content\/uploads\/2023\/07\/act-PVP-detail-800x535.png 800w, https:\/\/www.epaunova.com\/wp-content\/uploads\/2023\/07\/act-PVP-detail-550x368.png 550w, https:\/\/www.epaunova.com\/wp-content\/uploads\/2023\/07\/act-PVP-detail-480x321.png 480w, https:\/\/www.epaunova.com\/wp-content\/uploads\/2023\/07\/act-PVP-detail-600x401.png 600w\" sizes=\"(max-width: 1024px) 100vw, 1024px\" \/>\t\t\t\t\t\t\t\t\t\t\t\t\t<\/div>\n\t\t\t\t<\/div>\n\t\t\t\t<div class=\"elementor-element elementor-element-86e178c elementor-widget elementor-widget-tp-adv-text-block\" data-id=\"86e178c\" data-element_type=\"widget\" data-widget_type=\"tp-adv-text-block.default\">\n\t\t\t\t<div class=\"elementor-widget-container\">\n\t\t\t<div class=\"pt-plus-text-block-wrapper\" ><div class=\"text_block_parallax\"><div class=\"pt_plus_adv_text_block \" ><div class=\"text-content-block\">Cr\u00e9ateur de rencontres et acc\u00e9l\u00e9rateur de business pour les professionnels de la mode depuis plus de 50 ans, Premi\u00e8re Vision est \u00e0 l\u2019origine d\u2019un \u00e9cosyst\u00e8me unique de salons textiles internationaux o\u00f9 se m\u00ealent inspiration, cr\u00e9ativit\u00e9 et opportunit\u00e9s.\nDu fil \u00e0 la confection, les salons Premi\u00e8re Vision font le lien entre les diff\u00e9rents acteurs de la fili\u00e8re, mettent en avant les nouveaux produits et solutions innovantes de fournisseurs du monde entier et accompagnent le sourcing des cr\u00e9atifs vers la conception de leurs futures collections.<\/div><\/div><\/div><\/div>\t\t<\/div>\n\t\t\t\t<\/div>\n\t\t\t\t\t<\/div>\n\t\t<\/div>\n\t\t\t\t\t<\/div>\n\t\t<\/section>\n\t\t\t\t<section data-particle_enable=\"false\" data-particle-mobile-disabled=\"false\" class=\"elementor-section elementor-top-section elementor-element elementor-element-b0f0c91 elementor-section-boxed elementor-section-height-default elementor-section-height-default\" data-id=\"b0f0c91\" data-element_type=\"section\">\n\t\t\t\t\t\t<div class=\"elementor-container elementor-column-gap-default\">\n\t\t\t\t\t<div class=\"elementor-column elementor-col-50 elementor-top-column elementor-element elementor-element-4e4f268\" data-id=\"4e4f268\" data-element_type=\"column\">\n\t\t\t<div class=\"elementor-widget-wrap elementor-element-populated\">\n\t\t\t\t\t\t<div class=\"elementor-element elementor-element-5653375 elementor-view-framed elementor-position-left elementor-shape-circle elementor-mobile-position-top elementor-vertical-align-top elementor-widget elementor-widget-icon-box\" data-id=\"5653375\" data-element_type=\"widget\" data-widget_type=\"icon-box.default\">\n\t\t\t\t<div class=\"elementor-widget-container\">\n\t\t\t\t\t<div class=\"elementor-icon-box-wrapper\">\n\n\t\t\t\t\t\t<div class=\"elementor-icon-box-icon\">\n\t\t\t\t<span  class=\"elementor-icon elementor-animation-\">\n\t\t\t\t<i aria-hidden=\"true\" class=\"fas fa-calendar-alt\"><\/i>\t\t\t\t<\/span>\n\t\t\t<\/div>\n\t\t\t\n\t\t\t\t\t\t<div class=\"elementor-icon-box-content\">\n\n\t\t\t\t\t\t\t\t\t<h3 class=\"elementor-icon-box-title\">\n\t\t\t\t\t\t<span  >\n\t\t\t\t\t\t\tDate\t\t\t\t\t\t<\/span>\n\t\t\t\t\t<\/h3>\n\t\t\t\t\n\t\t\t\t\t\t\t\t\t<p class=\"elementor-icon-box-description\">\n\t\t\t\t\t\t12 - 14 F\u00e9vrier 2019\t\t\t\t\t<\/p>\n\t\t\t\t\n\t\t\t<\/div>\n\t\t\t\n\t\t<\/div>\n\t\t\t\t<\/div>\n\t\t\t\t<\/div>\n\t\t\t\t\t<\/div>\n\t\t<\/div>\n\t\t\t\t<div class=\"elementor-column elementor-col-50 elementor-top-column elementor-element elementor-element-d19e219\" data-id=\"d19e219\" data-element_type=\"column\">\n\t\t\t<div class=\"elementor-widget-wrap elementor-element-populated\">\n\t\t\t\t\t\t<div class=\"elementor-element elementor-element-fb040ef elementor-view-framed elementor-position-left elementor-shape-circle elementor-mobile-position-top elementor-vertical-align-top elementor-widget elementor-widget-icon-box\" data-id=\"fb040ef\" data-element_type=\"widget\" data-widget_type=\"icon-box.default\">\n\t\t\t\t<div class=\"elementor-widget-container\">\n\t\t\t\t\t<div class=\"elementor-icon-box-wrapper\">\n\n\t\t\t\t\t\t<div class=\"elementor-icon-box-icon\">\n\t\t\t\t<span  class=\"elementor-icon elementor-animation-\">\n\t\t\t\t<i aria-hidden=\"true\" class=\"fas fa-map-marker-alt\"><\/i>\t\t\t\t<\/span>\n\t\t\t<\/div>\n\t\t\t\n\t\t\t\t\t\t<div class=\"elementor-icon-box-content\">\n\n\t\t\t\t\t\t\t\t\t<h3 class=\"elementor-icon-box-title\">\n\t\t\t\t\t\t<span  >\n\t\t\t\t\t\t\tLieu\t\t\t\t\t\t<\/span>\n\t\t\t\t\t<\/h3>\n\t\t\t\t\n\t\t\t\t\t\t\t\t\t<p class=\"elementor-icon-box-description\">\n\t\t\t\t\t\tParis Nord Villepinte (stand 6Y5)\t\t\t\t\t<\/p>\n\t\t\t\t\n\t\t\t<\/div>\n\t\t\t\n\t\t<\/div>\n\t\t\t\t<\/div>\n\t\t\t\t<\/div>\n\t\t\t\t\t<\/div>\n\t\t<\/div>\n\t\t\t\t\t<\/div>\n\t\t<\/section>\n\t\t\t\t<\/div>\n\t\t","protected":false},"excerpt":{"rendered":"<p>Cr\u00e9ateur de rencontres et acc\u00e9l\u00e9rateur de business pour les professionnels de la mode depuis plus de 50 ans, Premi\u00e8re Vision est \u00e0 l\u2019origine d\u2019un \u00e9cosyst\u00e8me unique de salons textiles internationaux o\u00f9 se m\u00ealent inspiration, cr\u00e9ativit\u00e9 et opportunit\u00e9s. Du fil \u00e0 la confection, les salons Premi\u00e8re Vision font le lien entre les diff\u00e9rents acteurs de la fili\u00e8re, mettent en avant les nouveaux produits et solutions innovantes de fournisseurs du monde entier et accompagnent le sourcing des cr\u00e9atifs vers la conception de leurs futures collections. Date 12 &#8211; 14 F\u00e9vrier 2019 Lieu Paris Nord Villepinte (stand 6Y5)<\/p>\n","protected":false},"author":2,"featured_media":24164,"parent":0,"menu_order":0,"comment_status":"closed","ping_status":"closed","template":"","meta":{"footnotes":""},"class_list":["post-22083","page","type-page","status-publish","has-post-thumbnail","hentry"],"_links":{"self":[{"href":"https:\/\/www.epaunova.com\/fr\/wp-json\/wp\/v2\/pages\/22083","targetHints":{"allow":["GET"]}}],"collection":[{"href":"https:\/\/www.epaunova.com\/fr\/wp-json\/wp\/v2\/pages"}],"about":[{"href":"https:\/\/www.epaunova.com\/fr\/wp-json\/wp\/v2\/types\/page"}],"author":[{"embeddable":true,"href":"https:\/\/www.epaunova.com\/fr\/wp-json\/wp\/v2\/users\/2"}],"replies":[{"embeddable":true,"href":"https:\/\/www.epaunova.com\/fr\/wp-json\/wp\/v2\/comments?post=22083"}],"version-history":[{"count":0,"href":"https:\/\/www.epaunova.com\/fr\/wp-json\/wp\/v2\/pages\/22083\/revisions"}],"wp:featuredmedia":[{"embeddable":true,"href":"https:\/\/www.epaunova.com\/fr\/wp-json\/wp\/v2\/media\/24164"}],"wp:attachment":[{"href":"https:\/\/www.epaunova.com\/fr\/wp-json\/wp\/v2\/media?parent=22083"}],"curies":[{"name":"wp","href":"https:\/\/api.w.org\/{rel}","templated":true}]}}