{"id":24452,"date":"2024-09-23T21:51:54","date_gmt":"2024-09-23T21:51:54","guid":{"rendered":"https:\/\/www.epaunova.com\/?page_id=24452"},"modified":"2024-09-27T14:11:59","modified_gmt":"2024-09-27T14:11:59","slug":"epaulette-droite","status":"publish","type":"page","link":"https:\/\/www.epaunova.com\/fr\/epaulette-droite\/","title":{"rendered":"Epaulette Droite"},"content":{"rendered":"\t\t<div data-elementor-type=\"wp-page\" data-elementor-id=\"24452\" class=\"elementor elementor-24452\" data-elementor-post-type=\"page\">\n\t\t\t\t\t\t<section data-particle_enable=\"false\" data-particle-mobile-disabled=\"false\" class=\"elementor-section elementor-top-section elementor-element elementor-element-2f1c5bb elementor-section-full_width elementor-section-height-default elementor-section-height-default\" data-id=\"2f1c5bb\" data-element_type=\"section\">\n\t\t\t\t\t\t<div class=\"elementor-container elementor-column-gap-default\">\n\t\t\t\t\t<div class=\"elementor-column elementor-col-100 elementor-top-column elementor-element elementor-element-3e1f7b76\" data-id=\"3e1f7b76\" data-element_type=\"column\">\n\t\t\t<div class=\"elementor-widget-wrap elementor-element-populated\">\n\t\t\t\t\t\t<div class=\"elementor-element elementor-element-7b70be35 elementor-widget elementor-widget-heading\" data-id=\"7b70be35\" data-element_type=\"widget\" data-widget_type=\"heading.default\">\n\t\t\t\t<div class=\"elementor-widget-container\">\n\t\t\t<h2 class=\"elementor-heading-title elementor-size-default\">Epaulette Droite<\/h2>\t\t<\/div>\n\t\t\t\t<\/div>\n\t\t\t\t\t<\/div>\n\t\t<\/div>\n\t\t\t\t\t<\/div>\n\t\t<\/section>\n\t\t\t\t<section data-particle_enable=\"false\" data-particle-mobile-disabled=\"false\" class=\"elementor-section elementor-top-section elementor-element elementor-element-54b6921d elementor-section-full_width elementor-section-height-default elementor-section-height-default\" data-id=\"54b6921d\" data-element_type=\"section\">\n\t\t\t\t\t\t<div class=\"elementor-container elementor-column-gap-default\">\n\t\t\t\t\t<div class=\"elementor-column elementor-col-33 elementor-top-column elementor-element elementor-element-55fbb86f\" data-id=\"55fbb86f\" data-element_type=\"column\">\n\t\t\t<div class=\"elementor-widget-wrap elementor-element-populated\">\n\t\t\t\t\t\t<div class=\"elementor-element elementor-element-90be301 elementor-widget elementor-widget-ucaddon_uc_carousel_image\" data-id=\"90be301\" data-element_type=\"widget\" data-widget_type=\"ucaddon_uc_carousel_image.default\">\n\t\t\t\t<div class=\"elementor-widget-container\">\n\t\t\t\n<!-- start Carousel Gallery -->\n\t\t<link id='unitegallery-css' href='https:\/\/www.epaunova.com\/wp-content\/plugins\/unlimited-elements-for-elementor-premium\/assets_libraries\/unitegallery\/css\/unite-gallery.css' type='text\/css' rel='stylesheet' >\n\n\n<div id=\"uc_uc_carousel_image_elementor_90be301\" style=\"display:none;\" class=\"uc-items-wrapper\" data-custom-sethtml=\"true\" >\n\n\n<img decoding=\"async\" alt=\"droit-femme-1\"\n   data-src=\"https:\/\/www.epaunova.com\/wp-content\/uploads\/2020\/05\/droit-femme-1-768x1047.png\"\n    data-image=\"https:\/\/www.epaunova.com\/wp-content\/uploads\/2020\/05\/droit-femme-1-751x1024.png\"\n    data-title=\"droit-femme-1\" src=\"data:image\/gif;base64,R0lGODlhAQABAAAAACH5BAEKAAEALAAAAAABAAEAAAICTAEAOw==\" class=\"lazyload\" style=\"--smush-placeholder-width: 768px; --smush-placeholder-aspect-ratio: 768\/1047;\"><noscript><img decoding=\"async\" alt=\"droit-femme-1\"\n   src=\"https:\/\/www.epaunova.com\/wp-content\/uploads\/2020\/05\/droit-femme-1-768x1047.png\"\n    data-image=\"https:\/\/www.epaunova.com\/wp-content\/uploads\/2020\/05\/droit-femme-1-751x1024.png\"\n    data-title=\"droit-femme-1\"><\/noscript>\n\n<img decoding=\"async\" alt=\"droit-femme-2\"\n   data-src=\"https:\/\/www.epaunova.com\/wp-content\/uploads\/2020\/05\/droit-femme-2-768x1047.png\"\n    data-image=\"https:\/\/www.epaunova.com\/wp-content\/uploads\/2020\/05\/droit-femme-2-751x1024.png\"\n    data-title=\"droit-femme-2\" src=\"data:image\/gif;base64,R0lGODlhAQABAAAAACH5BAEKAAEALAAAAAABAAEAAAICTAEAOw==\" class=\"lazyload\" style=\"--smush-placeholder-width: 768px; --smush-placeholder-aspect-ratio: 768\/1047;\"><noscript><img decoding=\"async\" alt=\"droit-femme-2\"\n   src=\"https:\/\/www.epaunova.com\/wp-content\/uploads\/2020\/05\/droit-femme-2-768x1047.png\"\n    data-image=\"https:\/\/www.epaunova.com\/wp-content\/uploads\/2020\/05\/droit-femme-2-751x1024.png\"\n    data-title=\"droit-femme-2\"><\/noscript>\n\n<img decoding=\"async\" alt=\"droit-femme-3\"\n   data-src=\"https:\/\/www.epaunova.com\/wp-content\/uploads\/2020\/05\/droit-femme-3-768x1047.png\"\n    data-image=\"https:\/\/www.epaunova.com\/wp-content\/uploads\/2020\/05\/droit-femme-3-751x1024.png\"\n    data-title=\"droit-femme-3\" src=\"data:image\/gif;base64,R0lGODlhAQABAAAAACH5BAEKAAEALAAAAAABAAEAAAICTAEAOw==\" class=\"lazyload\" style=\"--smush-placeholder-width: 768px; --smush-placeholder-aspect-ratio: 768\/1047;\"><noscript><img decoding=\"async\" alt=\"droit-femme-3\"\n   src=\"https:\/\/www.epaunova.com\/wp-content\/uploads\/2020\/05\/droit-femme-3-768x1047.png\"\n    data-image=\"https:\/\/www.epaunova.com\/wp-content\/uploads\/2020\/05\/droit-femme-3-751x1024.png\"\n    data-title=\"droit-femme-3\"><\/noscript>\n\n  \n<\/div>\n<!-- end Carousel Gallery -->\t\t<\/div>\n\t\t\t\t<\/div>\n\t\t\t\t\t<\/div>\n\t\t<\/div>\n\t\t\t\t<div class=\"elementor-column elementor-col-66 elementor-top-column elementor-element elementor-element-129c31ea\" data-id=\"129c31ea\" data-element_type=\"column\" data-settings=\"{&quot;background_background&quot;:&quot;classic&quot;}\">\n\t\t\t<div class=\"elementor-widget-wrap elementor-element-populated\">\n\t\t\t\t\t\t<div class=\"elementor-element elementor-element-554d47ed text-left elementor-widget__width-initial elementor-widget-mobile__width-inherit elementor-widget elementor-widget-tp-advanced-typography\" data-id=\"554d47ed\" data-element_type=\"widget\" data-widget_type=\"tp-advanced-typography.default\">\n\t\t\t\t<div class=\"elementor-widget-container\">\n\t\t\t<div id=\"at554d47ed\" class=\"pt-plus-adv-typo-wrapper\"><div class=\"pt_plus_adv_typo_block   none\"><span id=\"advtypo69f29645d699c\" class=\"text-content-block        \"  style=\"\"  >L'\u00e9paulette Droite incarne l'\u00e9l\u00e9gance contemporaine, offrant une silhouette \u00e0 la fois moderne et raffin\u00e9e.\nV\u00e9ritable incontournable de l'\u00e9l\u00e9gance \u00e0 la fran\u00e7aise.\nParfaitement \u00e9quilibr\u00e9e entre tradition et modernit\u00e9, l'\u00e9paulette Droite sublime chaque tenue avec une allure intemporelle.Que vous cherchiez \u00e0 am\u00e9liorer le rembourrage ou \u00e0 ajouter de la structure \u00e0 vos cr\u00e9ations, notre mousse r\u00e9pondra \u00e0 toutes vos attentes en mati\u00e8re de performance et de qualit\u00e9.<\/span><\/div><\/div>\t\t<\/div>\n\t\t\t\t<\/div>\n\t\t\t\t<div class=\"elementor-element elementor-element-f76a30d elementor-absolute e-transform e-transform elementor-hidden-mobile_extra elementor-hidden-mobile elementor-hidden-widescreen elementor-hidden-desktop elementor-hidden-laptop elementor-hidden-tablet elementor-widget elementor-widget-image\" data-id=\"f76a30d\" data-element_type=\"widget\" data-settings=\"{&quot;_position&quot;:&quot;absolute&quot;,&quot;_transform_rotateZ_effect&quot;:{&quot;unit&quot;:&quot;px&quot;,&quot;size&quot;:-20,&quot;sizes&quot;:[]},&quot;_transform_flipX_effect&quot;:&quot;transform&quot;,&quot;_transform_rotateZ_effect_widescreen&quot;:{&quot;unit&quot;:&quot;deg&quot;,&quot;size&quot;:&quot;&quot;,&quot;sizes&quot;:[]},&quot;_transform_rotateZ_effect_laptop&quot;:{&quot;unit&quot;:&quot;deg&quot;,&quot;size&quot;:&quot;&quot;,&quot;sizes&quot;:[]},&quot;_transform_rotateZ_effect_tablet&quot;:{&quot;unit&quot;:&quot;deg&quot;,&quot;size&quot;:&quot;&quot;,&quot;sizes&quot;:[]},&quot;_transform_rotateZ_effect_mobile_extra&quot;:{&quot;unit&quot;:&quot;deg&quot;,&quot;size&quot;:&quot;&quot;,&quot;sizes&quot;:[]},&quot;_transform_rotateZ_effect_mobile&quot;:{&quot;unit&quot;:&quot;deg&quot;,&quot;size&quot;:&quot;&quot;,&quot;sizes&quot;:[]}}\" data-widget_type=\"image.default\">\n\t\t\t\t<div class=\"elementor-widget-container\">\n\t\t\t\t\t\t\t\t\t\t\t\t\t<img fetchpriority=\"high\" decoding=\"async\" width=\"3052\" height=\"844\" src=\"https:\/\/www.epaunova.com\/wp-content\/uploads\/2024\/09\/MOTIF.png\" class=\"attachment-full size-full wp-image-22097\" alt=\"MOTIF\" srcset=\"https:\/\/www.epaunova.com\/wp-content\/uploads\/2024\/09\/MOTIF.png 3052w, https:\/\/www.epaunova.com\/wp-content\/uploads\/2024\/09\/MOTIF-300x83.png 300w, https:\/\/www.epaunova.com\/wp-content\/uploads\/2024\/09\/MOTIF-1024x283.png 1024w, https:\/\/www.epaunova.com\/wp-content\/uploads\/2024\/09\/MOTIF-768x212.png 768w, https:\/\/www.epaunova.com\/wp-content\/uploads\/2024\/09\/MOTIF-1536x425.png 1536w, https:\/\/www.epaunova.com\/wp-content\/uploads\/2024\/09\/MOTIF-2048x566.png 2048w, https:\/\/www.epaunova.com\/wp-content\/uploads\/2024\/09\/MOTIF-18x5.png 18w, https:\/\/www.epaunova.com\/wp-content\/uploads\/2024\/09\/MOTIF-800x221.png 800w, https:\/\/www.epaunova.com\/wp-content\/uploads\/2024\/09\/MOTIF-550x152.png 550w, https:\/\/www.epaunova.com\/wp-content\/uploads\/2024\/09\/MOTIF-480x133.png 480w, https:\/\/www.epaunova.com\/wp-content\/uploads\/2024\/09\/MOTIF-600x166.png 600w\" sizes=\"(max-width: 3052px) 100vw, 3052px\" \/>\t\t\t\t\t\t\t\t\t\t\t\t\t<\/div>\n\t\t\t\t<\/div>\n\t\t\t\t<div class=\"elementor-element elementor-element-360c8388 elementor-widget elementor-widget-spacer\" data-id=\"360c8388\" data-element_type=\"widget\" data-widget_type=\"spacer.default\">\n\t\t\t\t<div class=\"elementor-widget-container\">\n\t\t\t\t\t<div class=\"elementor-spacer\">\n\t\t\t<div class=\"elementor-spacer-inner\"><\/div>\n\t\t<\/div>\n\t\t\t\t<\/div>\n\t\t\t\t<\/div>\n\t\t\t\t\t<\/div>\n\t\t<\/div>\n\t\t\t\t\t<\/div>\n\t\t<\/section>\n\t\t\t\t<\/div>\n\t\t","protected":false},"excerpt":{"rendered":"<p>Epaulette Droite L&rsquo;\u00e9paulette Droite incarne l&rsquo;\u00e9l\u00e9gance contemporaine, offrant une silhouette \u00e0 la fois moderne et raffin\u00e9e. V\u00e9ritable incontournable de l&rsquo;\u00e9l\u00e9gance \u00e0 la fran\u00e7aise. Parfaitement \u00e9quilibr\u00e9e entre tradition et modernit\u00e9, l&rsquo;\u00e9paulette Droite sublime chaque tenue avec une allure intemporelle.Que vous cherchiez \u00e0 am\u00e9liorer le rembourrage ou \u00e0 ajouter de la structure \u00e0 vos cr\u00e9ations, notre mousse r\u00e9pondra \u00e0 toutes vos attentes en mati\u00e8re de performance et de qualit\u00e9.<\/p>\n","protected":false},"author":2,"featured_media":18281,"parent":0,"menu_order":0,"comment_status":"closed","ping_status":"closed","template":"","meta":{"footnotes":""},"class_list":["post-24452","page","type-page","status-publish","has-post-thumbnail","hentry"],"_links":{"self":[{"href":"https:\/\/www.epaunova.com\/fr\/wp-json\/wp\/v2\/pages\/24452","targetHints":{"allow":["GET"]}}],"collection":[{"href":"https:\/\/www.epaunova.com\/fr\/wp-json\/wp\/v2\/pages"}],"about":[{"href":"https:\/\/www.epaunova.com\/fr\/wp-json\/wp\/v2\/types\/page"}],"author":[{"embeddable":true,"href":"https:\/\/www.epaunova.com\/fr\/wp-json\/wp\/v2\/users\/2"}],"replies":[{"embeddable":true,"href":"https:\/\/www.epaunova.com\/fr\/wp-json\/wp\/v2\/comments?post=24452"}],"version-history":[{"count":0,"href":"https:\/\/www.epaunova.com\/fr\/wp-json\/wp\/v2\/pages\/24452\/revisions"}],"wp:featuredmedia":[{"embeddable":true,"href":"https:\/\/www.epaunova.com\/fr\/wp-json\/wp\/v2\/media\/18281"}],"wp:attachment":[{"href":"https:\/\/www.epaunova.com\/fr\/wp-json\/wp\/v2\/media?parent=24452"}],"curies":[{"name":"wp","href":"https:\/\/api.w.org\/{rel}","templated":true}]}}