{"id":24461,"date":"2024-09-23T21:56:50","date_gmt":"2024-09-23T21:56:50","guid":{"rendered":"https:\/\/www.epaunova.com\/?page_id=24461"},"modified":"2024-09-27T14:15:15","modified_gmt":"2024-09-27T14:15:15","slug":"epaulette-raglan","status":"publish","type":"page","link":"https:\/\/www.epaunova.com\/fr\/epaulette-raglan\/","title":{"rendered":"Epaulette Raglan"},"content":{"rendered":"\t\t<div data-elementor-type=\"wp-page\" data-elementor-id=\"24461\" class=\"elementor elementor-24461\" data-elementor-post-type=\"page\">\n\t\t\t\t\t\t<section data-particle_enable=\"false\" data-particle-mobile-disabled=\"false\" class=\"elementor-section elementor-top-section elementor-element elementor-element-6f0552ae elementor-section-full_width elementor-section-height-default elementor-section-height-default\" data-id=\"6f0552ae\" data-element_type=\"section\">\n\t\t\t\t\t\t<div class=\"elementor-container elementor-column-gap-default\">\n\t\t\t\t\t<div class=\"elementor-column elementor-col-100 elementor-top-column elementor-element elementor-element-3979f71c\" data-id=\"3979f71c\" data-element_type=\"column\">\n\t\t\t<div class=\"elementor-widget-wrap elementor-element-populated\">\n\t\t\t\t\t\t<div class=\"elementor-element elementor-element-352f04cb elementor-widget elementor-widget-heading\" data-id=\"352f04cb\" data-element_type=\"widget\" data-widget_type=\"heading.default\">\n\t\t\t\t<div class=\"elementor-widget-container\">\n\t\t\t<h2 class=\"elementor-heading-title elementor-size-default\">Epaulette Raglan<\/h2>\t\t<\/div>\n\t\t\t\t<\/div>\n\t\t\t\t\t<\/div>\n\t\t<\/div>\n\t\t\t\t\t<\/div>\n\t\t<\/section>\n\t\t\t\t<section data-particle_enable=\"false\" data-particle-mobile-disabled=\"false\" class=\"elementor-section elementor-top-section elementor-element elementor-element-3bffe82 elementor-section-full_width elementor-section-height-default elementor-section-height-default\" data-id=\"3bffe82\" data-element_type=\"section\">\n\t\t\t\t\t\t<div class=\"elementor-container elementor-column-gap-default\">\n\t\t\t\t\t<div class=\"elementor-column elementor-col-33 elementor-top-column elementor-element elementor-element-5c955b6\" data-id=\"5c955b6\" data-element_type=\"column\">\n\t\t\t<div class=\"elementor-widget-wrap elementor-element-populated\">\n\t\t\t\t\t\t<div class=\"elementor-element elementor-element-45501a97 elementor-widget elementor-widget-ucaddon_uc_carousel_image\" data-id=\"45501a97\" data-element_type=\"widget\" data-widget_type=\"ucaddon_uc_carousel_image.default\">\n\t\t\t\t<div class=\"elementor-widget-container\">\n\t\t\t\n<!-- start Carousel Gallery -->\n\t\t<link id='unitegallery-css' href='https:\/\/www.epaunova.com\/wp-content\/plugins\/unlimited-elements-for-elementor-premium\/assets_libraries\/unitegallery\/css\/unite-gallery.css' type='text\/css' rel='stylesheet' >\n\n\n<div id=\"uc_uc_carousel_image_elementor_45501a97\" style=\"display:none;\" class=\"uc-items-wrapper\" data-custom-sethtml=\"true\" >\n\n\n<img decoding=\"async\" alt=\"raglan-1\"\n   data-src=\"https:\/\/www.epaunova.com\/wp-content\/uploads\/2020\/05\/raglan-1-768x1047.png\"\n    data-image=\"https:\/\/www.epaunova.com\/wp-content\/uploads\/2020\/05\/raglan-1-751x1024.png\"\n    data-title=\"raglan-1\" src=\"data:image\/gif;base64,R0lGODlhAQABAAAAACH5BAEKAAEALAAAAAABAAEAAAICTAEAOw==\" class=\"lazyload\" style=\"--smush-placeholder-width: 768px; --smush-placeholder-aspect-ratio: 768\/1047;\"><noscript><img decoding=\"async\" alt=\"raglan-1\"\n   src=\"https:\/\/www.epaunova.com\/wp-content\/uploads\/2020\/05\/raglan-1-768x1047.png\"\n    data-image=\"https:\/\/www.epaunova.com\/wp-content\/uploads\/2020\/05\/raglan-1-751x1024.png\"\n    data-title=\"raglan-1\"><\/noscript>\n\n<img decoding=\"async\" alt=\"raglan-2\"\n   data-src=\"https:\/\/www.epaunova.com\/wp-content\/uploads\/2020\/05\/raglan-2-768x1047.png\"\n    data-image=\"https:\/\/www.epaunova.com\/wp-content\/uploads\/2020\/05\/raglan-2-751x1024.png\"\n    data-title=\"raglan-2\" src=\"data:image\/gif;base64,R0lGODlhAQABAAAAACH5BAEKAAEALAAAAAABAAEAAAICTAEAOw==\" class=\"lazyload\" style=\"--smush-placeholder-width: 768px; --smush-placeholder-aspect-ratio: 768\/1047;\"><noscript><img decoding=\"async\" alt=\"raglan-2\"\n   src=\"https:\/\/www.epaunova.com\/wp-content\/uploads\/2020\/05\/raglan-2-768x1047.png\"\n    data-image=\"https:\/\/www.epaunova.com\/wp-content\/uploads\/2020\/05\/raglan-2-751x1024.png\"\n    data-title=\"raglan-2\"><\/noscript>\n\n<img decoding=\"async\" alt=\"raglan-3\"\n   data-src=\"https:\/\/www.epaunova.com\/wp-content\/uploads\/2020\/05\/raglan-3-768x1047.png\"\n    data-image=\"https:\/\/www.epaunova.com\/wp-content\/uploads\/2020\/05\/raglan-3-751x1024.png\"\n    data-title=\"raglan-3\" src=\"data:image\/gif;base64,R0lGODlhAQABAAAAACH5BAEKAAEALAAAAAABAAEAAAICTAEAOw==\" class=\"lazyload\" style=\"--smush-placeholder-width: 768px; --smush-placeholder-aspect-ratio: 768\/1047;\"><noscript><img decoding=\"async\" alt=\"raglan-3\"\n   src=\"https:\/\/www.epaunova.com\/wp-content\/uploads\/2020\/05\/raglan-3-768x1047.png\"\n    data-image=\"https:\/\/www.epaunova.com\/wp-content\/uploads\/2020\/05\/raglan-3-751x1024.png\"\n    data-title=\"raglan-3\"><\/noscript>\n\n  \n<\/div>\n<!-- end Carousel Gallery -->\t\t<\/div>\n\t\t\t\t<\/div>\n\t\t\t\t\t<\/div>\n\t\t<\/div>\n\t\t\t\t<div class=\"elementor-column elementor-col-66 elementor-top-column elementor-element elementor-element-7ed8a1c3\" data-id=\"7ed8a1c3\" data-element_type=\"column\" data-settings=\"{&quot;background_background&quot;:&quot;classic&quot;}\">\n\t\t\t<div class=\"elementor-widget-wrap elementor-element-populated\">\n\t\t\t\t\t\t<div class=\"elementor-element elementor-element-7ad3ce79 text-left elementor-widget__width-initial elementor-widget-mobile__width-inherit elementor-widget elementor-widget-tp-advanced-typography\" data-id=\"7ad3ce79\" data-element_type=\"widget\" data-widget_type=\"tp-advanced-typography.default\">\n\t\t\t\t<div class=\"elementor-widget-container\">\n\t\t\t<div id=\"at7ad3ce79\" class=\"pt-plus-adv-typo-wrapper\"><div class=\"pt_plus_adv_typo_block   none\"><span id=\"advtypo69f2971d06588\" class=\"text-content-block        \"  style=\"\"  >L'\u00e9paulette Raglan demeure un ind\u00e9modable incontournable de la saison.\nSynonyme de confort absolu, elle incarne un style d\u00e9contract\u00e9 tout en pr\u00e9servant une allure \u00e9l\u00e9gante et raffin\u00e9e.\nParfait \u00e9quilibre entre confort et sophistication, l'\u00e9paulette Raglan s'adapte \u00e0 toutes les exigences modernes, alliant praticit\u00e9 et esth\u00e9tique contemporaine.Que vous cherchiez \u00e0 am\u00e9liorer le rembourrage ou \u00e0 ajouter de la structure \u00e0 vos cr\u00e9ations, notre mousse r\u00e9pondra \u00e0 toutes vos attentes en mati\u00e8re de performance et de qualit\u00e9.<\/span><\/div><\/div>\t\t<\/div>\n\t\t\t\t<\/div>\n\t\t\t\t<div class=\"elementor-element elementor-element-1238fb02 elementor-absolute e-transform e-transform elementor-hidden-mobile_extra elementor-hidden-mobile elementor-hidden-widescreen elementor-hidden-desktop elementor-hidden-laptop elementor-hidden-tablet elementor-widget elementor-widget-image\" data-id=\"1238fb02\" data-element_type=\"widget\" data-settings=\"{&quot;_position&quot;:&quot;absolute&quot;,&quot;_transform_rotateZ_effect&quot;:{&quot;unit&quot;:&quot;px&quot;,&quot;size&quot;:-20,&quot;sizes&quot;:[]},&quot;_transform_flipX_effect&quot;:&quot;transform&quot;,&quot;_transform_rotateZ_effect_widescreen&quot;:{&quot;unit&quot;:&quot;deg&quot;,&quot;size&quot;:&quot;&quot;,&quot;sizes&quot;:[]},&quot;_transform_rotateZ_effect_laptop&quot;:{&quot;unit&quot;:&quot;deg&quot;,&quot;size&quot;:&quot;&quot;,&quot;sizes&quot;:[]},&quot;_transform_rotateZ_effect_tablet&quot;:{&quot;unit&quot;:&quot;deg&quot;,&quot;size&quot;:&quot;&quot;,&quot;sizes&quot;:[]},&quot;_transform_rotateZ_effect_mobile_extra&quot;:{&quot;unit&quot;:&quot;deg&quot;,&quot;size&quot;:&quot;&quot;,&quot;sizes&quot;:[]},&quot;_transform_rotateZ_effect_mobile&quot;:{&quot;unit&quot;:&quot;deg&quot;,&quot;size&quot;:&quot;&quot;,&quot;sizes&quot;:[]}}\" data-widget_type=\"image.default\">\n\t\t\t\t<div class=\"elementor-widget-container\">\n\t\t\t\t\t\t\t\t\t\t\t\t\t<img fetchpriority=\"high\" decoding=\"async\" width=\"3052\" height=\"844\" src=\"https:\/\/www.epaunova.com\/wp-content\/uploads\/2024\/09\/MOTIF.png\" class=\"attachment-full size-full wp-image-22097\" alt=\"MOTIF\" srcset=\"https:\/\/www.epaunova.com\/wp-content\/uploads\/2024\/09\/MOTIF.png 3052w, https:\/\/www.epaunova.com\/wp-content\/uploads\/2024\/09\/MOTIF-300x83.png 300w, https:\/\/www.epaunova.com\/wp-content\/uploads\/2024\/09\/MOTIF-1024x283.png 1024w, https:\/\/www.epaunova.com\/wp-content\/uploads\/2024\/09\/MOTIF-768x212.png 768w, https:\/\/www.epaunova.com\/wp-content\/uploads\/2024\/09\/MOTIF-1536x425.png 1536w, https:\/\/www.epaunova.com\/wp-content\/uploads\/2024\/09\/MOTIF-2048x566.png 2048w, https:\/\/www.epaunova.com\/wp-content\/uploads\/2024\/09\/MOTIF-18x5.png 18w, https:\/\/www.epaunova.com\/wp-content\/uploads\/2024\/09\/MOTIF-800x221.png 800w, https:\/\/www.epaunova.com\/wp-content\/uploads\/2024\/09\/MOTIF-550x152.png 550w, https:\/\/www.epaunova.com\/wp-content\/uploads\/2024\/09\/MOTIF-480x133.png 480w, https:\/\/www.epaunova.com\/wp-content\/uploads\/2024\/09\/MOTIF-600x166.png 600w\" sizes=\"(max-width: 3052px) 100vw, 3052px\" \/>\t\t\t\t\t\t\t\t\t\t\t\t\t<\/div>\n\t\t\t\t<\/div>\n\t\t\t\t\t<\/div>\n\t\t<\/div>\n\t\t\t\t\t<\/div>\n\t\t<\/section>\n\t\t\t\t<\/div>\n\t\t","protected":false},"excerpt":{"rendered":"<p>Epaulette Raglan L&rsquo;\u00e9paulette Raglan demeure un ind\u00e9modable incontournable de la saison. Synonyme de confort absolu, elle incarne un style d\u00e9contract\u00e9 tout en pr\u00e9servant une allure \u00e9l\u00e9gante et raffin\u00e9e. Parfait \u00e9quilibre entre confort et sophistication, l&rsquo;\u00e9paulette Raglan s&rsquo;adapte \u00e0 toutes les exigences modernes, alliant praticit\u00e9 et esth\u00e9tique contemporaine.Que vous cherchiez \u00e0 am\u00e9liorer le rembourrage ou \u00e0 ajouter de la structure \u00e0 vos cr\u00e9ations, notre mousse r\u00e9pondra \u00e0 toutes vos attentes en mati\u00e8re de performance et de qualit\u00e9.<\/p>\n","protected":false},"author":2,"featured_media":18281,"parent":0,"menu_order":0,"comment_status":"closed","ping_status":"closed","template":"","meta":{"footnotes":""},"class_list":["post-24461","page","type-page","status-publish","has-post-thumbnail","hentry"],"_links":{"self":[{"href":"https:\/\/www.epaunova.com\/fr\/wp-json\/wp\/v2\/pages\/24461","targetHints":{"allow":["GET"]}}],"collection":[{"href":"https:\/\/www.epaunova.com\/fr\/wp-json\/wp\/v2\/pages"}],"about":[{"href":"https:\/\/www.epaunova.com\/fr\/wp-json\/wp\/v2\/types\/page"}],"author":[{"embeddable":true,"href":"https:\/\/www.epaunova.com\/fr\/wp-json\/wp\/v2\/users\/2"}],"replies":[{"embeddable":true,"href":"https:\/\/www.epaunova.com\/fr\/wp-json\/wp\/v2\/comments?post=24461"}],"version-history":[{"count":0,"href":"https:\/\/www.epaunova.com\/fr\/wp-json\/wp\/v2\/pages\/24461\/revisions"}],"wp:featuredmedia":[{"embeddable":true,"href":"https:\/\/www.epaunova.com\/fr\/wp-json\/wp\/v2\/media\/18281"}],"wp:attachment":[{"href":"https:\/\/www.epaunova.com\/fr\/wp-json\/wp\/v2\/media?parent=24461"}],"curies":[{"name":"wp","href":"https:\/\/api.w.org\/{rel}","templated":true}]}}