{"id":24499,"date":"2024-09-23T22:17:19","date_gmt":"2024-09-23T22:17:19","guid":{"rendered":"https:\/\/www.epaunova.com\/?page_id=24499"},"modified":"2024-09-24T13:14:51","modified_gmt":"2024-09-24T13:14:51","slug":"epaulette-raglan-2","status":"publish","type":"page","link":"https:\/\/www.epaunova.com\/fr\/epaulette-raglan-2\/","title":{"rendered":"Epaulette Raglan"},"content":{"rendered":"\t\t<div data-elementor-type=\"wp-page\" data-elementor-id=\"24499\" class=\"elementor elementor-24499\" data-elementor-post-type=\"page\">\n\t\t\t\t\t\t<section data-particle_enable=\"false\" data-particle-mobile-disabled=\"false\" class=\"elementor-section elementor-top-section elementor-element elementor-element-6fbbfcc7 elementor-section-full_width elementor-section-height-default elementor-section-height-default\" data-id=\"6fbbfcc7\" data-element_type=\"section\">\n\t\t\t\t\t\t<div class=\"elementor-container elementor-column-gap-default\">\n\t\t\t\t\t<div class=\"elementor-column elementor-col-100 elementor-top-column elementor-element elementor-element-6fbe9659\" data-id=\"6fbe9659\" data-element_type=\"column\">\n\t\t\t<div class=\"elementor-widget-wrap elementor-element-populated\">\n\t\t\t\t\t\t<div class=\"elementor-element elementor-element-342a5831 elementor-widget elementor-widget-heading\" data-id=\"342a5831\" data-element_type=\"widget\" data-widget_type=\"heading.default\">\n\t\t\t\t<div class=\"elementor-widget-container\">\n\t\t\t<h2 class=\"elementor-heading-title elementor-size-default\">Epaulette Raglan<\/h2>\t\t<\/div>\n\t\t\t\t<\/div>\n\t\t\t\t\t<\/div>\n\t\t<\/div>\n\t\t\t\t\t<\/div>\n\t\t<\/section>\n\t\t\t\t<section data-particle_enable=\"false\" data-particle-mobile-disabled=\"false\" class=\"elementor-section elementor-top-section elementor-element elementor-element-17447f0a elementor-section-full_width elementor-section-height-default elementor-section-height-default\" data-id=\"17447f0a\" data-element_type=\"section\">\n\t\t\t\t\t\t<div class=\"elementor-container elementor-column-gap-default\">\n\t\t\t\t\t<div class=\"elementor-column elementor-col-33 elementor-top-column elementor-element elementor-element-7ce01b38\" data-id=\"7ce01b38\" data-element_type=\"column\">\n\t\t\t<div class=\"elementor-widget-wrap elementor-element-populated\">\n\t\t\t\t\t\t<div class=\"elementor-element elementor-element-16dfacf1 elementor-widget elementor-widget-ucaddon_uc_carousel_image\" data-id=\"16dfacf1\" data-element_type=\"widget\" data-widget_type=\"ucaddon_uc_carousel_image.default\">\n\t\t\t\t<div class=\"elementor-widget-container\">\n\t\t\t\n<!-- start Carousel Gallery -->\n\t\t<link id='unitegallery-css' href='https:\/\/www.epaunova.com\/wp-content\/plugins\/unlimited-elements-for-elementor-premium\/assets_libraries\/unitegallery\/css\/unite-gallery.css' type='text\/css' rel='stylesheet' >\n\n\n<div id=\"uc_uc_carousel_image_elementor_16dfacf1\" style=\"display:none;\" class=\"uc-items-wrapper\" data-custom-sethtml=\"true\" >\n\n\n<img decoding=\"async\" alt=\"thumbnail_RA-545-23-B\"\n   data-src=\"https:\/\/www.epaunova.com\/wp-content\/uploads\/2020\/05\/thumbnail_RA-545-23-B-768x1047.png\"\n    data-image=\"https:\/\/www.epaunova.com\/wp-content\/uploads\/2020\/05\/thumbnail_RA-545-23-B-751x1024.png\"\n    data-title=\"thumbnail_RA-545-23-B\" src=\"data:image\/gif;base64,R0lGODlhAQABAAAAACH5BAEKAAEALAAAAAABAAEAAAICTAEAOw==\" class=\"lazyload\" style=\"--smush-placeholder-width: 768px; --smush-placeholder-aspect-ratio: 768\/1047;\"><noscript><img decoding=\"async\" alt=\"thumbnail_RA-545-23-B\"\n   src=\"https:\/\/www.epaunova.com\/wp-content\/uploads\/2020\/05\/thumbnail_RA-545-23-B-768x1047.png\"\n    data-image=\"https:\/\/www.epaunova.com\/wp-content\/uploads\/2020\/05\/thumbnail_RA-545-23-B-751x1024.png\"\n    data-title=\"thumbnail_RA-545-23-B\"><\/noscript>\n\n<img decoding=\"async\" alt=\"thumbnail_RP-1930-23-N\"\n   data-src=\"https:\/\/www.epaunova.com\/wp-content\/uploads\/2020\/05\/thumbnail_RP-1930-23-N-768x1047.png\"\n    data-image=\"https:\/\/www.epaunova.com\/wp-content\/uploads\/2020\/05\/thumbnail_RP-1930-23-N-751x1024.png\"\n    data-title=\"thumbnail_RP-1930-23-N\" src=\"data:image\/gif;base64,R0lGODlhAQABAAAAACH5BAEKAAEALAAAAAABAAEAAAICTAEAOw==\" class=\"lazyload\" style=\"--smush-placeholder-width: 768px; --smush-placeholder-aspect-ratio: 768\/1047;\"><noscript><img decoding=\"async\" alt=\"thumbnail_RP-1930-23-N\"\n   src=\"https:\/\/www.epaunova.com\/wp-content\/uploads\/2020\/05\/thumbnail_RP-1930-23-N-768x1047.png\"\n    data-image=\"https:\/\/www.epaunova.com\/wp-content\/uploads\/2020\/05\/thumbnail_RP-1930-23-N-751x1024.png\"\n    data-title=\"thumbnail_RP-1930-23-N\"><\/noscript>\n\n<img decoding=\"async\" alt=\"thumbnail_RAP-1929-23-GSP\"\n   data-src=\"https:\/\/www.epaunova.com\/wp-content\/uploads\/2020\/05\/thumbnail_RAP-1929-23-GSP-768x1047.png\"\n    data-image=\"https:\/\/www.epaunova.com\/wp-content\/uploads\/2020\/05\/thumbnail_RAP-1929-23-GSP-751x1024.png\"\n    data-title=\"thumbnail_RAP-1929-23-GSP\" src=\"data:image\/gif;base64,R0lGODlhAQABAAAAACH5BAEKAAEALAAAAAABAAEAAAICTAEAOw==\" class=\"lazyload\" style=\"--smush-placeholder-width: 768px; --smush-placeholder-aspect-ratio: 768\/1047;\"><noscript><img decoding=\"async\" alt=\"thumbnail_RAP-1929-23-GSP\"\n   src=\"https:\/\/www.epaunova.com\/wp-content\/uploads\/2020\/05\/thumbnail_RAP-1929-23-GSP-768x1047.png\"\n    data-image=\"https:\/\/www.epaunova.com\/wp-content\/uploads\/2020\/05\/thumbnail_RAP-1929-23-GSP-751x1024.png\"\n    data-title=\"thumbnail_RAP-1929-23-GSP\"><\/noscript>\n\n  \n<\/div>\n<!-- end Carousel Gallery -->\t\t<\/div>\n\t\t\t\t<\/div>\n\t\t\t\t\t<\/div>\n\t\t<\/div>\n\t\t\t\t<div class=\"elementor-column elementor-col-66 elementor-top-column elementor-element elementor-element-68bf4ee6\" data-id=\"68bf4ee6\" data-element_type=\"column\" data-settings=\"{&quot;background_background&quot;:&quot;classic&quot;}\">\n\t\t\t<div class=\"elementor-widget-wrap elementor-element-populated\">\n\t\t\t\t\t\t<div class=\"elementor-element elementor-element-42a7c8a4 text-left elementor-widget__width-initial elementor-widget-mobile__width-inherit elementor-widget elementor-widget-tp-advanced-typography\" data-id=\"42a7c8a4\" data-element_type=\"widget\" data-widget_type=\"tp-advanced-typography.default\">\n\t\t\t\t<div class=\"elementor-widget-container\">\n\t\t\t<div id=\"at42a7c8a4\" class=\"pt-plus-adv-typo-wrapper\"><div class=\"pt_plus_adv_typo_block   none\"><span id=\"advtypo69f2930bca7c1\" class=\"text-content-block        \"  style=\"\"  >L'\u00e9paulette Raglan repr\u00e9sente une v\u00e9ritable r\u00e9volution dans le vestiaire masculin, alliant \u00e0 la perfection style chic et d\u00e9contraction.\nGr\u00e2ce \u00e0 sa coupe distinctive, elle conf\u00e8re une allure subtilement travaill\u00e9e et \u00e9l\u00e9gante \u00e0 n'importe quelle tenue.\nV\u00e9ritable symbole de modernit\u00e9, l'\u00e9paulette Raglan rehausse l'ensemble du v\u00eatement avec une \u00e9l\u00e9gance discr\u00e8te et contemporaine<\/span><\/div><\/div>\t\t<\/div>\n\t\t\t\t<\/div>\n\t\t\t\t<div class=\"elementor-element elementor-element-3500e55d elementor-absolute e-transform e-transform elementor-hidden-mobile_extra elementor-hidden-mobile elementor-hidden-widescreen elementor-hidden-desktop elementor-hidden-laptop elementor-hidden-tablet elementor-widget elementor-widget-image\" data-id=\"3500e55d\" data-element_type=\"widget\" data-settings=\"{&quot;_position&quot;:&quot;absolute&quot;,&quot;_transform_rotateZ_effect&quot;:{&quot;unit&quot;:&quot;px&quot;,&quot;size&quot;:-20,&quot;sizes&quot;:[]},&quot;_transform_flipX_effect&quot;:&quot;transform&quot;,&quot;_transform_rotateZ_effect_widescreen&quot;:{&quot;unit&quot;:&quot;deg&quot;,&quot;size&quot;:&quot;&quot;,&quot;sizes&quot;:[]},&quot;_transform_rotateZ_effect_laptop&quot;:{&quot;unit&quot;:&quot;deg&quot;,&quot;size&quot;:&quot;&quot;,&quot;sizes&quot;:[]},&quot;_transform_rotateZ_effect_tablet&quot;:{&quot;unit&quot;:&quot;deg&quot;,&quot;size&quot;:&quot;&quot;,&quot;sizes&quot;:[]},&quot;_transform_rotateZ_effect_mobile_extra&quot;:{&quot;unit&quot;:&quot;deg&quot;,&quot;size&quot;:&quot;&quot;,&quot;sizes&quot;:[]},&quot;_transform_rotateZ_effect_mobile&quot;:{&quot;unit&quot;:&quot;deg&quot;,&quot;size&quot;:&quot;&quot;,&quot;sizes&quot;:[]}}\" data-widget_type=\"image.default\">\n\t\t\t\t<div class=\"elementor-widget-container\">\n\t\t\t\t\t\t\t\t\t\t\t\t\t<img fetchpriority=\"high\" decoding=\"async\" width=\"3052\" height=\"844\" src=\"https:\/\/www.epaunova.com\/wp-content\/uploads\/2024\/09\/MOTIF.png\" class=\"attachment-full size-full wp-image-22097\" alt=\"MOTIF\" srcset=\"https:\/\/www.epaunova.com\/wp-content\/uploads\/2024\/09\/MOTIF.png 3052w, https:\/\/www.epaunova.com\/wp-content\/uploads\/2024\/09\/MOTIF-300x83.png 300w, https:\/\/www.epaunova.com\/wp-content\/uploads\/2024\/09\/MOTIF-1024x283.png 1024w, https:\/\/www.epaunova.com\/wp-content\/uploads\/2024\/09\/MOTIF-768x212.png 768w, https:\/\/www.epaunova.com\/wp-content\/uploads\/2024\/09\/MOTIF-1536x425.png 1536w, https:\/\/www.epaunova.com\/wp-content\/uploads\/2024\/09\/MOTIF-2048x566.png 2048w, https:\/\/www.epaunova.com\/wp-content\/uploads\/2024\/09\/MOTIF-18x5.png 18w, https:\/\/www.epaunova.com\/wp-content\/uploads\/2024\/09\/MOTIF-800x221.png 800w, https:\/\/www.epaunova.com\/wp-content\/uploads\/2024\/09\/MOTIF-550x152.png 550w, https:\/\/www.epaunova.com\/wp-content\/uploads\/2024\/09\/MOTIF-480x133.png 480w, https:\/\/www.epaunova.com\/wp-content\/uploads\/2024\/09\/MOTIF-600x166.png 600w\" sizes=\"(max-width: 3052px) 100vw, 3052px\" \/>\t\t\t\t\t\t\t\t\t\t\t\t\t<\/div>\n\t\t\t\t<\/div>\n\t\t\t\t<div class=\"elementor-element elementor-element-106890e0 elementor-widget elementor-widget-spacer\" data-id=\"106890e0\" data-element_type=\"widget\" data-widget_type=\"spacer.default\">\n\t\t\t\t<div class=\"elementor-widget-container\">\n\t\t\t\t\t<div class=\"elementor-spacer\">\n\t\t\t<div class=\"elementor-spacer-inner\"><\/div>\n\t\t<\/div>\n\t\t\t\t<\/div>\n\t\t\t\t<\/div>\n\t\t\t\t\t<\/div>\n\t\t<\/div>\n\t\t\t\t\t<\/div>\n\t\t<\/section>\n\t\t\t\t<\/div>\n\t\t","protected":false},"excerpt":{"rendered":"<p>Epaulette Raglan L&rsquo;\u00e9paulette Raglan repr\u00e9sente une v\u00e9ritable r\u00e9volution dans le vestiaire masculin, alliant \u00e0 la perfection style chic et d\u00e9contraction. Gr\u00e2ce \u00e0 sa coupe distinctive, elle conf\u00e8re une allure subtilement travaill\u00e9e et \u00e9l\u00e9gante \u00e0 n&rsquo;importe quelle tenue. V\u00e9ritable symbole de modernit\u00e9, l&rsquo;\u00e9paulette Raglan rehausse l&rsquo;ensemble du v\u00eatement avec une \u00e9l\u00e9gance discr\u00e8te et contemporaine<\/p>\n","protected":false},"author":2,"featured_media":18281,"parent":0,"menu_order":0,"comment_status":"closed","ping_status":"closed","template":"","meta":{"footnotes":""},"class_list":["post-24499","page","type-page","status-publish","has-post-thumbnail","hentry"],"_links":{"self":[{"href":"https:\/\/www.epaunova.com\/fr\/wp-json\/wp\/v2\/pages\/24499","targetHints":{"allow":["GET"]}}],"collection":[{"href":"https:\/\/www.epaunova.com\/fr\/wp-json\/wp\/v2\/pages"}],"about":[{"href":"https:\/\/www.epaunova.com\/fr\/wp-json\/wp\/v2\/types\/page"}],"author":[{"embeddable":true,"href":"https:\/\/www.epaunova.com\/fr\/wp-json\/wp\/v2\/users\/2"}],"replies":[{"embeddable":true,"href":"https:\/\/www.epaunova.com\/fr\/wp-json\/wp\/v2\/comments?post=24499"}],"version-history":[{"count":0,"href":"https:\/\/www.epaunova.com\/fr\/wp-json\/wp\/v2\/pages\/24499\/revisions"}],"wp:featuredmedia":[{"embeddable":true,"href":"https:\/\/www.epaunova.com\/fr\/wp-json\/wp\/v2\/media\/18281"}],"wp:attachment":[{"href":"https:\/\/www.epaunova.com\/fr\/wp-json\/wp\/v2\/media?parent=24499"}],"curies":[{"name":"wp","href":"https:\/\/api.w.org\/{rel}","templated":true}]}}